{"id":230,"date":"2017-08-20T11:32:39","date_gmt":"2017-08-20T09:32:39","guid":{"rendered":"http:\/\/www.franciskani.si\/zbf\/?post_type=product&#038;p=230"},"modified":"2021-01-05T07:52:59","modified_gmt":"2021-01-05T06:52:59","slug":"modrost-o-ljubezni","status":"publish","type":"product","link":"https:\/\/www.franciskani.si\/zbf\/izdelek\/modrost-o-ljubezni\/","title":{"rendered":"Modrost o ljubezni"},"content":{"rendered":"<p><strong>RAZPRODANO!<\/strong><\/p>\n<p><strong>Edvard Kova\u010d OFM<\/strong><\/p>\n<p>Ljubljana, 2000<\/p>\n<p>Prva zbirka esejev Ro\u017ean\u010devega nagrajenca za leto 2000 &#8211; dobil jo je za zbirko Oddaljena bli\u017eina &#8211; izhaja v predelani in raz\u0161irjeni izdaji. V duhu L\u00e9vinasovega personalizma analizira ne le nekatera Ro\u017ean\u010deva dela, ampak tudi mesto filozofije kot take v dana\u0161njem svetu. Razkrinkava malike in se odlo\u010da za ikono, ki je prava pot k Bogu. Njegova prva skrb je s spo\u0161tovanjem do drugega in Drugega utemeljiti eti\u010dni odnos in privesti bralca do hrepenenja po pravi modrosti. Iz knjige veje tudi duh sv. Fran\u010di\u0161ka Asi\u0161kega, katerega redu avtor kot fran\u010di\u0161kan pripada.<\/p>\n<p>Format: 128 str., 20 cm, bro\u0161irano<\/p>\n<p>ISBN 961-6326-12-04<\/p>\n","protected":false},"excerpt":{"rendered":"<p>RAZPRODANO! Edvard Kova\u010d OFM Ljubljana, 2000 Prva zbirka esejev Ro\u017ean\u010devega nagrajenca za leto 2000 &#8211; dobil jo je za zbirko Oddaljena bli\u017eina &#8211; izhaja v predelani in raz\u0161irjeni izdaji. V duhu L\u00e9vinasovega personalizma analizira ne le nekatera Ro\u017ean\u010deva dela, ampak tudi mesto filozofije kot take v dana\u0161njem svetu. Razkrinkava malike in se odlo\u010da za ikono, [&hellip;]<\/p>\n","protected":false},"featured_media":231,"comment_status":"open","ping_status":"closed","template":"","meta":[],"product_brand":[],"product_cat":[117,30],"product_tag":[69],"class_list":{"0":"post-230","1":"product","2":"type-product","3":"status-publish","4":"has-post-thumbnail","6":"product_cat-razprodano","7":"product_cat-sinodi-naproti","8":"product_tag-edvard-kovac-ofm","10":"first","11":"outofstock","12":"taxable","13":"shipping-taxable","14":"purchasable","15":"product-type-simple"},"_links":{"self":[{"href":"https:\/\/www.franciskani.si\/zbf\/wp-json\/wp\/v2\/product\/230","targetHints":{"allow":["GET"]}}],"collection":[{"href":"https:\/\/www.franciskani.si\/zbf\/wp-json\/wp\/v2\/product"}],"about":[{"href":"https:\/\/www.franciskani.si\/zbf\/wp-json\/wp\/v2\/types\/product"}],"replies":[{"embeddable":true,"href":"https:\/\/www.franciskani.si\/zbf\/wp-json\/wp\/v2\/comments?post=230"}],"wp:featuredmedia":[{"embeddable":true,"href":"https:\/\/www.franciskani.si\/zbf\/wp-json\/wp\/v2\/media\/231"}],"wp:attachment":[{"href":"https:\/\/www.franciskani.si\/zbf\/wp-json\/wp\/v2\/media?parent=230"}],"wp:term":[{"taxonomy":"product_brand","embeddable":true,"href":"https:\/\/www.franciskani.si\/zbf\/wp-json\/wp\/v2\/product_brand?post=230"},{"taxonomy":"product_cat","embeddable":true,"href":"https:\/\/www.franciskani.si\/zbf\/wp-json\/wp\/v2\/product_cat?post=230"},{"taxonomy":"product_tag","embeddable":true,"href":"https:\/\/www.franciskani.si\/zbf\/wp-json\/wp\/v2\/product_tag?post=230"}],"curies":[{"name":"wp","href":"https:\/\/api.w.org\/{rel}","templated":true}]}}