{"id":232,"date":"2017-08-20T11:34:15","date_gmt":"2017-08-20T09:34:15","guid":{"rendered":"http:\/\/www.franciskani.si\/zbf\/?post_type=product&#038;p=232"},"modified":"2017-08-20T11:34:15","modified_gmt":"2017-08-20T09:34:15","slug":"sluzba-zupnika-bozjemu-ljudstvu","status":"publish","type":"product","link":"https:\/\/www.franciskani.si\/zbf\/izdelek\/sluzba-zupnika-bozjemu-ljudstvu\/","title":{"rendered":"Slu\u017eba \u017eupnika bo\u017ejemu ljudstvu"},"content":{"rendered":"<p><strong>Viktor Pape\u017e OFM<\/strong><\/p>\n<p>Ljubljana, 2002<\/p>\n<p>Avtor, profesor cerkvenega prava na rimski fran\u010di\u0161kanski univerzi, najprej obdela pojem \u017eupnije in predstavi njene razli\u010dne tipe. Potem spregovori o \u017eupniku kot odgovorni osebi in voditelju \u017eupnije. Tu morda ni odve\u010d kratka opomba, da ni vsak duhovnik kar sam po sebi \u017ee tudi \u017eupnik, ampak le tisti, ki mu \u0161kof zaupa skrb za neko \u017eupnijo. Postopoma nato obdela razli\u010dne slu\u017ebe, ki jih \u017eupnik opravlja v \u017eupniji, zlasti oznanjevalno, posve\u010devalno in pastirsko. Poka\u017ee tudi na razloge za prenehanje \u017eupnijske slu\u017ebe. Knjiga bo zagotovo koristna najprej \u017eupnikom, saj daje dokaj podrobne nasvete in podaja pravna dolo\u010dila glede njihove slu\u017ebe, saj je nekak\u0161en \u017eupni\u0161ki vademecum; zanimala pa bo tudi druge duhovnike in sploh ljudi, ki prihajajo v stik z \u017eupniki.<\/p>\n<p>Format: 200 str., 20 cm x 12,5 cm, bro\u0161irano<\/p>\n<p>ISBN 961-6326-24-4<\/p>\n","protected":false},"excerpt":{"rendered":"<p>Viktor Pape\u017e OFM Ljubljana, 2002 Avtor, profesor cerkvenega prava na rimski fran\u010di\u0161kanski univerzi, najprej obdela pojem \u017eupnije in predstavi njene razli\u010dne tipe. Potem spregovori o \u017eupniku kot odgovorni osebi in voditelju \u017eupnije. Tu morda ni odve\u010d kratka opomba, da ni vsak duhovnik kar sam po sebi \u017ee tudi \u017eupnik, ampak le tisti, ki mu \u0161kof [&hellip;]<\/p>\n","protected":false},"featured_media":233,"comment_status":"open","ping_status":"closed","template":"","meta":[],"product_brand":[],"product_cat":[30],"product_tag":[68],"class_list":{"0":"post-232","1":"product","2":"type-product","3":"status-publish","4":"has-post-thumbnail","6":"product_cat-sinodi-naproti","7":"product_tag-viktor-papez-ofm","9":"first","10":"instock","11":"taxable","12":"shipping-taxable","13":"purchasable","14":"product-type-simple"},"_links":{"self":[{"href":"https:\/\/www.franciskani.si\/zbf\/wp-json\/wp\/v2\/product\/232","targetHints":{"allow":["GET"]}}],"collection":[{"href":"https:\/\/www.franciskani.si\/zbf\/wp-json\/wp\/v2\/product"}],"about":[{"href":"https:\/\/www.franciskani.si\/zbf\/wp-json\/wp\/v2\/types\/product"}],"replies":[{"embeddable":true,"href":"https:\/\/www.franciskani.si\/zbf\/wp-json\/wp\/v2\/comments?post=232"}],"wp:featuredmedia":[{"embeddable":true,"href":"https:\/\/www.franciskani.si\/zbf\/wp-json\/wp\/v2\/media\/233"}],"wp:attachment":[{"href":"https:\/\/www.franciskani.si\/zbf\/wp-json\/wp\/v2\/media?parent=232"}],"wp:term":[{"taxonomy":"product_brand","embeddable":true,"href":"https:\/\/www.franciskani.si\/zbf\/wp-json\/wp\/v2\/product_brand?post=232"},{"taxonomy":"product_cat","embeddable":true,"href":"https:\/\/www.franciskani.si\/zbf\/wp-json\/wp\/v2\/product_cat?post=232"},{"taxonomy":"product_tag","embeddable":true,"href":"https:\/\/www.franciskani.si\/zbf\/wp-json\/wp\/v2\/product_tag?post=232"}],"curies":[{"name":"wp","href":"https:\/\/api.w.org\/{rel}","templated":true}]}}