{"id":234,"date":"2017-08-20T11:35:22","date_gmt":"2017-08-20T09:35:22","guid":{"rendered":"http:\/\/www.franciskani.si\/zbf\/?post_type=product&#038;p=234"},"modified":"2017-08-20T11:35:22","modified_gmt":"2017-08-20T09:35:22","slug":"teoloska-spodbujanja","status":"publish","type":"product","link":"https:\/\/www.franciskani.si\/zbf\/izdelek\/teoloska-spodbujanja\/","title":{"rendered":"Teolo\u0161ka spodbujanja"},"content":{"rendered":"<p><strong>Bruno Koro\u0161ak OFM<\/strong><\/p>\n<p>Ljubljana, 2000<\/p>\n<p>Ob osemdesetletnici fran\u010di\u0161kanskega teologa Bruna Koro\u0161aka, profesorja na ve\u010d rimskih univerzah, je iz\u0161el \u0161opek njegovih teolo\u0161kih razprav, s katerimi je \u017eelel spodbuditi tudi razmi\u0161ljanje ob slovenski sinodi, \u0161e posebej, kar zadeva prakso zakramentov in gledanje na ve\u010dno \u017eivljenje.<\/p>\n<p>Zanimivo in v\u010dasih tudi izzivalno branje, ki se ne obra\u010da samo na teologe.<\/p>\n<p>Format: 12,5&#215;20, 128 str.<\/p>\n<p>ISBN 961-6326-08-2<\/p>\n","protected":false},"excerpt":{"rendered":"<p>Bruno Koro\u0161ak OFM Ljubljana, 2000 Ob osemdesetletnici fran\u010di\u0161kanskega teologa Bruna Koro\u0161aka, profesorja na ve\u010d rimskih univerzah, je iz\u0161el \u0161opek njegovih teolo\u0161kih razprav, s katerimi je \u017eelel spodbuditi tudi razmi\u0161ljanje ob slovenski sinodi, \u0161e posebej, kar zadeva prakso zakramentov in gledanje na ve\u010dno \u017eivljenje. Zanimivo in v\u010dasih tudi izzivalno branje, ki se ne obra\u010da samo na [&hellip;]<\/p>\n","protected":false},"featured_media":235,"comment_status":"open","ping_status":"closed","template":"","meta":[],"product_brand":[],"product_cat":[30],"product_tag":[62],"class_list":{"0":"post-234","1":"product","2":"type-product","3":"status-publish","4":"has-post-thumbnail","6":"product_cat-sinodi-naproti","7":"product_tag-bruno-korosak-ofm","9":"first","10":"instock","11":"taxable","12":"shipping-taxable","13":"purchasable","14":"product-type-simple"},"_links":{"self":[{"href":"https:\/\/www.franciskani.si\/zbf\/wp-json\/wp\/v2\/product\/234","targetHints":{"allow":["GET"]}}],"collection":[{"href":"https:\/\/www.franciskani.si\/zbf\/wp-json\/wp\/v2\/product"}],"about":[{"href":"https:\/\/www.franciskani.si\/zbf\/wp-json\/wp\/v2\/types\/product"}],"replies":[{"embeddable":true,"href":"https:\/\/www.franciskani.si\/zbf\/wp-json\/wp\/v2\/comments?post=234"}],"wp:featuredmedia":[{"embeddable":true,"href":"https:\/\/www.franciskani.si\/zbf\/wp-json\/wp\/v2\/media\/235"}],"wp:attachment":[{"href":"https:\/\/www.franciskani.si\/zbf\/wp-json\/wp\/v2\/media?parent=234"}],"wp:term":[{"taxonomy":"product_brand","embeddable":true,"href":"https:\/\/www.franciskani.si\/zbf\/wp-json\/wp\/v2\/product_brand?post=234"},{"taxonomy":"product_cat","embeddable":true,"href":"https:\/\/www.franciskani.si\/zbf\/wp-json\/wp\/v2\/product_cat?post=234"},{"taxonomy":"product_tag","embeddable":true,"href":"https:\/\/www.franciskani.si\/zbf\/wp-json\/wp\/v2\/product_tag?post=234"}],"curies":[{"name":"wp","href":"https:\/\/api.w.org\/{rel}","templated":true}]}}