{"id":242,"date":"2017-08-20T11:43:29","date_gmt":"2017-08-20T09:43:29","guid":{"rendered":"http:\/\/www.franciskani.si\/zbf\/?post_type=product&#038;p=242"},"modified":"2017-08-25T22:44:14","modified_gmt":"2017-08-25T20:44:14","slug":"poskusiva-znova","status":"publish","type":"product","link":"https:\/\/www.franciskani.si\/zbf\/izdelek\/poskusiva-znova\/","title":{"rendered":"Poskusiva znova"},"content":{"rendered":"<p><strong>Christian Goste\u010dnik OFM<\/strong><\/p>\n<p>Ljubljana, 2001<\/p>\n<p>Delo dr. Christiana Goste\u010dnika &#8220;Poskusiva znova&#8221; smo v na\u0161em prostoru \u017ee dolgo pogre\u0161ali. V njej avtor iz\u010drpno razdeluje partnerske odnose, njihovo dinamiko in predvsem razloge zakaj se odnos lahko razvija v smer odtujevanja in konflikta. Neposredno in z veliko mero pristnosti opisuje zakonsko problematiko v vsej njeni kompleksnosti in pogubnih u\u010dinkih, ki jih ima razdiralen in odtujen odnos med partnerjema tako na psihi\u010dno in fizi\u010dno zdravje vsakega izmed njiju kot tudi na otroke, ki \u017eivijo v bole\u010dem in zastra\u0161ujo\u010dem vzdu\u0161ju.<\/p>\n<p>Najpomembnej\u0161i doprinos tega dela pa je optimisti\u010dna in znanstveno podprta vizija razre\u0161itve na videz nere\u0161ljivih portislovij partnerskega odnosa. Temeljna vizija knjige je namre\u010d, da je partnerski odnos edini odnos, ki lahko, \u010de se izkoplje iz ponavljanja vedno enih in istih travm, postane odnos medsebojnega zdravljenja. V drugem delu knjige tako prevladuje tematika razre\u0161evanja in ponovnega vzpostavljanja odnosa med partnerjema po bole\u010dih izku\u0161njah, kot so izvenzakonsko razmerje, psihi\u010dni zlomi, \u010dustvena zloraba, \u010dustvena lo\u010denost, depresija idr. Avtor ne ponuja hitrih re\u0161itev in poceni receptov, ampak bogato in znanstveno ter klini\u010dno podprto realno podobo odnosov kot prostora osebne rasti in sprejemanja odgovornosti za lastno \u017eivljenje ter soo\u010danja s psihi\u010dno realnostjo posameznikovega notranjega sveta.<\/p>\n<p>Format: 344 str., 20,5 x 14 cm, trdo vezano<\/p>\n<p>ISBN 961-6326-18-X<\/p>\n<p>RAZPRODANO!<\/p>\n","protected":false},"excerpt":{"rendered":"<p>Christian Goste\u010dnik OFM Ljubljana, 2001 Delo dr. Christiana Goste\u010dnika &#8220;Poskusiva znova&#8221; smo v na\u0161em prostoru \u017ee dolgo pogre\u0161ali. V njej avtor iz\u010drpno razdeluje partnerske odnose, njihovo dinamiko in predvsem razloge zakaj se odnos lahko razvija v smer odtujevanja in konflikta. Neposredno in z veliko mero pristnosti opisuje zakonsko problematiko v vsej njeni kompleksnosti in pogubnih [&hellip;]<\/p>\n","protected":false},"featured_media":243,"comment_status":"open","ping_status":"closed","template":"","meta":[],"product_brand":[],"product_cat":[34,117],"product_tag":[72],"class_list":{"0":"post-242","1":"product","2":"type-product","3":"status-publish","4":"has-post-thumbnail","6":"product_cat-krik-po-odnosu","7":"product_cat-razprodano","8":"product_tag-christian-gostecnik-ofm","10":"first","11":"outofstock","12":"taxable","13":"shipping-taxable","14":"purchasable","15":"product-type-simple"},"_links":{"self":[{"href":"https:\/\/www.franciskani.si\/zbf\/wp-json\/wp\/v2\/product\/242","targetHints":{"allow":["GET"]}}],"collection":[{"href":"https:\/\/www.franciskani.si\/zbf\/wp-json\/wp\/v2\/product"}],"about":[{"href":"https:\/\/www.franciskani.si\/zbf\/wp-json\/wp\/v2\/types\/product"}],"replies":[{"embeddable":true,"href":"https:\/\/www.franciskani.si\/zbf\/wp-json\/wp\/v2\/comments?post=242"}],"wp:featuredmedia":[{"embeddable":true,"href":"https:\/\/www.franciskani.si\/zbf\/wp-json\/wp\/v2\/media\/243"}],"wp:attachment":[{"href":"https:\/\/www.franciskani.si\/zbf\/wp-json\/wp\/v2\/media?parent=242"}],"wp:term":[{"taxonomy":"product_brand","embeddable":true,"href":"https:\/\/www.franciskani.si\/zbf\/wp-json\/wp\/v2\/product_brand?post=242"},{"taxonomy":"product_cat","embeddable":true,"href":"https:\/\/www.franciskani.si\/zbf\/wp-json\/wp\/v2\/product_cat?post=242"},{"taxonomy":"product_tag","embeddable":true,"href":"https:\/\/www.franciskani.si\/zbf\/wp-json\/wp\/v2\/product_tag?post=242"}],"curies":[{"name":"wp","href":"https:\/\/api.w.org\/{rel}","templated":true}]}}