{"id":244,"date":"2017-08-20T11:44:46","date_gmt":"2017-08-20T09:44:46","guid":{"rendered":"http:\/\/www.franciskani.si\/zbf\/?post_type=product&#038;p=244"},"modified":"2022-11-01T17:08:10","modified_gmt":"2022-11-01T16:08:10","slug":"srecal-sem-svojo-druzino-ii","status":"publish","type":"product","link":"https:\/\/www.franciskani.si\/zbf\/izdelek\/srecal-sem-svojo-druzino-ii\/","title":{"rendered":"Sre\u010dal sem svojo dru\u017eino II"},"content":{"rendered":"<p><strong>Christian Goste\u010dnik OFM<\/strong><\/p>\n<p>Ljubljana, 2003<\/p>\n<p>Prvi del je naletel na izredno ugoden sprejem pri bralstvu, zato se je avtor odlo\u010dil z rahlo spremenjenim pristopom znova nagovoriti bralstvo. \u010ce so bili v prvem delu prikazani razni modeli dru\u017eine, pa drugi del vstopi v njene bole\u010de predele, v pogosto prikrivano prostorje nasilja, odvisnosti, stisk in zlorab. Slednji\u010d prika\u017ee \u0161e soo\u010denje z \u017ealostjo ob odhajanju in smrti. Upa si nasloviti tudi najbolj bole\u010da stanja v dru\u017eini. To pa le zato, ker zmore pokazati tudi na prvine re\u0161itve. Dru\u017einskih \u010dlanov no\u010de pustiti v brezizhodnosti njihovega polo\u017eaja, ampak jim ka\u017ee mo\u017eno pot iz stiske.<\/p>\n<p>Format: 440 str., 20 cm, trda vezava<\/p>\n<p>ISBN 961-6326-31-7<\/p>\n","protected":false},"excerpt":{"rendered":"<p>Christian Goste\u010dnik OFM Ljubljana, 2003 Prvi del je naletel na izredno ugoden sprejem pri bralstvu, zato se je avtor odlo\u010dil z rahlo spremenjenim pristopom znova nagovoriti bralstvo. \u010ce so bili v prvem delu prikazani razni modeli dru\u017eine, pa drugi del vstopi v njene bole\u010de predele, v pogosto prikrivano prostorje nasilja, odvisnosti, stisk in zlorab. Slednji\u010d [&hellip;]<\/p>\n","protected":false},"featured_media":245,"comment_status":"open","ping_status":"closed","template":"","meta":[],"product_brand":[],"product_cat":[34],"product_tag":[72],"class_list":{"0":"post-244","1":"product","2":"type-product","3":"status-publish","4":"has-post-thumbnail","6":"product_cat-krik-po-odnosu","7":"product_tag-christian-gostecnik-ofm","9":"first","10":"instock","11":"sale","12":"taxable","13":"shipping-taxable","14":"purchasable","15":"product-type-simple"},"_links":{"self":[{"href":"https:\/\/www.franciskani.si\/zbf\/wp-json\/wp\/v2\/product\/244","targetHints":{"allow":["GET"]}}],"collection":[{"href":"https:\/\/www.franciskani.si\/zbf\/wp-json\/wp\/v2\/product"}],"about":[{"href":"https:\/\/www.franciskani.si\/zbf\/wp-json\/wp\/v2\/types\/product"}],"replies":[{"embeddable":true,"href":"https:\/\/www.franciskani.si\/zbf\/wp-json\/wp\/v2\/comments?post=244"}],"wp:featuredmedia":[{"embeddable":true,"href":"https:\/\/www.franciskani.si\/zbf\/wp-json\/wp\/v2\/media\/245"}],"wp:attachment":[{"href":"https:\/\/www.franciskani.si\/zbf\/wp-json\/wp\/v2\/media?parent=244"}],"wp:term":[{"taxonomy":"product_brand","embeddable":true,"href":"https:\/\/www.franciskani.si\/zbf\/wp-json\/wp\/v2\/product_brand?post=244"},{"taxonomy":"product_cat","embeddable":true,"href":"https:\/\/www.franciskani.si\/zbf\/wp-json\/wp\/v2\/product_cat?post=244"},{"taxonomy":"product_tag","embeddable":true,"href":"https:\/\/www.franciskani.si\/zbf\/wp-json\/wp\/v2\/product_tag?post=244"}],"curies":[{"name":"wp","href":"https:\/\/api.w.org\/{rel}","templated":true}]}}