{"id":246,"date":"2017-08-20T11:47:07","date_gmt":"2017-08-20T09:47:07","guid":{"rendered":"http:\/\/www.franciskani.si\/zbf\/?post_type=product&#038;p=246"},"modified":"2017-08-20T23:54:33","modified_gmt":"2017-08-20T21:54:33","slug":"biti-mladostnikom-starsi","status":"publish","type":"product","link":"https:\/\/www.franciskani.si\/zbf\/izdelek\/biti-mladostnikom-starsi\/","title":{"rendered":"Biti mladostnikom star\u0161i"},"content":{"rendered":"<p><strong>FDI (C. Goste\u010dnik, M. Pahole, M. Ru\u017ei\u010d)<\/strong><\/p>\n<p>Ljubljana, 1999, druga, raz\u0161irjena izdaja 2000<\/p>\n<p>Mladostnik je kot ogledalo, ki zrcali nazaj v dru\u017eino vse tisto, kar se je v njej dogajalo ali se dogaja, in tudi vse tisto, kar je pogre\u0161al. V dru\u017eini se mladostnik u\u010di spoznavati, kdo je, kako se je treba sporazumevati, re\u0161evati probleme, izra\u017eati ob\u010dutke.<\/p>\n<p>Knjiga je napisana z namenom, da bi vsaj malo osvetlila kak\u0161en temen trenutek dvoma, nemo\u010di in hkrati dala podporo in pogum \u0161tevilnim star\u0161em, ki svoje star\u0161evsko poslanstvo \u017eivijo z najve\u010djo odgovornostjo in ljubeznijo. V drugi, raz\u0161irjeni izdaji so dodana poglavja o mestu odraslih v vzgojnem procesu in nekaj izku\u0161enj iz &#8220;\u0161ole za star\u0161e&#8221;.<\/p>\n<p>Format: 19&#215;22 cm, 210 str., bro\u0161irano<\/p>\n<p>ISBN 961-6326-04-X<\/p>\n<p>RAZPRODANO!<\/p>\n","protected":false},"excerpt":{"rendered":"<p>FDI (C. Goste\u010dnik, M. Pahole, M. Ru\u017ei\u010d) Ljubljana, 1999, druga, raz\u0161irjena izdaja 2000 Mladostnik je kot ogledalo, ki zrcali nazaj v dru\u017eino vse tisto, kar se je v njej dogajalo ali se dogaja, in tudi vse tisto, kar je pogre\u0161al. V dru\u017eini se mladostnik u\u010di spoznavati, kdo je, kako se je treba sporazumevati, re\u0161evati probleme, [&hellip;]<\/p>\n","protected":false},"featured_media":247,"comment_status":"open","ping_status":"closed","template":"","meta":[],"product_brand":[],"product_cat":[34,117],"product_tag":[],"class_list":{"0":"post-246","1":"product","2":"type-product","3":"status-publish","4":"has-post-thumbnail","6":"product_cat-krik-po-odnosu","7":"product_cat-razprodano","9":"first","10":"outofstock","11":"taxable","12":"shipping-taxable","13":"purchasable","14":"product-type-simple"},"_links":{"self":[{"href":"https:\/\/www.franciskani.si\/zbf\/wp-json\/wp\/v2\/product\/246","targetHints":{"allow":["GET"]}}],"collection":[{"href":"https:\/\/www.franciskani.si\/zbf\/wp-json\/wp\/v2\/product"}],"about":[{"href":"https:\/\/www.franciskani.si\/zbf\/wp-json\/wp\/v2\/types\/product"}],"replies":[{"embeddable":true,"href":"https:\/\/www.franciskani.si\/zbf\/wp-json\/wp\/v2\/comments?post=246"}],"wp:featuredmedia":[{"embeddable":true,"href":"https:\/\/www.franciskani.si\/zbf\/wp-json\/wp\/v2\/media\/247"}],"wp:attachment":[{"href":"https:\/\/www.franciskani.si\/zbf\/wp-json\/wp\/v2\/media?parent=246"}],"wp:term":[{"taxonomy":"product_brand","embeddable":true,"href":"https:\/\/www.franciskani.si\/zbf\/wp-json\/wp\/v2\/product_brand?post=246"},{"taxonomy":"product_cat","embeddable":true,"href":"https:\/\/www.franciskani.si\/zbf\/wp-json\/wp\/v2\/product_cat?post=246"},{"taxonomy":"product_tag","embeddable":true,"href":"https:\/\/www.franciskani.si\/zbf\/wp-json\/wp\/v2\/product_tag?post=246"}],"curies":[{"name":"wp","href":"https:\/\/api.w.org\/{rel}","templated":true}]}}