{"id":248,"date":"2017-08-20T11:48:26","date_gmt":"2017-08-20T09:48:26","guid":{"rendered":"http:\/\/www.franciskani.si\/zbf\/?post_type=product&#038;p=248"},"modified":"2017-08-21T00:04:24","modified_gmt":"2017-08-20T22:04:24","slug":"ne-grenite-svojih-otrok","status":"publish","type":"product","link":"https:\/\/www.franciskani.si\/zbf\/izdelek\/ne-grenite-svojih-otrok\/","title":{"rendered":"Ne grenite svojih otrok"},"content":{"rendered":"<p><strong>Christian Goste\u010dnik OFM<\/strong><\/p>\n<p>Ljubljana, 1998<\/p>\n<p>Avtor je v tem delu raziskal vlogo &#8220;gre\u0161nega kozla&#8221; zlasti v dru\u017einskih odnosih. Prikazal je vodilne psiholo\u0161ke teorije, ki obravnavajo &#8211; ve\u010dinoma le bolj mimogrede &#8211; ta tako pogosti vzorec odnosov. Sam ga je postavil v sredi\u0161\u010de te razprave, saj omogo\u010da, da z njim razlo\u017eimo marsikatero deviacijo. To dokazujejo tudi mnogi primeri iz njegove klini\u010dne prakse, ki so v knjigi predstavljeni. eprav je knjiga na nekaterih mestih zahtevnej\u0161a, bo lahko zelo koristila pastoralnim delavcem, saj \u010desa podobnega pri nas \u0161e nimamo.<\/p>\n<p>Format: 288 str, 20 cm, trda vezava.<\/p>\n<p>ISBN 961-90564-4-2<\/p>\n<p>RAZPRODANO!<\/p>\n","protected":false},"excerpt":{"rendered":"<p>Christian Goste\u010dnik OFM Ljubljana, 1998 Avtor je v tem delu raziskal vlogo &#8220;gre\u0161nega kozla&#8221; zlasti v dru\u017einskih odnosih. Prikazal je vodilne psiholo\u0161ke teorije, ki obravnavajo &#8211; ve\u010dinoma le bolj mimogrede &#8211; ta tako pogosti vzorec odnosov. Sam ga je postavil v sredi\u0161\u010de te razprave, saj omogo\u010da, da z njim razlo\u017eimo marsikatero deviacijo. To dokazujejo tudi [&hellip;]<\/p>\n","protected":false},"featured_media":249,"comment_status":"open","ping_status":"closed","template":"","meta":[],"product_brand":[],"product_cat":[34,117],"product_tag":[72],"class_list":{"0":"post-248","1":"product","2":"type-product","3":"status-publish","4":"has-post-thumbnail","6":"product_cat-krik-po-odnosu","7":"product_cat-razprodano","8":"product_tag-christian-gostecnik-ofm","10":"first","11":"outofstock","12":"taxable","13":"shipping-taxable","14":"product-type-simple"},"_links":{"self":[{"href":"https:\/\/www.franciskani.si\/zbf\/wp-json\/wp\/v2\/product\/248","targetHints":{"allow":["GET"]}}],"collection":[{"href":"https:\/\/www.franciskani.si\/zbf\/wp-json\/wp\/v2\/product"}],"about":[{"href":"https:\/\/www.franciskani.si\/zbf\/wp-json\/wp\/v2\/types\/product"}],"replies":[{"embeddable":true,"href":"https:\/\/www.franciskani.si\/zbf\/wp-json\/wp\/v2\/comments?post=248"}],"wp:featuredmedia":[{"embeddable":true,"href":"https:\/\/www.franciskani.si\/zbf\/wp-json\/wp\/v2\/media\/249"}],"wp:attachment":[{"href":"https:\/\/www.franciskani.si\/zbf\/wp-json\/wp\/v2\/media?parent=248"}],"wp:term":[{"taxonomy":"product_brand","embeddable":true,"href":"https:\/\/www.franciskani.si\/zbf\/wp-json\/wp\/v2\/product_brand?post=248"},{"taxonomy":"product_cat","embeddable":true,"href":"https:\/\/www.franciskani.si\/zbf\/wp-json\/wp\/v2\/product_cat?post=248"},{"taxonomy":"product_tag","embeddable":true,"href":"https:\/\/www.franciskani.si\/zbf\/wp-json\/wp\/v2\/product_tag?post=248"}],"curies":[{"name":"wp","href":"https:\/\/api.w.org\/{rel}","templated":true}]}}