{"id":250,"date":"2017-08-20T11:50:22","date_gmt":"2017-08-20T09:50:22","guid":{"rendered":"http:\/\/www.franciskani.si\/zbf\/?post_type=product&#038;p=250"},"modified":"2017-08-25T22:44:33","modified_gmt":"2017-08-25T20:44:33","slug":"psihoanaliza-in-religija","status":"publish","type":"product","link":"https:\/\/www.franciskani.si\/zbf\/izdelek\/psihoanaliza-in-religija\/","title":{"rendered":"Psihoanaliza in religija"},"content":{"rendered":"<p><strong>Christian Goste\u010dnik OFM<\/strong><\/p>\n<p>Ljubljana, 2000<\/p>\n<p>Ko je avstrijski Jud Sigmund Freud zasnoval psihoanalizo, pri tem ni skrival \u017eelje po tem, da bi presegel sleherno religijo in svetu dal namesto nje nekaj bolj\u0161ega, znanstvenega, sodobnega. Vendar pa se je v tem pokazala zlasti njegova nerazre\u0161ena travma iz otro\u0161tva, ki jo je do\u017eivljal ob nesposobnem o\u010detu in svojsko verni varu\u0161ki. V njem se je ponovno udejanjila mesijanska sanja \u010dlove\u0161ke (in posebej judovske) neodre\u0161enosti, ki je hotela odstaniti vse, kar je bilo dotlej svetega. Sodobna psihoanaliza ne hodi ve\u010d po Freudovih poteh glede pojmovanja religije, ampak jo sprejema kot pomemben element \u010dlovekovega bitja. Resda ne stopa na teolo\u0161ko podro\u010dje govora o Bogu, pa\u010d pa si upa brez strahu pred o\u010ditki neznanstvenosti in zaostalosti spregovoriti o \u010dlovekovih vzgibih za verovanje. Psihoanaliza tako sicer ne postane pomo\u017ena veda teologije, vendar pa s spo\u0161tovanjem obravnava skupna podro\u010dja.<\/p>\n<p>Format: 560 str., 20 cm, trda vezava<\/p>\n<p>ISBN 961-6326-07-4<\/p>\n","protected":false},"excerpt":{"rendered":"<p>Christian Goste\u010dnik OFM Ljubljana, 2000 Ko je avstrijski Jud Sigmund Freud zasnoval psihoanalizo, pri tem ni skrival \u017eelje po tem, da bi presegel sleherno religijo in svetu dal namesto nje nekaj bolj\u0161ega, znanstvenega, sodobnega. Vendar pa se je v tem pokazala zlasti njegova nerazre\u0161ena travma iz otro\u0161tva, ki jo je do\u017eivljal ob nesposobnem o\u010detu in [&hellip;]<\/p>\n","protected":false},"featured_media":251,"comment_status":"open","ping_status":"closed","template":"","meta":[],"product_brand":[],"product_cat":[34,117],"product_tag":[72],"class_list":{"0":"post-250","1":"product","2":"type-product","3":"status-publish","4":"has-post-thumbnail","6":"product_cat-krik-po-odnosu","7":"product_cat-razprodano","8":"product_tag-christian-gostecnik-ofm","10":"first","11":"outofstock","12":"taxable","13":"shipping-taxable","14":"purchasable","15":"product-type-simple"},"_links":{"self":[{"href":"https:\/\/www.franciskani.si\/zbf\/wp-json\/wp\/v2\/product\/250","targetHints":{"allow":["GET"]}}],"collection":[{"href":"https:\/\/www.franciskani.si\/zbf\/wp-json\/wp\/v2\/product"}],"about":[{"href":"https:\/\/www.franciskani.si\/zbf\/wp-json\/wp\/v2\/types\/product"}],"replies":[{"embeddable":true,"href":"https:\/\/www.franciskani.si\/zbf\/wp-json\/wp\/v2\/comments?post=250"}],"wp:featuredmedia":[{"embeddable":true,"href":"https:\/\/www.franciskani.si\/zbf\/wp-json\/wp\/v2\/media\/251"}],"wp:attachment":[{"href":"https:\/\/www.franciskani.si\/zbf\/wp-json\/wp\/v2\/media?parent=250"}],"wp:term":[{"taxonomy":"product_brand","embeddable":true,"href":"https:\/\/www.franciskani.si\/zbf\/wp-json\/wp\/v2\/product_brand?post=250"},{"taxonomy":"product_cat","embeddable":true,"href":"https:\/\/www.franciskani.si\/zbf\/wp-json\/wp\/v2\/product_cat?post=250"},{"taxonomy":"product_tag","embeddable":true,"href":"https:\/\/www.franciskani.si\/zbf\/wp-json\/wp\/v2\/product_tag?post=250"}],"curies":[{"name":"wp","href":"https:\/\/api.w.org\/{rel}","templated":true}]}}