{"id":262,"date":"2017-08-20T12:04:45","date_gmt":"2017-08-20T10:04:45","guid":{"rendered":"http:\/\/www.franciskani.si\/zbf\/?post_type=product&#038;p=262"},"modified":"2024-08-24T18:36:56","modified_gmt":"2024-08-24T16:36:56","slug":"ljubezen-umije-spomin","status":"publish","type":"product","link":"https:\/\/www.franciskani.si\/zbf\/izdelek\/ljubezen-umije-spomin\/","title":{"rendered":"Ljubezen umije spomin RAZPRODANO"},"content":{"rendered":"<p>RAZPRODANO<\/p>\n<p><strong>Katarina Kompan Erzar<\/strong><\/p>\n<p>Ljubljana, 2006<\/p>\n<p>Ni mogo\u010de biti \u010dlovek in biti nenavezan na drugega. Prav milost povezanosti in pripadanja je bistvo \u010dlovekove intime in najmo\u010dnej\u0161i impulz za pre\u017eivetje. Ko se \u010dlovek preda milosti odnosov, pa ne odkrije le pripadnosti, ampak tudi najgloblje rane svojega spomina. Bole\u010dina, ki jo odkrijemo ob ljudeh, ki jih imamo najraje, zahteva, da jo izgovorimo in odpremo pred drugim. Novi odnosi, v katere na ta na\u010din vstopamo, vodijo k preseganju obrambe in strahu pred bole\u010dino ter ustvarjajo varen medosebni prostor. \u0160ele Ljubezen, ki pozna bole\u010dino, postane tak\u0161en odnos, ki lahko ozdravi spomin.<\/p>\n<p>Format: 20 x 14 cm, trda vezava<\/p>\n<p>Obseg: 264 str.<\/p>\n<p>ISBN 978-961-6326-51-3<\/p>\n<p>Knjiga je iz\u0161la v sodelovanju s FDI in Celjsko Mohorjevo dru\u017ebo<\/p>\n","protected":false},"excerpt":{"rendered":"<p>RAZPRODANO Katarina Kompan Erzar Ljubljana, 2006 Ni mogo\u010de biti \u010dlovek in biti nenavezan na drugega. Prav milost povezanosti in pripadanja je bistvo \u010dlovekove intime in najmo\u010dnej\u0161i impulz za pre\u017eivetje. Ko se \u010dlovek preda milosti odnosov, pa ne odkrije le pripadnosti, ampak tudi najgloblje rane svojega spomina. Bole\u010dina, ki jo odkrijemo ob ljudeh, ki jih imamo [&hellip;]<\/p>\n","protected":false},"featured_media":263,"comment_status":"open","ping_status":"closed","template":"","meta":[],"product_brand":[],"product_cat":[35,117],"product_tag":[66],"class_list":{"0":"post-262","1":"product","2":"type-product","3":"status-publish","4":"has-post-thumbnail","6":"product_cat-monografije-fdi","7":"product_cat-razprodano","8":"product_tag-katarina-kompan-erzar","10":"first","11":"outofstock","12":"taxable","13":"shipping-taxable","14":"purchasable","15":"product-type-simple"},"_links":{"self":[{"href":"https:\/\/www.franciskani.si\/zbf\/wp-json\/wp\/v2\/product\/262","targetHints":{"allow":["GET"]}}],"collection":[{"href":"https:\/\/www.franciskani.si\/zbf\/wp-json\/wp\/v2\/product"}],"about":[{"href":"https:\/\/www.franciskani.si\/zbf\/wp-json\/wp\/v2\/types\/product"}],"replies":[{"embeddable":true,"href":"https:\/\/www.franciskani.si\/zbf\/wp-json\/wp\/v2\/comments?post=262"}],"wp:featuredmedia":[{"embeddable":true,"href":"https:\/\/www.franciskani.si\/zbf\/wp-json\/wp\/v2\/media\/263"}],"wp:attachment":[{"href":"https:\/\/www.franciskani.si\/zbf\/wp-json\/wp\/v2\/media?parent=262"}],"wp:term":[{"taxonomy":"product_brand","embeddable":true,"href":"https:\/\/www.franciskani.si\/zbf\/wp-json\/wp\/v2\/product_brand?post=262"},{"taxonomy":"product_cat","embeddable":true,"href":"https:\/\/www.franciskani.si\/zbf\/wp-json\/wp\/v2\/product_cat?post=262"},{"taxonomy":"product_tag","embeddable":true,"href":"https:\/\/www.franciskani.si\/zbf\/wp-json\/wp\/v2\/product_tag?post=262"}],"curies":[{"name":"wp","href":"https:\/\/api.w.org\/{rel}","templated":true}]}}