{"id":264,"date":"2017-08-20T12:05:50","date_gmt":"2017-08-20T10:05:50","guid":{"rendered":"http:\/\/www.franciskani.si\/zbf\/?post_type=product&#038;p=264"},"modified":"2017-11-06T09:33:40","modified_gmt":"2017-11-06T08:33:40","slug":"neustavljivo-hrepenenje","status":"publish","type":"product","link":"https:\/\/www.franciskani.si\/zbf\/izdelek\/neustavljivo-hrepenenje\/","title":{"rendered":"Neustavljivo hrepenenje"},"content":{"rendered":"<p><strong>RAZPRODANO!<\/strong><\/p>\n<p>&nbsp;<\/p>\n<p><strong>Christian Goste\u010dnik OFM<\/strong><\/p>\n<p>Ljubljana, 2006<\/p>\n<p>Relacijska dru\u017einska paradigma predpostavlja, da imata tako religiozni kot tudi nereligiozni \u010dlovek svoje psihi\u010dne razloge za vero oziroma nevero. Zato moramo tako v primeru religioznega kot tudi nereligioznega \u010dloveka nujno ugotoviti, v kak\u0161nega boga neverujo\u010di ne veruje oziroma v kak\u0161nega boga verujo\u010di veruje. Nereligiozna oseba namre\u010d ne veruje v boga, v katerega tudi religiozna ne bi verjela. Relacijska dru\u017einska paradigma tudi trdi, da \u010dlovek neustavljivo hrepeni po odnosu z drugim, po svetem, sakralnem in religioznem. Najgloblji del tega hrepenenja pa je ravno hrepenenje po Bogu, ki je vrojeno v samo naravo \u010dlove\u0161ke psihe in zato ne more biti zgolj iluzija.<\/p>\n<p>Format: 500 str., 20 x 14 cm, trda vezava<\/p>\n<p>ISBN 961-6326-46-5<\/p>\n","protected":false},"excerpt":{"rendered":"<p>RAZPRODANO! &nbsp; Christian Goste\u010dnik OFM Ljubljana, 2006 Relacijska dru\u017einska paradigma predpostavlja, da imata tako religiozni kot tudi nereligiozni \u010dlovek svoje psihi\u010dne razloge za vero oziroma nevero. Zato moramo tako v primeru religioznega kot tudi nereligioznega \u010dloveka nujno ugotoviti, v kak\u0161nega boga neverujo\u010di ne veruje oziroma v kak\u0161nega boga verujo\u010di veruje. Nereligiozna oseba namre\u010d ne veruje [&hellip;]<\/p>\n","protected":false},"featured_media":265,"comment_status":"open","ping_status":"closed","template":"","meta":[],"product_brand":[],"product_cat":[117],"product_tag":[72],"class_list":{"0":"post-264","1":"product","2":"type-product","3":"status-publish","4":"has-post-thumbnail","6":"product_cat-razprodano","7":"product_tag-christian-gostecnik-ofm","9":"first","10":"outofstock","11":"taxable","12":"shipping-taxable","13":"purchasable","14":"product-type-simple"},"_links":{"self":[{"href":"https:\/\/www.franciskani.si\/zbf\/wp-json\/wp\/v2\/product\/264","targetHints":{"allow":["GET"]}}],"collection":[{"href":"https:\/\/www.franciskani.si\/zbf\/wp-json\/wp\/v2\/product"}],"about":[{"href":"https:\/\/www.franciskani.si\/zbf\/wp-json\/wp\/v2\/types\/product"}],"replies":[{"embeddable":true,"href":"https:\/\/www.franciskani.si\/zbf\/wp-json\/wp\/v2\/comments?post=264"}],"wp:featuredmedia":[{"embeddable":true,"href":"https:\/\/www.franciskani.si\/zbf\/wp-json\/wp\/v2\/media\/265"}],"wp:attachment":[{"href":"https:\/\/www.franciskani.si\/zbf\/wp-json\/wp\/v2\/media?parent=264"}],"wp:term":[{"taxonomy":"product_brand","embeddable":true,"href":"https:\/\/www.franciskani.si\/zbf\/wp-json\/wp\/v2\/product_brand?post=264"},{"taxonomy":"product_cat","embeddable":true,"href":"https:\/\/www.franciskani.si\/zbf\/wp-json\/wp\/v2\/product_cat?post=264"},{"taxonomy":"product_tag","embeddable":true,"href":"https:\/\/www.franciskani.si\/zbf\/wp-json\/wp\/v2\/product_tag?post=264"}],"curies":[{"name":"wp","href":"https:\/\/api.w.org\/{rel}","templated":true}]}}