{"id":266,"date":"2017-08-20T12:06:50","date_gmt":"2017-08-20T10:06:50","guid":{"rendered":"http:\/\/www.franciskani.si\/zbf\/?post_type=product&#038;p=266"},"modified":"2017-11-06T09:38:01","modified_gmt":"2017-11-06T08:38:01","slug":"psihoanaliza-in-religiozno-izkustvo","status":"publish","type":"product","link":"https:\/\/www.franciskani.si\/zbf\/izdelek\/psihoanaliza-in-religiozno-izkustvo\/","title":{"rendered":"Psihoanaliza in religiozno izkustvo"},"content":{"rendered":"<p><strong>Christian Goste\u010dnik OFM<\/strong><\/p>\n<p>Ljubljana, 2005<\/p>\n<p>Za\u010dnimo z nekaj izjavami, ki so kar se da jasne:<\/p>\n<p>Freud je za\u010detnik psihoanalize in je s tem mo\u010dno zaznamoval ne le svoj, ampak tudi na\u0161 \u010das.<br \/>\nFreud je religijo pojmoval kot izraz nevroze, torej kot patologijo, od katere je dobro ozdraveti.<br \/>\nIn kaj lahko danes psihoanaliza pove o religiji, ko je naredila nekaj korakov naprej od Freuda?<br \/>\nKo se opre na eno svojih najnovej\u0161ih smeri, to je na relacijsko dru\u017einsko teorijo, odkrije, da je religioznost zapisana v samo \u010dlovekovo bistvo.<br \/>\nIn o tem govori ta knjiga. Vas mika, da bi jo za\u010deli brati?<\/p>\n<p>Format: 460 str., 20 x 14 cm, trda vezava<\/p>\n<p>ISBN 961-6326-45-7<\/p>\n","protected":false},"excerpt":{"rendered":"<p>Christian Goste\u010dnik OFM Ljubljana, 2005 Za\u010dnimo z nekaj izjavami, ki so kar se da jasne: Freud je za\u010detnik psihoanalize in je s tem mo\u010dno zaznamoval ne le svoj, ampak tudi na\u0161 \u010das. Freud je religijo pojmoval kot izraz nevroze, torej kot patologijo, od katere je dobro ozdraveti. In kaj lahko danes psihoanaliza pove o religiji, [&hellip;]<\/p>\n","protected":false},"featured_media":267,"comment_status":"open","ping_status":"closed","template":"","meta":[],"product_brand":[],"product_cat":[35],"product_tag":[72],"class_list":{"0":"post-266","1":"product","2":"type-product","3":"status-publish","4":"has-post-thumbnail","6":"product_cat-monografije-fdi","7":"product_tag-christian-gostecnik-ofm","9":"first","10":"instock","11":"sale","12":"taxable","13":"shipping-taxable","14":"purchasable","15":"product-type-simple"},"_links":{"self":[{"href":"https:\/\/www.franciskani.si\/zbf\/wp-json\/wp\/v2\/product\/266","targetHints":{"allow":["GET"]}}],"collection":[{"href":"https:\/\/www.franciskani.si\/zbf\/wp-json\/wp\/v2\/product"}],"about":[{"href":"https:\/\/www.franciskani.si\/zbf\/wp-json\/wp\/v2\/types\/product"}],"replies":[{"embeddable":true,"href":"https:\/\/www.franciskani.si\/zbf\/wp-json\/wp\/v2\/comments?post=266"}],"wp:featuredmedia":[{"embeddable":true,"href":"https:\/\/www.franciskani.si\/zbf\/wp-json\/wp\/v2\/media\/267"}],"wp:attachment":[{"href":"https:\/\/www.franciskani.si\/zbf\/wp-json\/wp\/v2\/media?parent=266"}],"wp:term":[{"taxonomy":"product_brand","embeddable":true,"href":"https:\/\/www.franciskani.si\/zbf\/wp-json\/wp\/v2\/product_brand?post=266"},{"taxonomy":"product_cat","embeddable":true,"href":"https:\/\/www.franciskani.si\/zbf\/wp-json\/wp\/v2\/product_cat?post=266"},{"taxonomy":"product_tag","embeddable":true,"href":"https:\/\/www.franciskani.si\/zbf\/wp-json\/wp\/v2\/product_tag?post=266"}],"curies":[{"name":"wp","href":"https:\/\/api.w.org\/{rel}","templated":true}]}}