{"id":268,"date":"2017-08-20T12:07:56","date_gmt":"2017-08-20T10:07:56","guid":{"rendered":"http:\/\/www.franciskani.si\/zbf\/?post_type=product&#038;p=268"},"modified":"2024-08-24T18:37:16","modified_gmt":"2024-08-24T16:37:16","slug":"relacijska-paradigma-in-travma","status":"publish","type":"product","link":"https:\/\/www.franciskani.si\/zbf\/izdelek\/relacijska-paradigma-in-travma\/","title":{"rendered":"Relacijska paradigma in travma RAZPRODANO"},"content":{"rendered":"<p>RAZPRODANO<\/p>\n<p>&nbsp;<\/p>\n<p><strong>Christian Goste\u010dnik OFM<\/strong><\/p>\n<p>Ljubljana, 2008<\/p>\n<p>Telo si vse zapomni, govori izklju\u010dno samo resnico, in kadar ne zmore ve\u010d sprejemati krutih in zlorabljajo\u010dih \u010dutenj, zboli. Bolezni so torej nenehna opozorila, da je treba nekaj korenito spremeniti, da je \u010das, da za\u010dnemo razmi\u0161ljati druga\u010de in poskrbimo zase. Poskrbeti za telo je torej bistveno, ker s tem poskrbimo za naj\u017elahtnej\u0161i tempelj, v katerem \u017eivimo in ki nas usmerja k sebi, k drugemu, v onstranstvo in k Bogu. Zato relacijska terapija prislu\u0161kuje telesu, ker telo nikoli ne utihne. Govori nam prek bole\u010din, prek temeljnih afektov in senzori\u010dnih vzgibov, ki so najmo\u010dnej\u0161a govorica telesa.<\/p>\n<p>ISBN 978-961-6326-72-8<\/p>\n<p>Format: 14,5 x 20,5 cm, trda vezava, 399 strani<\/p>\n","protected":false},"excerpt":{"rendered":"<p>RAZPRODANO &nbsp; Christian Goste\u010dnik OFM Ljubljana, 2008 Telo si vse zapomni, govori izklju\u010dno samo resnico, in kadar ne zmore ve\u010d sprejemati krutih in zlorabljajo\u010dih \u010dutenj, zboli. Bolezni so torej nenehna opozorila, da je treba nekaj korenito spremeniti, da je \u010das, da za\u010dnemo razmi\u0161ljati druga\u010de in poskrbimo zase. Poskrbeti za telo je torej bistveno, ker s [&hellip;]<\/p>\n","protected":false},"featured_media":269,"comment_status":"open","ping_status":"closed","template":"","meta":[],"product_brand":[],"product_cat":[35],"product_tag":[72],"class_list":{"0":"post-268","1":"product","2":"type-product","3":"status-publish","4":"has-post-thumbnail","6":"product_cat-monografije-fdi","7":"product_tag-christian-gostecnik-ofm","9":"first","10":"outofstock","11":"taxable","12":"shipping-taxable","13":"purchasable","14":"product-type-simple"},"_links":{"self":[{"href":"https:\/\/www.franciskani.si\/zbf\/wp-json\/wp\/v2\/product\/268","targetHints":{"allow":["GET"]}}],"collection":[{"href":"https:\/\/www.franciskani.si\/zbf\/wp-json\/wp\/v2\/product"}],"about":[{"href":"https:\/\/www.franciskani.si\/zbf\/wp-json\/wp\/v2\/types\/product"}],"replies":[{"embeddable":true,"href":"https:\/\/www.franciskani.si\/zbf\/wp-json\/wp\/v2\/comments?post=268"}],"wp:featuredmedia":[{"embeddable":true,"href":"https:\/\/www.franciskani.si\/zbf\/wp-json\/wp\/v2\/media\/269"}],"wp:attachment":[{"href":"https:\/\/www.franciskani.si\/zbf\/wp-json\/wp\/v2\/media?parent=268"}],"wp:term":[{"taxonomy":"product_brand","embeddable":true,"href":"https:\/\/www.franciskani.si\/zbf\/wp-json\/wp\/v2\/product_brand?post=268"},{"taxonomy":"product_cat","embeddable":true,"href":"https:\/\/www.franciskani.si\/zbf\/wp-json\/wp\/v2\/product_cat?post=268"},{"taxonomy":"product_tag","embeddable":true,"href":"https:\/\/www.franciskani.si\/zbf\/wp-json\/wp\/v2\/product_tag?post=268"}],"curies":[{"name":"wp","href":"https:\/\/api.w.org\/{rel}","templated":true}]}}