{"id":270,"date":"2017-08-20T12:09:15","date_gmt":"2017-08-20T10:09:15","guid":{"rendered":"http:\/\/www.franciskani.si\/zbf\/?post_type=product&#038;p=270"},"modified":"2022-11-01T17:07:41","modified_gmt":"2022-11-01T16:07:41","slug":"sistemske-teorije-in-praksa","status":"publish","type":"product","link":"https:\/\/www.franciskani.si\/zbf\/izdelek\/sistemske-teorije-in-praksa\/","title":{"rendered":"Sistemske teorije in praksa"},"content":{"rendered":"<p><strong>Christian Goste\u010dnik OFM<\/strong><\/p>\n<p>Ljubljana 2010<\/p>\n<p>Razli\u010dni dru\u017einski terapevtski modeli prika\u017eejo dru\u017eino v njeni funkcionalnosti, nefunkcionalnosti pa tudi patologiji, predvsem pa ori\u0161ejo na\u010dine, kako terapevtsko pristopiti k dolo\u010denemu simptomati\u010dnemu dru\u017einskemu sistemu. Vsak izmed teh modelov pristopa k dru\u017eini s svojskega vidika in zato lahko re\u010demo, da ti modeli sestavljajo sistemsko celoto, ki je vredna sistemati\u010dnega \u0161tudija.<\/p>\n<p>ISBN 978-961-6326-79-7<\/p>\n<p>Format: 14 x 20,5 cm, trda vezava, 368 strani<\/p>\n","protected":false},"excerpt":{"rendered":"<p>Christian Goste\u010dnik OFM Ljubljana 2010 Razli\u010dni dru\u017einski terapevtski modeli prika\u017eejo dru\u017eino v njeni funkcionalnosti, nefunkcionalnosti pa tudi patologiji, predvsem pa ori\u0161ejo na\u010dine, kako terapevtsko pristopiti k dolo\u010denemu simptomati\u010dnemu dru\u017einskemu sistemu. Vsak izmed teh modelov pristopa k dru\u017eini s svojskega vidika in zato lahko re\u010demo, da ti modeli sestavljajo sistemsko celoto, ki je vredna sistemati\u010dnega \u0161tudija. [&hellip;]<\/p>\n","protected":false},"featured_media":271,"comment_status":"open","ping_status":"closed","template":"","meta":[],"product_brand":[],"product_cat":[35],"product_tag":[72],"class_list":{"0":"post-270","1":"product","2":"type-product","3":"status-publish","4":"has-post-thumbnail","6":"product_cat-monografije-fdi","7":"product_tag-christian-gostecnik-ofm","9":"first","10":"instock","11":"sale","12":"taxable","13":"shipping-taxable","14":"purchasable","15":"product-type-simple"},"_links":{"self":[{"href":"https:\/\/www.franciskani.si\/zbf\/wp-json\/wp\/v2\/product\/270","targetHints":{"allow":["GET"]}}],"collection":[{"href":"https:\/\/www.franciskani.si\/zbf\/wp-json\/wp\/v2\/product"}],"about":[{"href":"https:\/\/www.franciskani.si\/zbf\/wp-json\/wp\/v2\/types\/product"}],"replies":[{"embeddable":true,"href":"https:\/\/www.franciskani.si\/zbf\/wp-json\/wp\/v2\/comments?post=270"}],"wp:featuredmedia":[{"embeddable":true,"href":"https:\/\/www.franciskani.si\/zbf\/wp-json\/wp\/v2\/media\/271"}],"wp:attachment":[{"href":"https:\/\/www.franciskani.si\/zbf\/wp-json\/wp\/v2\/media?parent=270"}],"wp:term":[{"taxonomy":"product_brand","embeddable":true,"href":"https:\/\/www.franciskani.si\/zbf\/wp-json\/wp\/v2\/product_brand?post=270"},{"taxonomy":"product_cat","embeddable":true,"href":"https:\/\/www.franciskani.si\/zbf\/wp-json\/wp\/v2\/product_cat?post=270"},{"taxonomy":"product_tag","embeddable":true,"href":"https:\/\/www.franciskani.si\/zbf\/wp-json\/wp\/v2\/product_tag?post=270"}],"curies":[{"name":"wp","href":"https:\/\/api.w.org\/{rel}","templated":true}]}}