{"id":272,"date":"2017-08-20T12:12:08","date_gmt":"2017-08-20T10:12:08","guid":{"rendered":"http:\/\/www.franciskani.si\/zbf\/?post_type=product&#038;p=272"},"modified":"2021-02-10T10:41:08","modified_gmt":"2021-02-10T09:41:08","slug":"skrita-moc-druzine","status":"publish","type":"product","link":"https:\/\/www.franciskani.si\/zbf\/izdelek\/skrita-moc-druzine\/","title":{"rendered":"RAZPRODANO!! Skrita mo\u010d dru\u017eine"},"content":{"rendered":"<p><strong>RAZPRODANAO!!<\/strong><\/p>\n<p>&nbsp;<\/p>\n<p><strong>Lia Katarina Kompan Erzar<\/strong><\/p>\n<p>Ljubljana, 2004<\/p>\n<p>Vedno znova pravimo, da je dru\u017eina v dana\u0161njem svetu ogro\u017eena. Ogro\u017eamo pa jo tudi mi sami od znotraj. Avtorica nam v svojem delu poka\u017ee, kako lahko dru\u017eina sredi te ogro\u017eenosti prav v dobrih medsebojnih odnosih najde mo\u010d za kljubovanje vsem te\u017eavam. Dru\u017eina je nadalje okolje, kjer si vsakdo izoblikuje lastno identiteto. \u0160ele dobro razumevanje odnosov in \u010dustvenih zapletov dru\u017eine, iz katere posameznik izhaja, postane temelj njegove samostojnosti. Knjiga je napisana strokovno, vendar za resnega bralca ni prezahtevna.<\/p>\n<p>Iz predgovora, ki ga je napisal br. Michel Kuren: Mo\u017e in \u017eena, enaka in druga\u010dna hkrati, prineseta v dru\u017eino svoj &#8220;vrt&#8221;, izku\u0161njo \u017eivljenja, ki je njuna podoba in sli\u010dnost. Prineseta lastne dvome o sadu, ki ga je bolje pustiti &#8230; Skrita mo\u010d dru\u017eine izhaja iz temeljnega odnosa upo\u0161tevanja druga\u010dnosti partnerja. Odnos, ki ju ve\u017ee, je odnos odkrivanja, \u010dudenja in veselja ob druga\u010dnosti, ki ni gro\u017enja, ampak bogatenje. Otroci, sad tega odnosa, nosijo naprej odnose svojih star\u0161ev in prednikov. Odre\u0161ujejo jih strahu in bega pred sabo in drugim, predvsem pa pred Bogom, ki je druga\u010den par excellence. Ob glasu &#8220;Kje si?&#8221; se ne bo potrebno skriti, saj ne bo izzval nemira v du\u0161i, marve\u010d zaupen stik, ki ru\u0161i zidove strahu.<\/p>\n<p>Format: 20 x 14 cm, trda vezava<\/p>\n<p>Obseg: 240 str.<\/p>\n<p>ISBN 961-6326-32-5<\/p>\n","protected":false},"excerpt":{"rendered":"<p>RAZPRODANAO!! &nbsp; Lia Katarina Kompan Erzar Ljubljana, 2004 Vedno znova pravimo, da je dru\u017eina v dana\u0161njem svetu ogro\u017eena. Ogro\u017eamo pa jo tudi mi sami od znotraj. Avtorica nam v svojem delu poka\u017ee, kako lahko dru\u017eina sredi te ogro\u017eenosti prav v dobrih medsebojnih odnosih najde mo\u010d za kljubovanje vsem te\u017eavam. Dru\u017eina je nadalje okolje, kjer si [&hellip;]<\/p>\n","protected":false},"featured_media":273,"comment_status":"open","ping_status":"closed","template":"","meta":[],"product_brand":[],"product_cat":[35],"product_tag":[66],"class_list":{"0":"post-272","1":"product","2":"type-product","3":"status-publish","4":"has-post-thumbnail","6":"product_cat-monografije-fdi","7":"product_tag-katarina-kompan-erzar","9":"first","10":"outofstock","11":"taxable","12":"shipping-taxable","13":"purchasable","14":"product-type-simple"},"_links":{"self":[{"href":"https:\/\/www.franciskani.si\/zbf\/wp-json\/wp\/v2\/product\/272","targetHints":{"allow":["GET"]}}],"collection":[{"href":"https:\/\/www.franciskani.si\/zbf\/wp-json\/wp\/v2\/product"}],"about":[{"href":"https:\/\/www.franciskani.si\/zbf\/wp-json\/wp\/v2\/types\/product"}],"replies":[{"embeddable":true,"href":"https:\/\/www.franciskani.si\/zbf\/wp-json\/wp\/v2\/comments?post=272"}],"wp:featuredmedia":[{"embeddable":true,"href":"https:\/\/www.franciskani.si\/zbf\/wp-json\/wp\/v2\/media\/273"}],"wp:attachment":[{"href":"https:\/\/www.franciskani.si\/zbf\/wp-json\/wp\/v2\/media?parent=272"}],"wp:term":[{"taxonomy":"product_brand","embeddable":true,"href":"https:\/\/www.franciskani.si\/zbf\/wp-json\/wp\/v2\/product_brand?post=272"},{"taxonomy":"product_cat","embeddable":true,"href":"https:\/\/www.franciskani.si\/zbf\/wp-json\/wp\/v2\/product_cat?post=272"},{"taxonomy":"product_tag","embeddable":true,"href":"https:\/\/www.franciskani.si\/zbf\/wp-json\/wp\/v2\/product_tag?post=272"}],"curies":[{"name":"wp","href":"https:\/\/api.w.org\/{rel}","templated":true}]}}