{"id":274,"date":"2017-08-20T12:13:33","date_gmt":"2017-08-20T10:13:33","guid":{"rendered":"http:\/\/www.franciskani.si\/zbf\/?post_type=product&#038;p=274"},"modified":"2017-08-25T22:45:12","modified_gmt":"2017-08-25T20:45:12","slug":"sodobna-psihoanaliza","status":"publish","type":"product","link":"https:\/\/www.franciskani.si\/zbf\/izdelek\/sodobna-psihoanaliza\/","title":{"rendered":"Sodobna psihoanaliza"},"content":{"rendered":"<p><strong>Christian Goste\u010dnik OFM<\/strong><\/p>\n<p>Ljubljana, 2002<\/p>\n<p>Psihoanaliza je ena izmed najmlaj\u0161ih humanisti\u010dnih ved, ki je kljub vsej svoji mladostni zagnanosti \u017ee do\u017eivela temeljno menjavo paradigme. Freudova biolo\u0161ko determinirana psiholo\u0161ka paradigma se je izkazala za nezadostno ne samo zaradi svoje biolo\u0161ke determiniranosti, ampak predvsem zaradi temeljnega umankanja odnosa do sebe in drugega. Relacijska teorija v tem pogledu prina\u0161a radikalen preobrat v razumevanju \u010dlove\u0161ke psihe, saj predpostavlja, da se ta razvija in ohranja v relacijski matrici oziroma v temeljnem odnosu z drugim. V tej relacijski konfiguraciji poteka razvoj, v njej so vsebovani vsi boji in hrepenenja, ki postavljajo \u010dloveka v odnos do sebe in z drugim. \u010cloveka pa je v polnosti mo\u017eno razumeti \u0161ele v kontekstu dru\u017eine oziroma v relacijski prepletenosti, kakor jo predpostavlja celoten dru\u017einski sistem z vso svojo plasti\u010dnostjo in kompleksnostjo, zato je sistemsko relacijski model tudi zadnji in najbolj temeljit psihoanaliti\u010dni odgovor v razumevanju \u010dlove\u0161ke psihe.<\/p>\n<p>Format: 384 str., 20 x 14 cm, trda vezava<\/p>\n<p>ISBN 961-6326-22-8<\/p>\n<p>RAZPRODANO!<\/p>\n","protected":false},"excerpt":{"rendered":"<p>Christian Goste\u010dnik OFM Ljubljana, 2002 Psihoanaliza je ena izmed najmlaj\u0161ih humanisti\u010dnih ved, ki je kljub vsej svoji mladostni zagnanosti \u017ee do\u017eivela temeljno menjavo paradigme. Freudova biolo\u0161ko determinirana psiholo\u0161ka paradigma se je izkazala za nezadostno ne samo zaradi svoje biolo\u0161ke determiniranosti, ampak predvsem zaradi temeljnega umankanja odnosa do sebe in drugega. Relacijska teorija v tem pogledu [&hellip;]<\/p>\n","protected":false},"featured_media":275,"comment_status":"open","ping_status":"closed","template":"","meta":[],"product_brand":[],"product_cat":[35,117],"product_tag":[72],"class_list":{"0":"post-274","1":"product","2":"type-product","3":"status-publish","4":"has-post-thumbnail","6":"product_cat-monografije-fdi","7":"product_cat-razprodano","8":"product_tag-christian-gostecnik-ofm","10":"first","11":"outofstock","12":"taxable","13":"shipping-taxable","14":"purchasable","15":"product-type-simple"},"_links":{"self":[{"href":"https:\/\/www.franciskani.si\/zbf\/wp-json\/wp\/v2\/product\/274","targetHints":{"allow":["GET"]}}],"collection":[{"href":"https:\/\/www.franciskani.si\/zbf\/wp-json\/wp\/v2\/product"}],"about":[{"href":"https:\/\/www.franciskani.si\/zbf\/wp-json\/wp\/v2\/types\/product"}],"replies":[{"embeddable":true,"href":"https:\/\/www.franciskani.si\/zbf\/wp-json\/wp\/v2\/comments?post=274"}],"wp:featuredmedia":[{"embeddable":true,"href":"https:\/\/www.franciskani.si\/zbf\/wp-json\/wp\/v2\/media\/275"}],"wp:attachment":[{"href":"https:\/\/www.franciskani.si\/zbf\/wp-json\/wp\/v2\/media?parent=274"}],"wp:term":[{"taxonomy":"product_brand","embeddable":true,"href":"https:\/\/www.franciskani.si\/zbf\/wp-json\/wp\/v2\/product_brand?post=274"},{"taxonomy":"product_cat","embeddable":true,"href":"https:\/\/www.franciskani.si\/zbf\/wp-json\/wp\/v2\/product_cat?post=274"},{"taxonomy":"product_tag","embeddable":true,"href":"https:\/\/www.franciskani.si\/zbf\/wp-json\/wp\/v2\/product_tag?post=274"}],"curies":[{"name":"wp","href":"https:\/\/api.w.org\/{rel}","templated":true}]}}