{"id":276,"date":"2017-08-20T12:14:43","date_gmt":"2017-08-20T10:14:43","guid":{"rendered":"http:\/\/www.franciskani.si\/zbf\/?post_type=product&#038;p=276"},"modified":"2022-11-01T17:07:19","modified_gmt":"2022-11-01T16:07:19","slug":"govorica-telesa-v-psihoanalizi","status":"publish","type":"product","link":"https:\/\/www.franciskani.si\/zbf\/izdelek\/govorica-telesa-v-psihoanalizi\/","title":{"rendered":"Govorica telesa v psihoanalizi"},"content":{"rendered":"<p><strong>Christian Goste\u010dnik OFM<\/strong><\/p>\n<p>Ljubljana, 2012<\/p>\n<p>Humanisti\u010dne vede se v zadnjem \u010dasu vse bolj soo\u010dajo s temami o govorici \u010dlove\u0161kega telesa in z njim povezanega religioznega izkustva, saj telo najgloblje \u010duti sakralnost in celo Boga samega. V to areno je \u017ee od vsega za\u010detka stopila tudi psihoanaliza, ki je ena izmed najmlaj\u0161ih humanisti\u010dnih ved, a je kljub temu \u017ee do\u017eivela temeljno menjavo paradigme. Relacijska teorija v tem pogledu prina\u0161a radikalen preobrat od klasi\u010dne analize, saj razume telo kot instrument, v katerega so vtkane najbolj subtilne relacijske teme \u010dlove\u0161ke psiho-organske strukture, ter obenem predpostavlja, da se ta razvija in ohranja v relacijski matrici oziroma v temeljnem odnosu z drugim ter v religioznem izkustvu z Bogom. V tej relacijski konfiguraciji psiho-organskih medosebnih odnosov poteka razvoj v telesu, ki si vse zapomni, tu so vsebovani boji in hrepenenja, ki postavljajo \u010dloveka v odnos do sebe in z drugim.<\/p>\n<p>Format: 14 x 20,5 cm, trda vezava<\/p>\n<p>Obseg: 424 strani<\/p>\n<p>ISBN 978-961-6873-03-1<\/p>\n","protected":false},"excerpt":{"rendered":"<p>Christian Goste\u010dnik OFM Ljubljana, 2012 Humanisti\u010dne vede se v zadnjem \u010dasu vse bolj soo\u010dajo s temami o govorici \u010dlove\u0161kega telesa in z njim povezanega religioznega izkustva, saj telo najgloblje \u010duti sakralnost in celo Boga samega. V to areno je \u017ee od vsega za\u010detka stopila tudi psihoanaliza, ki je ena izmed najmlaj\u0161ih humanisti\u010dnih ved, a je [&hellip;]<\/p>\n","protected":false},"featured_media":277,"comment_status":"open","ping_status":"closed","template":"","meta":[],"product_brand":[],"product_cat":[35],"product_tag":[72],"class_list":{"0":"post-276","1":"product","2":"type-product","3":"status-publish","4":"has-post-thumbnail","6":"product_cat-monografije-fdi","7":"product_tag-christian-gostecnik-ofm","9":"first","10":"instock","11":"sale","12":"taxable","13":"shipping-taxable","14":"purchasable","15":"product-type-simple"},"_links":{"self":[{"href":"https:\/\/www.franciskani.si\/zbf\/wp-json\/wp\/v2\/product\/276","targetHints":{"allow":["GET"]}}],"collection":[{"href":"https:\/\/www.franciskani.si\/zbf\/wp-json\/wp\/v2\/product"}],"about":[{"href":"https:\/\/www.franciskani.si\/zbf\/wp-json\/wp\/v2\/types\/product"}],"replies":[{"embeddable":true,"href":"https:\/\/www.franciskani.si\/zbf\/wp-json\/wp\/v2\/comments?post=276"}],"wp:featuredmedia":[{"embeddable":true,"href":"https:\/\/www.franciskani.si\/zbf\/wp-json\/wp\/v2\/media\/277"}],"wp:attachment":[{"href":"https:\/\/www.franciskani.si\/zbf\/wp-json\/wp\/v2\/media?parent=276"}],"wp:term":[{"taxonomy":"product_brand","embeddable":true,"href":"https:\/\/www.franciskani.si\/zbf\/wp-json\/wp\/v2\/product_brand?post=276"},{"taxonomy":"product_cat","embeddable":true,"href":"https:\/\/www.franciskani.si\/zbf\/wp-json\/wp\/v2\/product_cat?post=276"},{"taxonomy":"product_tag","embeddable":true,"href":"https:\/\/www.franciskani.si\/zbf\/wp-json\/wp\/v2\/product_tag?post=276"}],"curies":[{"name":"wp","href":"https:\/\/api.w.org\/{rel}","templated":true}]}}