{"id":280,"date":"2017-08-22T12:21:41","date_gmt":"2017-08-22T10:21:41","guid":{"rendered":"http:\/\/www.franciskani.si\/zbf\/?post_type=product&#038;p=280"},"modified":"2017-11-06T09:12:36","modified_gmt":"2017-11-06T08:12:36","slug":"je-res-vsega-kriv-partner","status":"publish","type":"product","link":"https:\/\/www.franciskani.si\/zbf\/izdelek\/je-res-vsega-kriv-partner\/","title":{"rendered":"Je res vsega kriv partner?"},"content":{"rendered":"<p><strong>Christian Goste\u010dnik OFM<\/strong><\/p>\n<p>Vstop v odnos, zlasti zakonski, zahteva svobodo posameznika, ki se odlo\u010di, da bo v ta odnos investiral najbolj\u0161ega sebe in tam tudi vztrajal zaradi sebe, sodeloval in ustvarjal zaradi sebe, ker se je tako odlo\u010dil. Z vstopom v drugega in deljenjem intime se medsebojno gradita in postajata eno. S tem, ko vstopata drug drugemu v \u010dustveni svet in ustvarjata intimo, ko vstopata drug drugemu v telo, pa postajata podobna Bogu, ki ustvarja.<\/p>\n","protected":false},"excerpt":{"rendered":"<p>Christian Goste\u010dnik OFM Vstop v odnos, zlasti zakonski, zahteva svobodo posameznika, ki se odlo\u010di, da bo v ta odnos investiral najbolj\u0161ega sebe in tam tudi vztrajal zaradi sebe, sodeloval in ustvarjal zaradi sebe, ker se je tako odlo\u010dil. Z vstopom v drugega in deljenjem intime se medsebojno gradita in postajata eno. S tem, ko vstopata [&hellip;]<\/p>\n","protected":false},"featured_media":281,"comment_status":"open","ping_status":"closed","template":"","meta":[],"product_brand":[],"product_cat":[35],"product_tag":[72],"class_list":{"0":"post-280","1":"product","2":"type-product","3":"status-publish","4":"has-post-thumbnail","6":"product_cat-monografije-fdi","7":"product_tag-christian-gostecnik-ofm","9":"first","10":"instock","11":"taxable","12":"shipping-taxable","13":"purchasable","14":"product-type-simple"},"_links":{"self":[{"href":"https:\/\/www.franciskani.si\/zbf\/wp-json\/wp\/v2\/product\/280","targetHints":{"allow":["GET"]}}],"collection":[{"href":"https:\/\/www.franciskani.si\/zbf\/wp-json\/wp\/v2\/product"}],"about":[{"href":"https:\/\/www.franciskani.si\/zbf\/wp-json\/wp\/v2\/types\/product"}],"replies":[{"embeddable":true,"href":"https:\/\/www.franciskani.si\/zbf\/wp-json\/wp\/v2\/comments?post=280"}],"wp:featuredmedia":[{"embeddable":true,"href":"https:\/\/www.franciskani.si\/zbf\/wp-json\/wp\/v2\/media\/281"}],"wp:attachment":[{"href":"https:\/\/www.franciskani.si\/zbf\/wp-json\/wp\/v2\/media?parent=280"}],"wp:term":[{"taxonomy":"product_brand","embeddable":true,"href":"https:\/\/www.franciskani.si\/zbf\/wp-json\/wp\/v2\/product_brand?post=280"},{"taxonomy":"product_cat","embeddable":true,"href":"https:\/\/www.franciskani.si\/zbf\/wp-json\/wp\/v2\/product_cat?post=280"},{"taxonomy":"product_tag","embeddable":true,"href":"https:\/\/www.franciskani.si\/zbf\/wp-json\/wp\/v2\/product_tag?post=280"}],"curies":[{"name":"wp","href":"https:\/\/api.w.org\/{rel}","templated":true}]}}