{"id":282,"date":"2017-08-20T12:22:51","date_gmt":"2017-08-20T10:22:51","guid":{"rendered":"http:\/\/www.franciskani.si\/zbf\/?post_type=product&#038;p=282"},"modified":"2017-11-06T09:36:08","modified_gmt":"2017-11-06T08:36:08","slug":"neprodirna-skrivnost-intime","status":"publish","type":"product","link":"https:\/\/www.franciskani.si\/zbf\/izdelek\/neprodirna-skrivnost-intime\/","title":{"rendered":"Neprodirna skrivnost intime"},"content":{"rendered":"<p><strong>Christian Goste\u010dnik OFM<\/strong><\/p>\n<p>Ljubljana, 2010<\/p>\n<p>Kar po navadi najbolj preseneti partnerje, je dejstvo, da se ravno tisto, kar sta drug od drugega najbolj \u017eelela, namre\u010d, da bo drugi uresni\u010dil vse najgloblje sanje in \u017eelje, ne bo zgodilo, ampak ravno nasprotno. Najve\u010dkrat postanejo sanje in hrepenenja nelgodna resni\u010dnost, ki je nista hotela niti pri\u010dakovala. S svojim vedenjem oziroma odnosom drug do drugega ne ustvarjata samo vzhi\u010denih, ne\u017enih inljube\u010dih odnosov intime, ampak si pred tem na novo prebudita vse najve\u010dje travme, bole\u010dine, razo\u010daranja in frustracije iz mladosti. Tu pa je sedaj dana mo\u017enost razre\u0161evanja; tokrat lahko poskusita znova, vendar z veliko mero so\u010dutja, razumevanja in v\u017eivljanja drug v drugega. Partnerstvo je zato verjetno eden izmed najbolj uspe\u0161nih na\u010dinov razre\u0161itve bole\u010dih zapletov iz mladosti.<\/p>\n<p>Knjiga govori o tem, kako naj partnerja pristopita k tej izredno vznemirljivi igri odnosov, ki tokrat obetajo druga\u010den konec, vendar le, \u010de se partnerja za to resni\u010dno odlo\u010dita. Bistveno temo, ki ji lahko sledimo skozi celotno knjigo, bi lahko povzeli v eni smi misli, in sicer, da je partnerski odnos vedno arena intime, v kateri se razre\u0161ujejo najpomembnej\u0161e teme, ob\u010dutja, afekti, ki so bili vzpostavljeni v odnosus star\u0161i v najzgodnej\u0161i mladosti in se tokrat na novo prebudijo z namennom, da se razre\u0161ijo. Zato je knjiga lahko v dragoceno pomo\u010d vsakomur, ki se podaja ali pa ki \u017ee hodi po poti partnerskega odnosa, in \u017eeli, da bi na tej poti na\u0161el sre\u010do tako zase kot za partnerja.<\/p>\n<p>Format: 14 x 20,5 cm, trda vezava,<\/p>\n<p>Obseg: 389 strani<\/p>\n<p>ISBN 978-961-6326-91-9<\/p>\n","protected":false},"excerpt":{"rendered":"<p>Christian Goste\u010dnik OFM Ljubljana, 2010 Kar po navadi najbolj preseneti partnerje, je dejstvo, da se ravno tisto, kar sta drug od drugega najbolj \u017eelela, namre\u010d, da bo drugi uresni\u010dil vse najgloblje sanje in \u017eelje, ne bo zgodilo, ampak ravno nasprotno. Najve\u010dkrat postanejo sanje in hrepenenja nelgodna resni\u010dnost, ki je nista hotela niti pri\u010dakovala. S svojim [&hellip;]<\/p>\n","protected":false},"featured_media":283,"comment_status":"open","ping_status":"closed","template":"","meta":[],"product_brand":[],"product_cat":[35,117],"product_tag":[72],"class_list":{"0":"post-282","1":"product","2":"type-product","3":"status-publish","4":"has-post-thumbnail","6":"product_cat-monografije-fdi","7":"product_cat-razprodano","8":"product_tag-christian-gostecnik-ofm","10":"first","11":"outofstock","12":"taxable","13":"shipping-taxable","14":"product-type-simple"},"_links":{"self":[{"href":"https:\/\/www.franciskani.si\/zbf\/wp-json\/wp\/v2\/product\/282","targetHints":{"allow":["GET"]}}],"collection":[{"href":"https:\/\/www.franciskani.si\/zbf\/wp-json\/wp\/v2\/product"}],"about":[{"href":"https:\/\/www.franciskani.si\/zbf\/wp-json\/wp\/v2\/types\/product"}],"replies":[{"embeddable":true,"href":"https:\/\/www.franciskani.si\/zbf\/wp-json\/wp\/v2\/comments?post=282"}],"wp:featuredmedia":[{"embeddable":true,"href":"https:\/\/www.franciskani.si\/zbf\/wp-json\/wp\/v2\/media\/283"}],"wp:attachment":[{"href":"https:\/\/www.franciskani.si\/zbf\/wp-json\/wp\/v2\/media?parent=282"}],"wp:term":[{"taxonomy":"product_brand","embeddable":true,"href":"https:\/\/www.franciskani.si\/zbf\/wp-json\/wp\/v2\/product_brand?post=282"},{"taxonomy":"product_cat","embeddable":true,"href":"https:\/\/www.franciskani.si\/zbf\/wp-json\/wp\/v2\/product_cat?post=282"},{"taxonomy":"product_tag","embeddable":true,"href":"https:\/\/www.franciskani.si\/zbf\/wp-json\/wp\/v2\/product_tag?post=282"}],"curies":[{"name":"wp","href":"https:\/\/api.w.org\/{rel}","templated":true}]}}