{"id":284,"date":"2017-08-20T12:24:30","date_gmt":"2017-08-20T10:24:30","guid":{"rendered":"http:\/\/www.franciskani.si\/zbf\/?post_type=product&#038;p=284"},"modified":"2017-08-25T22:51:34","modified_gmt":"2017-08-25T20:51:34","slug":"odkritje-odnosa","status":"publish","type":"product","link":"https:\/\/www.franciskani.si\/zbf\/izdelek\/odkritje-odnosa\/","title":{"rendered":"Odkritje odnosa"},"content":{"rendered":"<p><strong>Lia Katarina Kompan Erzar<\/strong><\/p>\n<p>Ljubljana, 2001<\/p>\n<p>Danes skoraj ne moremo verjeti, da so se preproste resnice o dru\u017eini in zakonu prebijale na plan po tolikih ovinkih. Da je dru\u017eina sistem odnosov, ki zaznamuje na\u0161o izbiro partnerja, na\u0161e vzorce \u010dustvovanja, na\u0161 odnos do otrok &#8211; to resnico lahko najbr\u017e sprejme vsak. Dosti te\u017eje pa sprejmemo resnico o svojih odnosih. Da moje besede \u017ealijo in poni\u017eujejo, da moj molk in \u010dustveni umik tebe prestra\u0161i, da se svojemu otroku nenehno dobrikam in kupujem njegovo naklonjenost &#8211; tega pa\u010d no\u010de sprejeti nih\u010de. Naj resnica o na\u0161ih in mojih odnosih ostane raje splo\u0161na resnica, naj ostane resnica za druge. Tem je treba odpreti o\u010di, ker ne vidijo ali no\u010dejo videti. V to zelo \u010dlove\u0161ko past se je za dolga desetletja ujela tudi psihoanaliza. Vedno znova smo presene\u010deni, ko beremo zgodovino psihoanalize, da to ni zgodovina \u0161ol, strokovnih zdru\u017eenj ali smeri, ampak zgodovina kolektivne samote in neverjetne osamljenosti. Koraki naprej so bili narejeni samo tam, kjer se je iskanje stika kon\u010dalo z odkritjem odnosa. Prav zato je pisanje te zgodovine te\u017eavno, osebno in tvegano. Njen predmet je iskanje stika in odkritje odnosa, ki ne pove\u017ee le dveh oseb, ampak tudi naju. Zato to ni samo knjiga o tveganju, ampak tudi knjiga o nama.<\/p>\n<p>Format: 20 x 14 cm, trda vezava<\/p>\n<p>Obseg: 232 str.<\/p>\n<p>ISBN 961-6326-17-1<\/p>\n<p>RAZPRODANO!<\/p>\n<p>Pripravljena je e-verzija v formatu PDF.<br \/>\n\u010ce se zanimate zanjo, nam sporo\u010dite! Trenutno je brezpla\u010dna.<\/p>\n","protected":false},"excerpt":{"rendered":"<p>Lia Katarina Kompan Erzar Ljubljana, 2001 Danes skoraj ne moremo verjeti, da so se preproste resnice o dru\u017eini in zakonu prebijale na plan po tolikih ovinkih. Da je dru\u017eina sistem odnosov, ki zaznamuje na\u0161o izbiro partnerja, na\u0161e vzorce \u010dustvovanja, na\u0161 odnos do otrok &#8211; to resnico lahko najbr\u017e sprejme vsak. Dosti te\u017eje pa sprejmemo resnico [&hellip;]<\/p>\n","protected":false},"featured_media":285,"comment_status":"open","ping_status":"closed","template":"","meta":[],"product_brand":[],"product_cat":[35,117],"product_tag":[66],"class_list":{"0":"post-284","1":"product","2":"type-product","3":"status-publish","4":"has-post-thumbnail","6":"product_cat-monografije-fdi","7":"product_cat-razprodano","8":"product_tag-katarina-kompan-erzar","10":"first","11":"outofstock","12":"taxable","13":"shipping-taxable","14":"purchasable","15":"product-type-simple"},"_links":{"self":[{"href":"https:\/\/www.franciskani.si\/zbf\/wp-json\/wp\/v2\/product\/284","targetHints":{"allow":["GET"]}}],"collection":[{"href":"https:\/\/www.franciskani.si\/zbf\/wp-json\/wp\/v2\/product"}],"about":[{"href":"https:\/\/www.franciskani.si\/zbf\/wp-json\/wp\/v2\/types\/product"}],"replies":[{"embeddable":true,"href":"https:\/\/www.franciskani.si\/zbf\/wp-json\/wp\/v2\/comments?post=284"}],"wp:featuredmedia":[{"embeddable":true,"href":"https:\/\/www.franciskani.si\/zbf\/wp-json\/wp\/v2\/media\/285"}],"wp:attachment":[{"href":"https:\/\/www.franciskani.si\/zbf\/wp-json\/wp\/v2\/media?parent=284"}],"wp:term":[{"taxonomy":"product_brand","embeddable":true,"href":"https:\/\/www.franciskani.si\/zbf\/wp-json\/wp\/v2\/product_brand?post=284"},{"taxonomy":"product_cat","embeddable":true,"href":"https:\/\/www.franciskani.si\/zbf\/wp-json\/wp\/v2\/product_cat?post=284"},{"taxonomy":"product_tag","embeddable":true,"href":"https:\/\/www.franciskani.si\/zbf\/wp-json\/wp\/v2\/product_tag?post=284"}],"curies":[{"name":"wp","href":"https:\/\/api.w.org\/{rel}","templated":true}]}}