{"id":286,"date":"2017-08-20T12:26:11","date_gmt":"2017-08-20T10:26:11","guid":{"rendered":"http:\/\/www.franciskani.si\/zbf\/?post_type=product&#038;p=286"},"modified":"2017-08-25T22:44:54","modified_gmt":"2017-08-25T20:44:54","slug":"relacijska-druzinska-terapija","status":"publish","type":"product","link":"https:\/\/www.franciskani.si\/zbf\/izdelek\/relacijska-druzinska-terapija\/","title":{"rendered":"Relacijska dru\u017einska terapija"},"content":{"rendered":"<p><strong>Christian Goste\u010dnik OFM<\/strong><\/p>\n<p>Ljubljana, 2004<br \/>\nDelo odpira doslej \u0161e nepoznano polje raziskovanja in znanstvenega razumevanja \u010dlove\u0161kih odnosov in njihovega vpliva na posameznikov razvoj. Knjiga nudi natan\u010den in znanstveno zelo natan\u010den prikaz integracije najnovej\u0161ih spoznanj relacijske psihologije in psihoterapije, ki temelji na globinskih afektivnih mehanizmih, ki jih je doslej poznala samo relacijska psihoanaliza. Temeljna pojma, ki avtorju omogo\u010data integracijo notranjepsihi\u010dnih mehanizmov z medosebnimi odnosi in sistemsko dinamiko sta pojma temeljnega afekta in afektivnega psihi\u010dnega konstrukta, ki opisujejo kompleksnost mre\u017ee in vzorcev odnosov, v katere je vpet posameznik. Relacijska dru\u017einska terapija sku\u0161a regulirati temeljni afekt, ki preveva vse odnose v njihovi nefunkcionalnosti in patolo\u0161kih vsebinah. Te vsebine potem postanejo zavezujo\u010de za vse medosebne in dru\u017einske odnose in omogo\u010dijo, da ta afekt vsak posameznik vklju\u010di v svoje do\u017eivljanje in razumevanje sebe, drugih in sveta.<\/p>\n<p>Delo Relacijska dru\u017einska terapija odpira torej mo\u017enost poglobljenega razumevanja \u010dlove\u0161kih odnosov, terapevtskega dela in najglobljih psihi\u010dnih mehanizmov, ki oblikujejo posameznika in njegovo dojemanje sveta.<\/p>\n<p>Format: 384 str., 20 x 14 cm, trda vezava<\/p>\n<p>ISBN 961-6326-39-2<\/p>\n","protected":false},"excerpt":{"rendered":"<p>Christian Goste\u010dnik OFM Ljubljana, 2004 Delo odpira doslej \u0161e nepoznano polje raziskovanja in znanstvenega razumevanja \u010dlove\u0161kih odnosov in njihovega vpliva na posameznikov razvoj. Knjiga nudi natan\u010den in znanstveno zelo natan\u010den prikaz integracije najnovej\u0161ih spoznanj relacijske psihologije in psihoterapije, ki temelji na globinskih afektivnih mehanizmih, ki jih je doslej poznala samo relacijska psihoanaliza. Temeljna pojma, ki [&hellip;]<\/p>\n","protected":false},"featured_media":287,"comment_status":"open","ping_status":"closed","template":"","meta":[],"product_brand":[],"product_cat":[35,117],"product_tag":[72],"class_list":{"0":"post-286","1":"product","2":"type-product","3":"status-publish","4":"has-post-thumbnail","6":"product_cat-monografije-fdi","7":"product_cat-razprodano","8":"product_tag-christian-gostecnik-ofm","10":"first","11":"outofstock","12":"taxable","13":"shipping-taxable","14":"purchasable","15":"product-type-simple"},"_links":{"self":[{"href":"https:\/\/www.franciskani.si\/zbf\/wp-json\/wp\/v2\/product\/286","targetHints":{"allow":["GET"]}}],"collection":[{"href":"https:\/\/www.franciskani.si\/zbf\/wp-json\/wp\/v2\/product"}],"about":[{"href":"https:\/\/www.franciskani.si\/zbf\/wp-json\/wp\/v2\/types\/product"}],"replies":[{"embeddable":true,"href":"https:\/\/www.franciskani.si\/zbf\/wp-json\/wp\/v2\/comments?post=286"}],"wp:featuredmedia":[{"embeddable":true,"href":"https:\/\/www.franciskani.si\/zbf\/wp-json\/wp\/v2\/media\/287"}],"wp:attachment":[{"href":"https:\/\/www.franciskani.si\/zbf\/wp-json\/wp\/v2\/media?parent=286"}],"wp:term":[{"taxonomy":"product_brand","embeddable":true,"href":"https:\/\/www.franciskani.si\/zbf\/wp-json\/wp\/v2\/product_brand?post=286"},{"taxonomy":"product_cat","embeddable":true,"href":"https:\/\/www.franciskani.si\/zbf\/wp-json\/wp\/v2\/product_cat?post=286"},{"taxonomy":"product_tag","embeddable":true,"href":"https:\/\/www.franciskani.si\/zbf\/wp-json\/wp\/v2\/product_tag?post=286"}],"curies":[{"name":"wp","href":"https:\/\/api.w.org\/{rel}","templated":true}]}}