{"id":288,"date":"2017-08-20T12:27:30","date_gmt":"2017-08-20T10:27:30","guid":{"rendered":"http:\/\/www.franciskani.si\/zbf\/?post_type=product&#038;p=288"},"modified":"2022-11-01T17:07:01","modified_gmt":"2022-11-01T16:07:01","slug":"relacijska-paradigma-in-klinicna-praksa","status":"publish","type":"product","link":"https:\/\/www.franciskani.si\/zbf\/izdelek\/relacijska-paradigma-in-klinicna-praksa\/","title":{"rendered":"Relacijska paradigma in klini\u010dna praksa"},"content":{"rendered":"<p><strong>Christian Goste\u010dnik OFM<\/strong><\/p>\n<p>Relacijska dru\u017einska teorija in terapija predvsem i\u0161\u010de re\u0161itve problemov, ki se velikokrat ka\u017eejo v te\u017ekih travmah in bole\u010dih \u010dustvenih zapletih ter nerazumljivih telesnih senzacijah, kot so pani\u010dni napadi in falshbacki. Za posameznike, ki to do\u017eivljajo, je to velikokrat huda travma, trpijo neznosne bole\u010dine, in sicer zaradi organskih spominov, ki se prebujajo in so ve\u010dinoma nezavedni. Naloga terapevta je, da odkrije te bole\u010de spomine in posameznikom pomaga najti pot iz teh te\u017ekih zapletov. V knjigi je tudi prepis vrste terapij, ki so potem analizirane, kar pomaga terapevtu pri njegovem usposabljanju.<\/p>\n<p>Knjiga je iz\u0161la v sozalo\u017eni\u0161tvu s Fran\u010di\u0161kanskim dru\u017einskim in\u0161titutom.<\/p>\n<p><a href=\"https:\/\/www.franciskani.si\/zbf\/vzorci\/ch19-povzetek.pdf\" target=\"_blank\" rel=\"noopener\">POVZETEK &gt;&gt;&gt;<\/a><\/p>\n<p>Format: 20 x 14 cm, trda vezava<br \/>\nObseg: 384 strani<\/p>\n<p>ISBN 978-961-6873-17-8<\/p>\n","protected":false},"excerpt":{"rendered":"<p>Christian Goste\u010dnik OFM Relacijska dru\u017einska teorija in terapija predvsem i\u0161\u010de re\u0161itve problemov, ki se velikokrat ka\u017eejo v te\u017ekih travmah in bole\u010dih \u010dustvenih zapletih ter nerazumljivih telesnih senzacijah, kot so pani\u010dni napadi in falshbacki. Za posameznike, ki to do\u017eivljajo, je to velikokrat huda travma, trpijo neznosne bole\u010dine, in sicer zaradi organskih spominov, ki se prebujajo in [&hellip;]<\/p>\n","protected":false},"featured_media":289,"comment_status":"open","ping_status":"closed","template":"","meta":[],"product_brand":[],"product_cat":[35],"product_tag":[72],"class_list":{"0":"post-288","1":"product","2":"type-product","3":"status-publish","4":"has-post-thumbnail","6":"product_cat-monografije-fdi","7":"product_tag-christian-gostecnik-ofm","9":"first","10":"instock","11":"sale","12":"taxable","13":"shipping-taxable","14":"purchasable","15":"product-type-simple"},"_links":{"self":[{"href":"https:\/\/www.franciskani.si\/zbf\/wp-json\/wp\/v2\/product\/288","targetHints":{"allow":["GET"]}}],"collection":[{"href":"https:\/\/www.franciskani.si\/zbf\/wp-json\/wp\/v2\/product"}],"about":[{"href":"https:\/\/www.franciskani.si\/zbf\/wp-json\/wp\/v2\/types\/product"}],"replies":[{"embeddable":true,"href":"https:\/\/www.franciskani.si\/zbf\/wp-json\/wp\/v2\/comments?post=288"}],"wp:featuredmedia":[{"embeddable":true,"href":"https:\/\/www.franciskani.si\/zbf\/wp-json\/wp\/v2\/media\/289"}],"wp:attachment":[{"href":"https:\/\/www.franciskani.si\/zbf\/wp-json\/wp\/v2\/media?parent=288"}],"wp:term":[{"taxonomy":"product_brand","embeddable":true,"href":"https:\/\/www.franciskani.si\/zbf\/wp-json\/wp\/v2\/product_brand?post=288"},{"taxonomy":"product_cat","embeddable":true,"href":"https:\/\/www.franciskani.si\/zbf\/wp-json\/wp\/v2\/product_cat?post=288"},{"taxonomy":"product_tag","embeddable":true,"href":"https:\/\/www.franciskani.si\/zbf\/wp-json\/wp\/v2\/product_tag?post=288"}],"curies":[{"name":"wp","href":"https:\/\/api.w.org\/{rel}","templated":true}]}}