{"id":290,"date":"2017-08-20T12:28:50","date_gmt":"2017-08-20T10:28:50","guid":{"rendered":"http:\/\/www.franciskani.si\/zbf\/?post_type=product&#038;p=290"},"modified":"2020-10-12T09:14:56","modified_gmt":"2020-10-12T07:14:56","slug":"relacijska-zakonska-terapija","status":"publish","type":"product","link":"https:\/\/www.franciskani.si\/zbf\/izdelek\/relacijska-zakonska-terapija\/","title":{"rendered":"RAZPRODANO! Relacijska zakonska terapija"},"content":{"rendered":"<p><strong>Christian Goste\u010dnik OFM<\/strong><\/p>\n<p>Ljubljana 2007<\/p>\n<p>Relacijska zakonska paradigma temelji na premisi, da partnerja drug v drugem prebudita najmo\u010dnej\u0161e vzgibe privla\u010dnosti in strastna \u010dustva ljubezni, ki ju vodijo v zakonski odnos. Pozneje pa si prebudita tudi najstra\u0161nej\u0161e konflikte, ki sta jih neko\u010d \u017ee do\u017eivljala v svojih izvirnih dru\u017einah, in to vse z nezavednim namenom, da bi se tokrat ta primarna drama razre\u0161ila. Relacijska zakonska terapija zato na tem podro\u010dju postavlja nov mejnik razumevanja in druga\u010den pristop k terapevtski praksi, saj trdi, da zakonski konflikt prina\u0161a novo mo\u017enost za kvalitetnej\u0161i odnos.<\/p>\n<p>Format: 400 str., 20 x 14 cm, trda vezava<\/p>\n<p>ISBN 978-961-6326-65-0<\/p>\n<p><strong>RAZPRODANO!<\/strong><\/p>\n","protected":false},"excerpt":{"rendered":"<p>Christian Goste\u010dnik OFM Ljubljana 2007 Relacijska zakonska paradigma temelji na premisi, da partnerja drug v drugem prebudita najmo\u010dnej\u0161e vzgibe privla\u010dnosti in strastna \u010dustva ljubezni, ki ju vodijo v zakonski odnos. Pozneje pa si prebudita tudi najstra\u0161nej\u0161e konflikte, ki sta jih neko\u010d \u017ee do\u017eivljala v svojih izvirnih dru\u017einah, in to vse z nezavednim namenom, da bi [&hellip;]<\/p>\n","protected":false},"featured_media":291,"comment_status":"open","ping_status":"closed","template":"","meta":[],"product_brand":[],"product_cat":[35],"product_tag":[72],"class_list":{"0":"post-290","1":"product","2":"type-product","3":"status-publish","4":"has-post-thumbnail","6":"product_cat-monografije-fdi","7":"product_tag-christian-gostecnik-ofm","9":"first","10":"outofstock","11":"taxable","12":"shipping-taxable","13":"purchasable","14":"product-type-simple"},"_links":{"self":[{"href":"https:\/\/www.franciskani.si\/zbf\/wp-json\/wp\/v2\/product\/290","targetHints":{"allow":["GET"]}}],"collection":[{"href":"https:\/\/www.franciskani.si\/zbf\/wp-json\/wp\/v2\/product"}],"about":[{"href":"https:\/\/www.franciskani.si\/zbf\/wp-json\/wp\/v2\/types\/product"}],"replies":[{"embeddable":true,"href":"https:\/\/www.franciskani.si\/zbf\/wp-json\/wp\/v2\/comments?post=290"}],"wp:featuredmedia":[{"embeddable":true,"href":"https:\/\/www.franciskani.si\/zbf\/wp-json\/wp\/v2\/media\/291"}],"wp:attachment":[{"href":"https:\/\/www.franciskani.si\/zbf\/wp-json\/wp\/v2\/media?parent=290"}],"wp:term":[{"taxonomy":"product_brand","embeddable":true,"href":"https:\/\/www.franciskani.si\/zbf\/wp-json\/wp\/v2\/product_brand?post=290"},{"taxonomy":"product_cat","embeddable":true,"href":"https:\/\/www.franciskani.si\/zbf\/wp-json\/wp\/v2\/product_cat?post=290"},{"taxonomy":"product_tag","embeddable":true,"href":"https:\/\/www.franciskani.si\/zbf\/wp-json\/wp\/v2\/product_tag?post=290"}],"curies":[{"name":"wp","href":"https:\/\/api.w.org\/{rel}","templated":true}]}}