{"id":292,"date":"2017-08-20T12:30:05","date_gmt":"2017-08-20T10:30:05","guid":{"rendered":"http:\/\/www.franciskani.si\/zbf\/?post_type=product&#038;p=292"},"modified":"2024-03-01T08:31:26","modified_gmt":"2024-03-01T07:31:26","slug":"slovo-od-freuda","status":"publish","type":"product","link":"https:\/\/www.franciskani.si\/zbf\/izdelek\/slovo-od-freuda\/","title":{"rendered":"Slovo od Freuda"},"content":{"rendered":"<p><strong>Toma\u017e Erzar<\/strong><\/p>\n<p>Ljubljana, 2002<\/p>\n<p>Knjiga govori o nezasli\u0161ani in komaj verjetni zlorabi, ki je bila skoraj stoletje spregledana in preganjana, a vendar ti\u010di v jedru slavne Freudove teorije o nagonih in Ojdipovem kompleksu: \u010dustvena zloraba otrok in pripisovanje \u010dutenj, ki so jih star\u0161i potla\u010dili, otrokom. Pogled v \u010dustveno ozadje Freudovega sveta in njegovih besedil, ki ga avtor knjige predstavlja skozi skrbno branje znamenitih literarnih in resni\u010dnih primerov tega dunajskega analitika, nedvoumno razgalja to zlorabo in ka\u017ee na njene izvire v Freudovi izvorni dru\u017eini. \u010cutenja, ki ji Freud kot otrok v svoji dru\u017eini ni smel za\u010dutiti in razumeti, ker bi s tem ogrozil svoje star\u0161e in njun zakon, je kasneje kot mo\u017e, o\u010de in analitik pripisal otrokom, \u017eeni ter pacientom in tako znova obrnil na glavo temeljna dru\u017einska razmerja, v katerih mora zdaj otrok priskrbeti star\u0161em dokaze ljubezni, ki je ti niso u\u017eili v svojih dru\u017einah in jih nezavedno i\u0161\u010dejo ob svojih otrocih.<\/p>\n<p>Format: 165 str., 20,5 x 14,5 cm, trda vezava<\/p>\n<p>ISBN 961-6326-23-6<\/p>\n","protected":false},"excerpt":{"rendered":"<p>Toma\u017e Erzar Ljubljana, 2002 Knjiga govori o nezasli\u0161ani in komaj verjetni zlorabi, ki je bila skoraj stoletje spregledana in preganjana, a vendar ti\u010di v jedru slavne Freudove teorije o nagonih in Ojdipovem kompleksu: \u010dustvena zloraba otrok in pripisovanje \u010dutenj, ki so jih star\u0161i potla\u010dili, otrokom. Pogled v \u010dustveno ozadje Freudovega sveta in njegovih besedil, ki [&hellip;]<\/p>\n","protected":false},"featured_media":293,"comment_status":"open","ping_status":"closed","template":"","meta":[],"product_brand":[],"product_cat":[35],"product_tag":[73],"class_list":{"0":"post-292","1":"product","2":"type-product","3":"status-publish","4":"has-post-thumbnail","6":"product_cat-monografije-fdi","7":"product_tag-tomaz-erzar","9":"first","10":"outofstock","11":"taxable","12":"shipping-taxable","13":"purchasable","14":"product-type-simple"},"_links":{"self":[{"href":"https:\/\/www.franciskani.si\/zbf\/wp-json\/wp\/v2\/product\/292","targetHints":{"allow":["GET"]}}],"collection":[{"href":"https:\/\/www.franciskani.si\/zbf\/wp-json\/wp\/v2\/product"}],"about":[{"href":"https:\/\/www.franciskani.si\/zbf\/wp-json\/wp\/v2\/types\/product"}],"replies":[{"embeddable":true,"href":"https:\/\/www.franciskani.si\/zbf\/wp-json\/wp\/v2\/comments?post=292"}],"wp:featuredmedia":[{"embeddable":true,"href":"https:\/\/www.franciskani.si\/zbf\/wp-json\/wp\/v2\/media\/293"}],"wp:attachment":[{"href":"https:\/\/www.franciskani.si\/zbf\/wp-json\/wp\/v2\/media?parent=292"}],"wp:term":[{"taxonomy":"product_brand","embeddable":true,"href":"https:\/\/www.franciskani.si\/zbf\/wp-json\/wp\/v2\/product_brand?post=292"},{"taxonomy":"product_cat","embeddable":true,"href":"https:\/\/www.franciskani.si\/zbf\/wp-json\/wp\/v2\/product_cat?post=292"},{"taxonomy":"product_tag","embeddable":true,"href":"https:\/\/www.franciskani.si\/zbf\/wp-json\/wp\/v2\/product_tag?post=292"}],"curies":[{"name":"wp","href":"https:\/\/api.w.org\/{rel}","templated":true}]}}