{"id":294,"date":"2017-08-20T12:31:31","date_gmt":"2017-08-20T10:31:31","guid":{"rendered":"http:\/\/www.franciskani.si\/zbf\/?post_type=product&#038;p=294"},"modified":"2017-11-06T09:34:42","modified_gmt":"2017-11-06T08:34:42","slug":"so-res-vsega-krivi-starsi","status":"publish","type":"product","link":"https:\/\/www.franciskani.si\/zbf\/izdelek\/so-res-vsega-krivi-starsi\/","title":{"rendered":"So res vsega krivi star\u0161i?"},"content":{"rendered":"<p><strong>Christian Goste\u010dnik OFM<\/strong><\/p>\n<p>Mladostnik je izjemno ranljiv, saj se v njem poraja \u010dut za drugega, hrepenenje, ljubezen, so\u010dutje. Ob tem bolj kot kdajkoli potrebuje vodstvo star\u0161ev, ki v sebi najdejo toliko miru, da razmejijo lastne probleme, ki se spro\u017eijo ob mladostniku, od njegovih, ki mu jih je treba pomagati razre\u0161iti. Mladostnikov problem je vedno problem vse dru\u017eine. Star\u0161i mu lahko tu stojijo ob strani in ga usmerjajo ali pa se z njim prepirajo in razdor \u0161e poglabljajo. Zato je star\u0161evstvo v tem razdobju ena najte\u017ejih nalog, obenem pa prina\u0161a tudi najve\u010dje zado\u0161\u010denje, ko vidijo, da njihov mladostnik odhaja v \u017eivljenje zdrav in funkcionalen.<\/p>\n<p>Format 14\u00d720,5 cm<br \/>\nTrda vezava<br \/>\nObseg 312 strani<\/p>\n","protected":false},"excerpt":{"rendered":"<p>Christian Goste\u010dnik OFM Mladostnik je izjemno ranljiv, saj se v njem poraja \u010dut za drugega, hrepenenje, ljubezen, so\u010dutje. Ob tem bolj kot kdajkoli potrebuje vodstvo star\u0161ev, ki v sebi najdejo toliko miru, da razmejijo lastne probleme, ki se spro\u017eijo ob mladostniku, od njegovih, ki mu jih je treba pomagati razre\u0161iti. Mladostnikov problem je vedno problem [&hellip;]<\/p>\n","protected":false},"featured_media":295,"comment_status":"open","ping_status":"closed","template":"","meta":[],"product_brand":[],"product_cat":[35],"product_tag":[72],"class_list":{"0":"post-294","1":"product","2":"type-product","3":"status-publish","4":"has-post-thumbnail","6":"product_cat-monografije-fdi","7":"product_tag-christian-gostecnik-ofm","9":"first","10":"instock","11":"taxable","12":"shipping-taxable","13":"purchasable","14":"product-type-simple"},"_links":{"self":[{"href":"https:\/\/www.franciskani.si\/zbf\/wp-json\/wp\/v2\/product\/294","targetHints":{"allow":["GET"]}}],"collection":[{"href":"https:\/\/www.franciskani.si\/zbf\/wp-json\/wp\/v2\/product"}],"about":[{"href":"https:\/\/www.franciskani.si\/zbf\/wp-json\/wp\/v2\/types\/product"}],"replies":[{"embeddable":true,"href":"https:\/\/www.franciskani.si\/zbf\/wp-json\/wp\/v2\/comments?post=294"}],"wp:featuredmedia":[{"embeddable":true,"href":"https:\/\/www.franciskani.si\/zbf\/wp-json\/wp\/v2\/media\/295"}],"wp:attachment":[{"href":"https:\/\/www.franciskani.si\/zbf\/wp-json\/wp\/v2\/media?parent=294"}],"wp:term":[{"taxonomy":"product_brand","embeddable":true,"href":"https:\/\/www.franciskani.si\/zbf\/wp-json\/wp\/v2\/product_brand?post=294"},{"taxonomy":"product_cat","embeddable":true,"href":"https:\/\/www.franciskani.si\/zbf\/wp-json\/wp\/v2\/product_cat?post=294"},{"taxonomy":"product_tag","embeddable":true,"href":"https:\/\/www.franciskani.si\/zbf\/wp-json\/wp\/v2\/product_tag?post=294"}],"curies":[{"name":"wp","href":"https:\/\/api.w.org\/{rel}","templated":true}]}}