{"id":296,"date":"2017-08-22T12:32:45","date_gmt":"2017-08-22T10:32:45","guid":{"rendered":"http:\/\/www.franciskani.si\/zbf\/?post_type=product&#038;p=296"},"modified":"2017-11-06T09:12:03","modified_gmt":"2017-11-06T08:12:03","slug":"zakaj-se-te-bojim","status":"publish","type":"product","link":"https:\/\/www.franciskani.si\/zbf\/izdelek\/zakaj-se-te-bojim\/","title":{"rendered":"Zakaj se te bojim?"},"content":{"rendered":"<p><strong>Christian Goste\u010dnik OFM<\/strong><\/p>\n<p>Ljubljana 2016<\/p>\n<p>Partnerski odnos je najznamenitej\u0161a arena intime, v kateri se lahko razre\u0161ujejo prvinska ob?utja, vzpostavljena v odnosu s star\u0161i v najzgodnej\u0161i mladosti. V zaljubljenosti se te vsebine iz mladosti z vso strastnostjo in milino, z vso bole?ino in grenkobo prebudijo na novo, in sicer z namenom, da bi jih tokrat razre\u0161ili, za kar pa se morata partnerja zavestno odlo?iti.<\/p>\n<p>ISBN 978-961-6873-42-0<\/p>\n<p>Format: 14 x 20 cm, trda vezava, 420 strani<\/p>\n","protected":false},"excerpt":{"rendered":"<p>Christian Goste\u010dnik OFM Ljubljana 2016 Partnerski odnos je najznamenitej\u0161a arena intime, v kateri se lahko razre\u0161ujejo prvinska ob?utja, vzpostavljena v odnosu s star\u0161i v najzgodnej\u0161i mladosti. V zaljubljenosti se te vsebine iz mladosti z vso strastnostjo in milino, z vso bole?ino in grenkobo prebudijo na novo, in sicer z namenom, da bi jih tokrat razre\u0161ili, [&hellip;]<\/p>\n","protected":false},"featured_media":297,"comment_status":"open","ping_status":"closed","template":"","meta":[],"product_brand":[],"product_cat":[35],"product_tag":[72],"class_list":{"0":"post-296","1":"product","2":"type-product","3":"status-publish","4":"has-post-thumbnail","6":"product_cat-monografije-fdi","7":"product_tag-christian-gostecnik-ofm","9":"first","10":"instock","11":"taxable","12":"shipping-taxable","13":"purchasable","14":"product-type-simple"},"_links":{"self":[{"href":"https:\/\/www.franciskani.si\/zbf\/wp-json\/wp\/v2\/product\/296","targetHints":{"allow":["GET"]}}],"collection":[{"href":"https:\/\/www.franciskani.si\/zbf\/wp-json\/wp\/v2\/product"}],"about":[{"href":"https:\/\/www.franciskani.si\/zbf\/wp-json\/wp\/v2\/types\/product"}],"replies":[{"embeddable":true,"href":"https:\/\/www.franciskani.si\/zbf\/wp-json\/wp\/v2\/comments?post=296"}],"wp:featuredmedia":[{"embeddable":true,"href":"https:\/\/www.franciskani.si\/zbf\/wp-json\/wp\/v2\/media\/297"}],"wp:attachment":[{"href":"https:\/\/www.franciskani.si\/zbf\/wp-json\/wp\/v2\/media?parent=296"}],"wp:term":[{"taxonomy":"product_brand","embeddable":true,"href":"https:\/\/www.franciskani.si\/zbf\/wp-json\/wp\/v2\/product_brand?post=296"},{"taxonomy":"product_cat","embeddable":true,"href":"https:\/\/www.franciskani.si\/zbf\/wp-json\/wp\/v2\/product_cat?post=296"},{"taxonomy":"product_tag","embeddable":true,"href":"https:\/\/www.franciskani.si\/zbf\/wp-json\/wp\/v2\/product_tag?post=296"}],"curies":[{"name":"wp","href":"https:\/\/api.w.org\/{rel}","templated":true}]}}