{"id":298,"date":"2017-08-20T14:06:30","date_gmt":"2017-08-20T12:06:30","guid":{"rendered":"http:\/\/www.franciskani.si\/zbf\/?post_type=product&#038;p=298"},"modified":"2024-03-01T08:31:14","modified_gmt":"2024-03-01T07:31:14","slug":"20-najlepsih-pozdravov-s-franciskovega-tabora","status":"publish","type":"product","link":"https:\/\/www.franciskani.si\/zbf\/izdelek\/20-najlepsih-pozdravov-s-franciskovega-tabora\/","title":{"rendered":"20 najlep\u0161ih pozdravov s Fran\u010di\u0161kovega tabora"},"content":{"rendered":"<p><em>Zgo\u0161\u010denka ob dvajesetletnici Fran\u010di\u0161kovih taborov<\/em><\/p>\n<p>Izjemno uspe\u0161na zgo\u0161\u010denka je zdaj spet na voljo! Na zgo\u0161\u010denki 20 najlep\u0161ih pozdravov s Fran\u010di\u0161kovega tabora so zbrane najlep\u0161e pesmi, ki smo jih prepevali na na taborih vse od njegovih za\u010detkov pred dvajsetimi leti.<\/p>\n<p>SAZAS ZBF CD 020<\/p>\n","protected":false},"excerpt":{"rendered":"<p>Zgo\u0161\u010denka ob dvajesetletnici Fran\u010di\u0161kovih taborov Izjemno uspe\u0161na zgo\u0161\u010denka je zdaj spet na voljo! Na zgo\u0161\u010denki 20 najlep\u0161ih pozdravov s Fran\u010di\u0161kovega tabora so zbrane najlep\u0161e pesmi, ki smo jih prepevali na na taborih vse od njegovih za\u010detkov pred dvajsetimi leti. SAZAS ZBF CD 020<\/p>\n","protected":false},"featured_media":299,"comment_status":"open","ping_status":"closed","template":"","meta":[],"product_brand":[],"product_cat":[29],"product_tag":[],"class_list":{"0":"post-298","1":"product","2":"type-product","3":"status-publish","4":"has-post-thumbnail","6":"product_cat-zgoscenke","8":"first","9":"instock","10":"taxable","11":"shipping-taxable","12":"purchasable","13":"product-type-simple"},"_links":{"self":[{"href":"https:\/\/www.franciskani.si\/zbf\/wp-json\/wp\/v2\/product\/298","targetHints":{"allow":["GET"]}}],"collection":[{"href":"https:\/\/www.franciskani.si\/zbf\/wp-json\/wp\/v2\/product"}],"about":[{"href":"https:\/\/www.franciskani.si\/zbf\/wp-json\/wp\/v2\/types\/product"}],"replies":[{"embeddable":true,"href":"https:\/\/www.franciskani.si\/zbf\/wp-json\/wp\/v2\/comments?post=298"}],"wp:featuredmedia":[{"embeddable":true,"href":"https:\/\/www.franciskani.si\/zbf\/wp-json\/wp\/v2\/media\/299"}],"wp:attachment":[{"href":"https:\/\/www.franciskani.si\/zbf\/wp-json\/wp\/v2\/media?parent=298"}],"wp:term":[{"taxonomy":"product_brand","embeddable":true,"href":"https:\/\/www.franciskani.si\/zbf\/wp-json\/wp\/v2\/product_brand?post=298"},{"taxonomy":"product_cat","embeddable":true,"href":"https:\/\/www.franciskani.si\/zbf\/wp-json\/wp\/v2\/product_cat?post=298"},{"taxonomy":"product_tag","embeddable":true,"href":"https:\/\/www.franciskani.si\/zbf\/wp-json\/wp\/v2\/product_tag?post=298"}],"curies":[{"name":"wp","href":"https:\/\/api.w.org\/{rel}","templated":true}]}}