{"id":300,"date":"2017-08-20T14:08:45","date_gmt":"2017-08-20T12:08:45","guid":{"rendered":"http:\/\/www.franciskani.si\/zbf\/?post_type=product&#038;p=300"},"modified":"2017-08-21T00:13:38","modified_gmt":"2017-08-20T22:13:38","slug":"800-let-franciskovih","status":"publish","type":"product","link":"https:\/\/www.franciskani.si\/zbf\/izdelek\/800-let-franciskovih\/","title":{"rendered":"800 let Fran\u010di\u0161kovih"},"content":{"rendered":"<p><em>Izbrane pesmi s Fran\u010di\u0161kovega festivala 2009<\/em><\/p>\n<p>Anastazija Juvan, Dominik, Gloria, Janez Ferle\u017e, Kristina Sadar, Mateja Kali\u0161nik, MPZ \u017eupnije Vi\u010d, Petra Stopar<\/p>\n<p>Koga ali \u010desa Fran\u010di\u0161kovih? Bratov in sester? Molitev? Karizme? Svetosti? Vodila? Pesmi! Na zgo\u0161\u010denki je 10 izbranih pesmi z lanskega Fran\u010di\u0161kovega festivala ob proslavljanju 800-letnice Fran\u010di\u0161kove karizme. \u010ce vas oktobra ni bilo v \u0160entvidu, imate enkratno prilo\u017enost, da sli\u0161ite te pesmi v studijski izvedbi.<\/p>\n<p>Prisluhnite eni od pesmi: <a href=\"https:\/\/www.franciskani.si\/zbf\/audio\/cd17-10-vzorec.mp3\" target=\"_blank\" rel=\"noopener\">10-Gloria-Sre\u010danje s svetim Fran\u010di\u0161kom<\/a><\/p>\n<p>SAZAS ZBF CD 017<\/p>\n","protected":false},"excerpt":{"rendered":"<p>Pesmi z nate\u010daja ob 800-letnici Fran\u010di\u0161kovih redov.<\/p>\n<p>50% popusta do konca oktobra<\/p>\n","protected":false},"featured_media":301,"comment_status":"open","ping_status":"closed","template":"","meta":[],"product_brand":[],"product_cat":[29],"product_tag":[],"class_list":{"0":"post-300","1":"product","2":"type-product","3":"status-publish","4":"has-post-thumbnail","6":"product_cat-zgoscenke","8":"first","9":"instock","10":"taxable","11":"shipping-taxable","12":"purchasable","13":"product-type-simple"},"_links":{"self":[{"href":"https:\/\/www.franciskani.si\/zbf\/wp-json\/wp\/v2\/product\/300","targetHints":{"allow":["GET"]}}],"collection":[{"href":"https:\/\/www.franciskani.si\/zbf\/wp-json\/wp\/v2\/product"}],"about":[{"href":"https:\/\/www.franciskani.si\/zbf\/wp-json\/wp\/v2\/types\/product"}],"replies":[{"embeddable":true,"href":"https:\/\/www.franciskani.si\/zbf\/wp-json\/wp\/v2\/comments?post=300"}],"wp:featuredmedia":[{"embeddable":true,"href":"https:\/\/www.franciskani.si\/zbf\/wp-json\/wp\/v2\/media\/301"}],"wp:attachment":[{"href":"https:\/\/www.franciskani.si\/zbf\/wp-json\/wp\/v2\/media?parent=300"}],"wp:term":[{"taxonomy":"product_brand","embeddable":true,"href":"https:\/\/www.franciskani.si\/zbf\/wp-json\/wp\/v2\/product_brand?post=300"},{"taxonomy":"product_cat","embeddable":true,"href":"https:\/\/www.franciskani.si\/zbf\/wp-json\/wp\/v2\/product_cat?post=300"},{"taxonomy":"product_tag","embeddable":true,"href":"https:\/\/www.franciskani.si\/zbf\/wp-json\/wp\/v2\/product_tag?post=300"}],"curies":[{"name":"wp","href":"https:\/\/api.w.org\/{rel}","templated":true}]}}