{"id":302,"date":"2017-08-20T14:11:10","date_gmt":"2017-08-20T12:11:10","guid":{"rendered":"http:\/\/www.franciskani.si\/zbf\/?post_type=product&#038;p=302"},"modified":"2017-08-20T16:43:52","modified_gmt":"2017-08-20T14:43:52","slug":"elizabeta-ogrskaludvik-ix-francoski-kralj","status":"publish","type":"product","link":"https:\/\/www.franciskani.si\/zbf\/izdelek\/elizabeta-ogrskaludvik-ix-francoski-kralj\/","title":{"rendered":"Elizabeta Ogrska\/Ludvik IX.- francoski kralj"},"content":{"rendered":"<p><strong>Andra\u017e Arko OFM, Ur\u0161a Skoberne, Pavle Ravnohrib, Nina Ivani\u010d, Jo\u017ee Bartol, Bla\u017e Lesnik, Jan Dominik Bogataj, Janez Se\u010dnik<\/strong><\/p>\n<p>Med svetniki, opisanimi v slikanici Sveti v svetu, imata posebno mesto sv. Ludvik in sv. Elizabeta, ki sta zavetnika Fran\u010di\u0161kovega svetnega reda. \u010ceprav se nista nikoli sre\u010dala in se nista poznala, imata veliko skupnega. O tem se lahko prepri\u010date iz pripovedi na zgo\u0161\u010denki, kjer je njuno \u017eivljenje \u0161e bolj prestro predstavljeno z besedo in pesmijo.<\/p>\n<p>SAZAS ZBF CD 018<\/p>\n","protected":false},"excerpt":{"rendered":"<p>Andra\u017e Arko OFM, Ur\u0161a Skoberne, Pavle Ravnohrib, Nina Ivani\u010d, Jo\u017ee Bartol, Bla\u017e Lesnik, Jan Dominik Bogataj, Janez Se\u010dnik Med svetniki, opisanimi v slikanici Sveti v svetu, imata posebno mesto sv. Ludvik in sv. Elizabeta, ki sta zavetnika Fran\u010di\u0161kovega svetnega reda. \u010ceprav se nista nikoli sre\u010dala in se nista poznala, imata veliko skupnega. O tem se [&hellip;]<\/p>\n","protected":false},"featured_media":303,"comment_status":"open","ping_status":"closed","template":"","meta":[],"product_brand":[],"product_cat":[29],"product_tag":[59,86,87,81],"class_list":{"0":"post-302","1":"product","2":"type-product","3":"status-publish","4":"has-post-thumbnail","6":"product_cat-zgoscenke","7":"product_tag-andraz-arko-ofm","8":"product_tag-jan-dominik-bogataj-ofm","9":"product_tag-janez-secnik","10":"product_tag-ursa-skoberne","12":"first","13":"instock","14":"taxable","15":"shipping-taxable","16":"purchasable","17":"product-type-simple"},"_links":{"self":[{"href":"https:\/\/www.franciskani.si\/zbf\/wp-json\/wp\/v2\/product\/302","targetHints":{"allow":["GET"]}}],"collection":[{"href":"https:\/\/www.franciskani.si\/zbf\/wp-json\/wp\/v2\/product"}],"about":[{"href":"https:\/\/www.franciskani.si\/zbf\/wp-json\/wp\/v2\/types\/product"}],"replies":[{"embeddable":true,"href":"https:\/\/www.franciskani.si\/zbf\/wp-json\/wp\/v2\/comments?post=302"}],"wp:featuredmedia":[{"embeddable":true,"href":"https:\/\/www.franciskani.si\/zbf\/wp-json\/wp\/v2\/media\/303"}],"wp:attachment":[{"href":"https:\/\/www.franciskani.si\/zbf\/wp-json\/wp\/v2\/media?parent=302"}],"wp:term":[{"taxonomy":"product_brand","embeddable":true,"href":"https:\/\/www.franciskani.si\/zbf\/wp-json\/wp\/v2\/product_brand?post=302"},{"taxonomy":"product_cat","embeddable":true,"href":"https:\/\/www.franciskani.si\/zbf\/wp-json\/wp\/v2\/product_cat?post=302"},{"taxonomy":"product_tag","embeddable":true,"href":"https:\/\/www.franciskani.si\/zbf\/wp-json\/wp\/v2\/product_tag?post=302"}],"curies":[{"name":"wp","href":"https:\/\/api.w.org\/{rel}","templated":true}]}}