{"id":304,"date":"2017-08-20T14:12:53","date_gmt":"2017-08-20T12:12:53","guid":{"rendered":"http:\/\/www.franciskani.si\/zbf\/?post_type=product&#038;p=304"},"modified":"2017-08-20T14:12:53","modified_gmt":"2017-08-20T12:12:53","slug":"evharisticno-srce","status":"publish","type":"product","link":"https:\/\/www.franciskani.si\/zbf\/izdelek\/evharisticno-srce\/","title":{"rendered":"Evharisti\u010dno srce"},"content":{"rendered":"<p><strong>Cerkvene skladbe p. Hugolina Sattnerja<\/strong><\/p>\n<p><em>Pojejo: Pija Brodnik, sopran, p. Vid Lisjak, tenor, in Ljubljanski madrigalisti<\/em><\/p>\n<p>P. Hugolin Sattner je s svojimi deli mo\u010dno zaznamoval slovensko zborovsko cerkveno petje 20. stoletja in njegove pesmi so \u0161e vedno pogosto na repertoarjih na\u0161ih zborov; poleg znanih pa se nam je zdelo primerno nekatere obuditi iz pozabe in jih predstaviti na pri\u010dujo\u010di zgo\u0161\u010denki.<\/p>\n<p>Iz\u0161lo ob 1. slovenskem evharisti\u010dnem kongresu 13. junija 2010.<\/p>\n<p>SAZAS ZBF CD 016<\/p>\n","protected":false},"excerpt":{"rendered":"<p>Cerkvene skladbe p. Hugolina Sattnerja Pojejo: Pija Brodnik, sopran, p. Vid Lisjak, tenor, in Ljubljanski madrigalisti P. Hugolin Sattner je s svojimi deli mo\u010dno zaznamoval slovensko zborovsko cerkveno petje 20. stoletja in njegove pesmi so \u0161e vedno pogosto na repertoarjih na\u0161ih zborov; poleg znanih pa se nam je zdelo primerno nekatere obuditi iz pozabe in [&hellip;]<\/p>\n","protected":false},"featured_media":305,"comment_status":"open","ping_status":"closed","template":"","meta":[],"product_brand":[],"product_cat":[29],"product_tag":[88,89],"class_list":{"0":"post-304","1":"product","2":"type-product","3":"status-publish","4":"has-post-thumbnail","6":"product_cat-zgoscenke","7":"product_tag-pija-brodnik","8":"product_tag-vid-lisjak-ofm","10":"first","11":"instock","12":"taxable","13":"shipping-taxable","14":"purchasable","15":"product-type-simple"},"_links":{"self":[{"href":"https:\/\/www.franciskani.si\/zbf\/wp-json\/wp\/v2\/product\/304","targetHints":{"allow":["GET"]}}],"collection":[{"href":"https:\/\/www.franciskani.si\/zbf\/wp-json\/wp\/v2\/product"}],"about":[{"href":"https:\/\/www.franciskani.si\/zbf\/wp-json\/wp\/v2\/types\/product"}],"replies":[{"embeddable":true,"href":"https:\/\/www.franciskani.si\/zbf\/wp-json\/wp\/v2\/comments?post=304"}],"wp:featuredmedia":[{"embeddable":true,"href":"https:\/\/www.franciskani.si\/zbf\/wp-json\/wp\/v2\/media\/305"}],"wp:attachment":[{"href":"https:\/\/www.franciskani.si\/zbf\/wp-json\/wp\/v2\/media?parent=304"}],"wp:term":[{"taxonomy":"product_brand","embeddable":true,"href":"https:\/\/www.franciskani.si\/zbf\/wp-json\/wp\/v2\/product_brand?post=304"},{"taxonomy":"product_cat","embeddable":true,"href":"https:\/\/www.franciskani.si\/zbf\/wp-json\/wp\/v2\/product_cat?post=304"},{"taxonomy":"product_tag","embeddable":true,"href":"https:\/\/www.franciskani.si\/zbf\/wp-json\/wp\/v2\/product_tag?post=304"}],"curies":[{"name":"wp","href":"https:\/\/api.w.org\/{rel}","templated":true}]}}