{"id":306,"date":"2017-08-20T14:14:21","date_gmt":"2017-08-20T12:14:21","guid":{"rendered":"http:\/\/www.franciskani.si\/zbf\/?post_type=product&#038;p=306"},"modified":"2017-08-20T14:14:21","modified_gmt":"2017-08-20T12:14:21","slug":"franciskov-bozic","status":"publish","type":"product","link":"https:\/\/www.franciskani.si\/zbf\/izdelek\/franciskov-bozic\/","title":{"rendered":"Fran\u010di\u0161kov bo\u017ei\u010d"},"content":{"rendered":"<p><strong>Andra\u017e Arko OFM in drugi<\/strong><\/p>\n<p><em>glasbena pripoved na zgo\u0161\u010denki<\/em><\/p>\n<p>Ljubljana, 2007<\/p>\n<p>Vsako leto so med najbolj obleganimi jaslicami prav tiste po fran\u010di\u0161kanskih cerkvah. Je to kaj \u010dudnega, saj je Fran\u010di\u0161ek prvi za\u010del postavljati sveto upodobitev skrivnosti svete no\u010di. To je bilo v Grecciu 1223. leta, ko je z brati in prebivalci te vasice v rietijski dolini obhajal polno\u010dno ma\u0161o v votlini nad vasjo. Na zgo\u0161\u010denki sledimo pripovedi o dogajanju v sodobni dru\u017eini, ko o\u010dka razlo\u017ei h\u010derki, zakaj postavljamo jaslice in se v to vplete zgodba Fran\u010di\u0161ka in njegovih bratov. Pripoved zaklju\u010di nova bo\u017ei\u010dna pesem v interpretaciji Ane De\u017eman.<\/p>\n<p>SAZAS ZBF CD009<\/p>\n","protected":false},"excerpt":{"rendered":"<p>Andra\u017e Arko OFM in drugi glasbena pripoved na zgo\u0161\u010denki Ljubljana, 2007 Vsako leto so med najbolj obleganimi jaslicami prav tiste po fran\u010di\u0161kanskih cerkvah. Je to kaj \u010dudnega, saj je Fran\u010di\u0161ek prvi za\u010del postavljati sveto upodobitev skrivnosti svete no\u010di. To je bilo v Grecciu 1223. leta, ko je z brati in prebivalci te vasice v rietijski [&hellip;]<\/p>\n","protected":false},"featured_media":307,"comment_status":"open","ping_status":"closed","template":"","meta":[],"product_brand":[],"product_cat":[29],"product_tag":[59],"class_list":{"0":"post-306","1":"product","2":"type-product","3":"status-publish","4":"has-post-thumbnail","6":"product_cat-zgoscenke","7":"product_tag-andraz-arko-ofm","9":"first","10":"instock","11":"taxable","12":"shipping-taxable","13":"purchasable","14":"product-type-simple"},"_links":{"self":[{"href":"https:\/\/www.franciskani.si\/zbf\/wp-json\/wp\/v2\/product\/306","targetHints":{"allow":["GET"]}}],"collection":[{"href":"https:\/\/www.franciskani.si\/zbf\/wp-json\/wp\/v2\/product"}],"about":[{"href":"https:\/\/www.franciskani.si\/zbf\/wp-json\/wp\/v2\/types\/product"}],"replies":[{"embeddable":true,"href":"https:\/\/www.franciskani.si\/zbf\/wp-json\/wp\/v2\/comments?post=306"}],"wp:featuredmedia":[{"embeddable":true,"href":"https:\/\/www.franciskani.si\/zbf\/wp-json\/wp\/v2\/media\/307"}],"wp:attachment":[{"href":"https:\/\/www.franciskani.si\/zbf\/wp-json\/wp\/v2\/media?parent=306"}],"wp:term":[{"taxonomy":"product_brand","embeddable":true,"href":"https:\/\/www.franciskani.si\/zbf\/wp-json\/wp\/v2\/product_brand?post=306"},{"taxonomy":"product_cat","embeddable":true,"href":"https:\/\/www.franciskani.si\/zbf\/wp-json\/wp\/v2\/product_cat?post=306"},{"taxonomy":"product_tag","embeddable":true,"href":"https:\/\/www.franciskani.si\/zbf\/wp-json\/wp\/v2\/product_tag?post=306"}],"curies":[{"name":"wp","href":"https:\/\/api.w.org\/{rel}","templated":true}]}}