{"id":308,"date":"2017-08-20T14:16:20","date_gmt":"2017-08-20T12:16:20","guid":{"rendered":"http:\/\/www.franciskani.si\/zbf\/?post_type=product&#038;p=308"},"modified":"2018-01-19T11:44:11","modified_gmt":"2018-01-19T10:44:11","slug":"friderik-baraga-mekate-wikwanaie","status":"publish","type":"product","link":"https:\/\/www.franciskani.si\/zbf\/izdelek\/friderik-baraga-mekate-wikwanaie\/","title":{"rendered":"Friderik Baraga &#8211; M\u00e9kate Wikwanai\u00e9"},"content":{"rendered":"<p><strong>Andra\u017e Arko OFM<\/strong><\/p>\n<p><em>pripoved na zgo\u0161\u010denki<\/em><\/p>\n<p>Ljubljana, 2005<\/p>\n<p><iframe loading=\"lazy\" width=\"980\" height=\"551\" src=\"https:\/\/www.youtube.com\/embed\/DcKZ6xCCbiI?feature=oembed\" frameborder=\"0\" allow=\"autoplay; encrypted-media\" allowfullscreen><\/iframe><\/p>\n<p>Zgodba o tem velikem Slovencu, ki so ga Indijanci imenovali M\u00e9kate Wikwanai\u00e9, to je \u010crna Suknja, in si je proti koncu svojega \u017eivljenja \u017ee pridobil indijanske poteze na obrazu, je tukaj predstavljena v obliki dramatizirane pripovedi na zgo\u0161\u010denki. Pred nas stopi z vso zavzetostjo misijonarja in se nam zagotovo prikupi. Zgodbo popestri \u0161e nekaj pesmi, od pravih indijanskih do pesmi iz njegovega \u010dasa in slednji\u010d udarne himne ob koncu, ki jo je na besedilo Nine Novak napisal Janez Se\u010dnik.<\/p>\n<p>Odraslemu Frideriku je posodil svoj glas Jure Se\u0161ek, otroku Frideriku pa njegov sin Luka.<\/p>\n<p>Zgo\u0161\u010denka dopolnjuje slikanico Indijanski \u0161kof istega avtorja.<\/p>\n<p>SAZAS ZBF CD 006<\/p>\n","protected":false},"excerpt":{"rendered":"<p>Andra\u017e Arko OFM pripoved na zgo\u0161\u010denki Ljubljana, 2005 Zgodba o tem velikem Slovencu, ki so ga Indijanci imenovali M\u00e9kate Wikwanai\u00e9, to je \u010crna Suknja, in si je proti koncu svojega \u017eivljenja \u017ee pridobil indijanske poteze na obrazu, je tukaj predstavljena v obliki dramatizirane pripovedi na zgo\u0161\u010denki. Pred nas stopi z vso zavzetostjo misijonarja in se [&hellip;]<\/p>\n","protected":false},"featured_media":309,"comment_status":"open","ping_status":"closed","template":"","meta":[],"product_brand":[],"product_cat":[29],"product_tag":[59],"class_list":{"0":"post-308","1":"product","2":"type-product","3":"status-publish","4":"has-post-thumbnail","6":"product_cat-zgoscenke","7":"product_tag-andraz-arko-ofm","9":"first","10":"outofstock","11":"sale","12":"taxable","13":"shipping-taxable","14":"purchasable","15":"product-type-simple"},"_links":{"self":[{"href":"https:\/\/www.franciskani.si\/zbf\/wp-json\/wp\/v2\/product\/308","targetHints":{"allow":["GET"]}}],"collection":[{"href":"https:\/\/www.franciskani.si\/zbf\/wp-json\/wp\/v2\/product"}],"about":[{"href":"https:\/\/www.franciskani.si\/zbf\/wp-json\/wp\/v2\/types\/product"}],"replies":[{"embeddable":true,"href":"https:\/\/www.franciskani.si\/zbf\/wp-json\/wp\/v2\/comments?post=308"}],"wp:featuredmedia":[{"embeddable":true,"href":"https:\/\/www.franciskani.si\/zbf\/wp-json\/wp\/v2\/media\/309"}],"wp:attachment":[{"href":"https:\/\/www.franciskani.si\/zbf\/wp-json\/wp\/v2\/media?parent=308"}],"wp:term":[{"taxonomy":"product_brand","embeddable":true,"href":"https:\/\/www.franciskani.si\/zbf\/wp-json\/wp\/v2\/product_brand?post=308"},{"taxonomy":"product_cat","embeddable":true,"href":"https:\/\/www.franciskani.si\/zbf\/wp-json\/wp\/v2\/product_cat?post=308"},{"taxonomy":"product_tag","embeddable":true,"href":"https:\/\/www.franciskani.si\/zbf\/wp-json\/wp\/v2\/product_tag?post=308"}],"curies":[{"name":"wp","href":"https:\/\/api.w.org\/{rel}","templated":true}]}}