{"id":310,"date":"2017-08-20T14:17:48","date_gmt":"2017-08-20T12:17:48","guid":{"rendered":"http:\/\/www.franciskani.si\/zbf\/?post_type=product&#038;p=310"},"modified":"2017-08-20T14:17:48","modified_gmt":"2017-08-20T12:17:48","slug":"hvalnice-in-vecernice","status":"publish","type":"product","link":"https:\/\/www.franciskani.si\/zbf\/izdelek\/hvalnice-in-vecernice\/","title":{"rendered":"Hvalnice in ve\u010dernice"},"content":{"rendered":"<p><strong>\u0160olske sestre sv. Fran\u010di\u0161ka Kristusa Kralja<\/strong><\/p>\n<p>Hvalnice in ve\u010dernice<\/p>\n<p>Ljubljana, 2010<\/p>\n<p>\u0160olske sestre svetega Fran\u010di\u0161ka nas vabijo, da se jim pridru\u017eimo pri molitvi iz Molitvenega bogoslu\u017eja ali brevirja. Skupaj z njimi lahko zmolimo in zapojemo hvalnice, dnevno molitveno uro in ve\u010dernice za nedeljo tretjega tedna.<\/p>\n<p>SAZAS ZBF CD019<\/p>\n","protected":false},"excerpt":{"rendered":"<p>\u0160olske sestre sv. Fran\u010di\u0161ka Kristusa Kralja Hvalnice in ve\u010dernice Ljubljana, 2010 \u0160olske sestre svetega Fran\u010di\u0161ka nas vabijo, da se jim pridru\u017eimo pri molitvi iz Molitvenega bogoslu\u017eja ali brevirja. Skupaj z njimi lahko zmolimo in zapojemo hvalnice, dnevno molitveno uro in ve\u010dernice za nedeljo tretjega tedna. SAZAS ZBF CD019<\/p>\n","protected":false},"featured_media":311,"comment_status":"open","ping_status":"closed","template":"","meta":[],"product_brand":[],"product_cat":[29],"product_tag":[91],"class_list":{"0":"post-310","1":"product","2":"type-product","3":"status-publish","4":"has-post-thumbnail","6":"product_cat-zgoscenke","7":"product_tag-solske-sestre","9":"first","10":"instock","11":"taxable","12":"shipping-taxable","13":"purchasable","14":"product-type-simple"},"_links":{"self":[{"href":"https:\/\/www.franciskani.si\/zbf\/wp-json\/wp\/v2\/product\/310","targetHints":{"allow":["GET"]}}],"collection":[{"href":"https:\/\/www.franciskani.si\/zbf\/wp-json\/wp\/v2\/product"}],"about":[{"href":"https:\/\/www.franciskani.si\/zbf\/wp-json\/wp\/v2\/types\/product"}],"replies":[{"embeddable":true,"href":"https:\/\/www.franciskani.si\/zbf\/wp-json\/wp\/v2\/comments?post=310"}],"wp:featuredmedia":[{"embeddable":true,"href":"https:\/\/www.franciskani.si\/zbf\/wp-json\/wp\/v2\/media\/311"}],"wp:attachment":[{"href":"https:\/\/www.franciskani.si\/zbf\/wp-json\/wp\/v2\/media?parent=310"}],"wp:term":[{"taxonomy":"product_brand","embeddable":true,"href":"https:\/\/www.franciskani.si\/zbf\/wp-json\/wp\/v2\/product_brand?post=310"},{"taxonomy":"product_cat","embeddable":true,"href":"https:\/\/www.franciskani.si\/zbf\/wp-json\/wp\/v2\/product_cat?post=310"},{"taxonomy":"product_tag","embeddable":true,"href":"https:\/\/www.franciskani.si\/zbf\/wp-json\/wp\/v2\/product_tag?post=310"}],"curies":[{"name":"wp","href":"https:\/\/api.w.org\/{rel}","templated":true}]}}