{"id":312,"date":"2017-08-20T14:19:57","date_gmt":"2017-08-20T12:19:57","guid":{"rendered":"http:\/\/www.franciskani.si\/zbf\/?post_type=product&#038;p=312"},"modified":"2017-08-20T14:56:50","modified_gmt":"2017-08-20T12:56:50","slug":"klarin-bozic","status":"publish","type":"product","link":"https:\/\/www.franciskani.si\/zbf\/izdelek\/klarin-bozic\/","title":{"rendered":"Klarin bo\u017ei\u010d"},"content":{"rendered":"<p><strong>Musical o sveti Klari Asi\u0161ki<\/strong><\/p>\n<p><em>Andra\u017e Arko OFM s prijatelji<\/em><\/p>\n<p>Ljubljana, 2009<\/p>\n<p>Fran\u010di\u0161ek si je privo\u0161\u010dil prav poseben bo\u017ei\u010d v Grecciu, kjer je postavil jaslice. A tudi Klara ni brez svojega bo\u017ei\u010da. Tudi ona je neko\u010d do\u017eivela prav posebno praznovanje, s katerim si je prislu\u017eila, da je postala zavetnica televizije.<br \/>\nIn prav pred televizorjem se za\u010denja tale musical, v katerem bomo zvedeli marsikaj ravno o tem posebnem dogodku. Ve\u010d pa vam ne izdamo &#8230;<\/p>\n<p>Prisluhnite eni od pesmi, ki popestrijo dogajanje pred malim ekranom: <a href=\"https:\/\/www.franciskani.si\/zbf\/audio\/cd15-02-vzorec.mp3\" target=\"_blank\">02-Od rojstva do ve\u010dnosti<\/a><\/p>\n<p>SAZAS ZBF CD015<\/p>\n","protected":false},"excerpt":{"rendered":"<p>Musical o sveti Klari Asi\u0161ki Andra\u017e Arko OFM s prijatelji Ljubljana, 2009 Fran\u010di\u0161ek si je privo\u0161\u010dil prav poseben bo\u017ei\u010d v Grecciu, kjer je postavil jaslice. A tudi Klara ni brez svojega bo\u017ei\u010da. Tudi ona je neko\u010d do\u017eivela prav posebno praznovanje, s katerim si je prislu\u017eila, da je postala zavetnica televizije. In prav pred televizorjem se [&hellip;]<\/p>\n","protected":false},"featured_media":313,"comment_status":"open","ping_status":"closed","template":"","meta":[],"product_brand":[],"product_cat":[29],"product_tag":[59],"class_list":{"0":"post-312","1":"product","2":"type-product","3":"status-publish","4":"has-post-thumbnail","6":"product_cat-zgoscenke","7":"product_tag-andraz-arko-ofm","9":"first","10":"instock","11":"taxable","12":"shipping-taxable","13":"purchasable","14":"product-type-simple"},"_links":{"self":[{"href":"https:\/\/www.franciskani.si\/zbf\/wp-json\/wp\/v2\/product\/312","targetHints":{"allow":["GET"]}}],"collection":[{"href":"https:\/\/www.franciskani.si\/zbf\/wp-json\/wp\/v2\/product"}],"about":[{"href":"https:\/\/www.franciskani.si\/zbf\/wp-json\/wp\/v2\/types\/product"}],"replies":[{"embeddable":true,"href":"https:\/\/www.franciskani.si\/zbf\/wp-json\/wp\/v2\/comments?post=312"}],"wp:featuredmedia":[{"embeddable":true,"href":"https:\/\/www.franciskani.si\/zbf\/wp-json\/wp\/v2\/media\/313"}],"wp:attachment":[{"href":"https:\/\/www.franciskani.si\/zbf\/wp-json\/wp\/v2\/media?parent=312"}],"wp:term":[{"taxonomy":"product_brand","embeddable":true,"href":"https:\/\/www.franciskani.si\/zbf\/wp-json\/wp\/v2\/product_brand?post=312"},{"taxonomy":"product_cat","embeddable":true,"href":"https:\/\/www.franciskani.si\/zbf\/wp-json\/wp\/v2\/product_cat?post=312"},{"taxonomy":"product_tag","embeddable":true,"href":"https:\/\/www.franciskani.si\/zbf\/wp-json\/wp\/v2\/product_tag?post=312"}],"curies":[{"name":"wp","href":"https:\/\/api.w.org\/{rel}","templated":true}]}}