{"id":314,"date":"2017-08-20T14:23:03","date_gmt":"2017-08-20T12:23:03","guid":{"rendered":"http:\/\/www.franciskani.si\/zbf\/?post_type=product&#038;p=314"},"modified":"2017-08-20T14:57:30","modified_gmt":"2017-08-20T12:57:30","slug":"najditelj-izgubljenih-stvari","status":"publish","type":"product","link":"https:\/\/www.franciskani.si\/zbf\/izdelek\/najditelj-izgubljenih-stvari\/","title":{"rendered":"Najditelj izgubljenih stvari"},"content":{"rendered":"<p><strong>Musical o svetem Antonu Padovanskem<\/strong><\/p>\n<p><em>Andra\u017e Arko OFM s prijatelji<\/em><\/p>\n<p>Ljubljana, 2008<\/p>\n<p>Kdo od nas pa \u0161e ni izgubil klju\u010da? Nekateri se takrat spomnijo na svetega Antona Padovanskega in marsikdo je \u017ee potem povedal, kako mu je ta svetnik pomagal.<\/p>\n<p>\u0160olar Toni (brez klju\u010da) spoznava z babi\u010dino pomo\u010djo Antonovo \u017eivljenje, vmes pa \u0161e prisluhnemo pesmim otrok in Fran\u010di\u0161kovih bratov o njem. Eno imate tukaj za poku\u0161ino. Klju\u010d se seveda najde!<\/p>\n<p>Musical je nastal ob 100-letnici \u017eupnije sv. Antona Padovanskega na Vi\u010du v Ljubljani.<\/p>\n<p>Prisluhni odlomku: <a href=\"https:\/\/www.franciskani.si\/zbf\/audio\/cd12-02-Blagoslovi_naj_te_Gospod.mp3\" target=\"_blank\">02-Blagoslovi naj te Gospod<\/a><\/p>\n<p>SAZAS ZBF CD012<\/p>\n","protected":false},"excerpt":{"rendered":"<p>Musical o svetem Antonu Padovanskem Andra\u017e Arko OFM s prijatelji Ljubljana, 2008 Kdo od nas pa \u0161e ni izgubil klju\u010da? Nekateri se takrat spomnijo na svetega Antona Padovanskega in marsikdo je \u017ee potem povedal, kako mu je ta svetnik pomagal. \u0160olar Toni (brez klju\u010da) spoznava z babi\u010dino pomo\u010djo Antonovo \u017eivljenje, vmes pa \u0161e prisluhnemo pesmim [&hellip;]<\/p>\n","protected":false},"featured_media":315,"comment_status":"open","ping_status":"closed","template":"","meta":[],"product_brand":[],"product_cat":[29],"product_tag":[59],"class_list":{"0":"post-314","1":"product","2":"type-product","3":"status-publish","4":"has-post-thumbnail","6":"product_cat-zgoscenke","7":"product_tag-andraz-arko-ofm","9":"first","10":"instock","11":"taxable","12":"shipping-taxable","13":"purchasable","14":"product-type-simple"},"_links":{"self":[{"href":"https:\/\/www.franciskani.si\/zbf\/wp-json\/wp\/v2\/product\/314","targetHints":{"allow":["GET"]}}],"collection":[{"href":"https:\/\/www.franciskani.si\/zbf\/wp-json\/wp\/v2\/product"}],"about":[{"href":"https:\/\/www.franciskani.si\/zbf\/wp-json\/wp\/v2\/types\/product"}],"replies":[{"embeddable":true,"href":"https:\/\/www.franciskani.si\/zbf\/wp-json\/wp\/v2\/comments?post=314"}],"wp:featuredmedia":[{"embeddable":true,"href":"https:\/\/www.franciskani.si\/zbf\/wp-json\/wp\/v2\/media\/315"}],"wp:attachment":[{"href":"https:\/\/www.franciskani.si\/zbf\/wp-json\/wp\/v2\/media?parent=314"}],"wp:term":[{"taxonomy":"product_brand","embeddable":true,"href":"https:\/\/www.franciskani.si\/zbf\/wp-json\/wp\/v2\/product_brand?post=314"},{"taxonomy":"product_cat","embeddable":true,"href":"https:\/\/www.franciskani.si\/zbf\/wp-json\/wp\/v2\/product_cat?post=314"},{"taxonomy":"product_tag","embeddable":true,"href":"https:\/\/www.franciskani.si\/zbf\/wp-json\/wp\/v2\/product_tag?post=314"}],"curies":[{"name":"wp","href":"https:\/\/api.w.org\/{rel}","templated":true}]}}