{"id":316,"date":"2017-08-20T14:26:29","date_gmt":"2017-08-20T12:26:29","guid":{"rendered":"http:\/\/www.franciskani.si\/zbf\/?post_type=product&#038;p=316"},"modified":"2023-01-10T10:03:22","modified_gmt":"2023-01-10T09:03:22","slug":"nekoc-in-po-40-letih","status":"publish","type":"product","link":"https:\/\/www.franciskani.si\/zbf\/izdelek\/nekoc-in-po-40-letih\/","title":{"rendered":"Neko\u010d in po 40 letih"},"content":{"rendered":"<p><strong>APZ sv. Cecilije<\/strong><\/p>\n<p>2 zgo\u0161\u010denki<\/p>\n<p>V \u201cdavnem\u201d zimskem \u010dasu leta 1966 se je zbrala skupina mladih, da bi prepevali na prvem \u0161tudentskem misijonu pri ur\u0161ulinkah v Ljubljani. Kot zborovodja se nam je pridru\u017eil Toma\u017e Tozon. Ni ostalo samo pri teh nastopih. Ostali smo skupaj, obudili spet predvojno \u0161tudentsko ma\u0161o pri fran\u010di\u0161kanih na Tromostovju, ki so nam dali prostor za pevske vaje in nas sprejeli za \u201csvoje\u201d. Hvala vam, bili ste nam mo\u010dno krmilo na na\u0161i razposajeni mladostni poti, kajti spremljali ste nas z ljubeznijo, potrpe\u017eljivostjo in molitvijo. Tukaj smo bili doma. Za\u010deli smo pridno vaditi in na prvo adventno nedeljo leta 1966 zapeli pri \u0161tudentski ma\u0161i ob enajstih. \u0160tevilo \u010dlanov zbora je nara\u0161\u010dalo (v\u010dasih nas je bilo tudi nad sto), dobili smo svoje ime, postali smo APZ sv. Cecilije. Peli smo vsako nedeljo \u0161tudijskega leta in \u201cprepeli\u201d smo gotovo velik del skladb slovenskih skladateljev, a tudi tuji skladatelji nam niso bili neznanka. Toma\u017e se je po pevski sezoni 1973\/74 poslovil, tudi pevke in pevci so prihajali in spet odhajali, a po \u0161tiridesetih letih \u201cCilka\u201d, kot smo jo ljubkovalno imenovali, \u0161e vedno prepeva in vztraja. Prisr\u010dna so ob\u010dasna pevska snidenja nekdanje Cilke, ki se jim pridru\u017eijo sedanji pevci. Tako je bilo tudi ob praznovanju 40-letnice, novembra 2006. \u0160e vedno so tukaj na\u0161i bratje fran\u010di\u0161kani, ki nas odprtih rok sprejemajo in nam pomagajo. Zato na tem mestu: En velik Bog lonaj! Rezultat te pomo\u010di je tudi pri\u010dujo\u010da zgo\u0161\u010denka. Na njej so arhivski posnetki nekdanje Cilke in posnetki petja pri slovesni ma\u0161i ob 40-letnici. Naj nam bo ta zgo\u0161\u010denka kot prijeten pozdrav iz na\u0161e mladosti in pri\u010da na\u0161e takratne ustvarjalnosti, pa tudi poklon in zahvala na\u0161im naslednikom, ki tako zavzeto vztrajajo na poti, ki smo jo sku\u0161ali mi vsaj malo nakazati. Tudi vam vsem skupaj Bog lonaj!<\/p>\n<p>ZBF CD 010\/1-2<\/p>\n<p><strong>CD-1<\/strong><br \/>\nposnet v avdien\u010dni dvorani Pavla VI. v Vatikanu 29.-30.11.1973<br \/>\ndirigent Toma\u017e Tozon<br \/>\norgle: prof. Primo\u017e Ramov\u0161<br \/>\nsnemalci: Radio Vatikan<br \/>\nremix in mastering: Studio Slyhouse, Silvester \u017dnidar\u0161i\u010d<\/p>\n<p><strong>CD-2<\/strong><br \/>\nposnet v cerkvi Marijinega oznanjenja v Ljubljani 19.11.2006<br \/>\ndirigent Toma\u017e Tozon<br \/>\norgle: prof. Margareta Gregorin\u010di\u010d<br \/>\nsnemanje in mastering: Studio Slyhouse, Silvester \u017dnidar\u0161i\u010d<\/p>\n<p><strong>NEKO\u010c<br \/>\nCD-1<\/strong><br \/>\n1.\tBO\u017dJI NAM JE ROJEN SIN Ivan Zupan 0:52<br \/>\n2.\tPO\u010cIVAJ, MILO DETECE Avgust Cerer, b: Krizostom Sekovani\u010d 2:30<br \/>\n3.\tGLEJ ZVEZDICE BO\u017dJE Leopold Belar, b: Andrej Praprotnik 1:26<br \/>\n4.\tRADUJ, \u010cLOVEK MOJ Leopold Cvek, Radoslav Silvester 3:46<br \/>\n5.\tZVELI\u010cAR NAM SE JE RODIL Andrej Vavken, b: Anton Namre 3:59<br \/>\n6.\tZEMLJA IN NEBO \u017dALUJE Lojze Mav 4:09<br \/>\n7.\tMED OLJKAMI NA GORI SVETI Martin \u017deleznik, b: Gregor Mali 2:04<br \/>\n8.\tPESEM \u017dALNO POJE Hugolin Sattner, b: Elizabeta Krem\u017ear 3:08<br \/>\n9.\tOLJSKO GORO TIHA NO\u010c POKRIVA Fran Kimovec 2:45<br \/>\n10.\tJEZUS, PREMAGAVEC GROBA Lojze Mav, b: Bla\u017e Poto\u010dnik 2:41<br \/>\n11.\tZAPOJ VESELO, O KRISTJAN Lojze Mav, b: Andrej Praprotnik 1:42<br \/>\n12.\tGLAS ZVONOV PRELEPO POJE Anton Faist 2:13<br \/>\n13.\tO KAM, GOSPOD, GRE TVOJA POT Lojze Mav, b: Bla\u017e Poto\u010dnik in Janez Vol\u010di\u010d 2:38<br \/>\n14.\tTIHO MOLI CERKEV VSA Lojze Mav, b: Lojze Mav 3:09<br \/>\n15.\tSAPICE MAJA Fran Kimovec 3:49<br \/>\n16.\tTIHO SONCE PLAVA Fran Kimovec 2:55<br \/>\n17.\tTISTE DNI SEM SLI\u0160AL GLAS Lojze Mav 3:33<\/p>\n<p><strong>IN PO 40 LETIH<br \/>\nCD-2<\/strong><br \/>\n1.\tNAJLEP\u0160O PESEM ZAPOJMO SVETNICI France Cigan 1:51<br \/>\n2.\tKYRIE Hugolin Sattner 1:52<br \/>\n3.\tGLORIA Hugolin Sattner 5:22<br \/>\n4.\tGLEJ PRIHAJAM Vendelin \u0160pendov in Jo\u017ee Tro\u0161t 1:44<br \/>\n5.\tALELUJA Stanko Jercijo 1:17<br \/>\n6.\tMARIJA, KAKO SI TI LEPA Hugolin Sattner, b: Elizabeta Krem\u017ear 4:55<br \/>\n7.\tSANCTUS Hugolin Sattner 2:13<br \/>\n8.\tBENEDICTUS Hugolin Sattner 2:53<br \/>\n9.\tO\u010cENA\u0160 France A\u010dko 1:24<br \/>\n10.\tAGNUS DEI Hugolin Sattner 3:17<br \/>\n11.\tTO MOJE \u017dIVO JE TELO Matija Tomc, b: Janez Pucelj 1:58<br \/>\n12.\tKOT PO MRZLI STUDEN\u010cINI Hugolin Sattner 3:07<br \/>\n13.\tBOGA SLAVIJO Lojze Mav, b: Lojze Mav 2:20<br \/>\n14.\tSONCE \u017dE ZAHAJA Josef Gruber 3:28<br \/>\n15.\t\u017dE PADA MRAK V DOLINO Peter Jereb 3:20<\/p>\n","protected":false},"excerpt":{"rendered":"<p>APZ sv. Cecilije 2 zgo\u0161\u010denki V \u201cdavnem\u201d zimskem \u010dasu leta 1966 se je zbrala skupina mladih, da bi prepevali na prvem \u0161tudentskem misijonu pri ur\u0161ulinkah v Ljubljani. Kot zborovodja se nam je pridru\u017eil Toma\u017e Tozon. Ni ostalo samo pri teh nastopih. Ostali smo skupaj, obudili spet predvojno \u0161tudentsko ma\u0161o pri fran\u010di\u0161kanih na Tromostovju, ki so [&hellip;]<\/p>\n","protected":false},"featured_media":317,"comment_status":"open","ping_status":"closed","template":"","meta":[],"product_brand":[],"product_cat":[29],"product_tag":[92],"class_list":{"0":"post-316","1":"product","2":"type-product","3":"status-publish","4":"has-post-thumbnail","6":"product_cat-zgoscenke","7":"product_tag-apz-sv-cecilije","9":"first","10":"instock","11":"taxable","12":"shipping-taxable","13":"purchasable","14":"product-type-simple"},"_links":{"self":[{"href":"https:\/\/www.franciskani.si\/zbf\/wp-json\/wp\/v2\/product\/316","targetHints":{"allow":["GET"]}}],"collection":[{"href":"https:\/\/www.franciskani.si\/zbf\/wp-json\/wp\/v2\/product"}],"about":[{"href":"https:\/\/www.franciskani.si\/zbf\/wp-json\/wp\/v2\/types\/product"}],"replies":[{"embeddable":true,"href":"https:\/\/www.franciskani.si\/zbf\/wp-json\/wp\/v2\/comments?post=316"}],"wp:featuredmedia":[{"embeddable":true,"href":"https:\/\/www.franciskani.si\/zbf\/wp-json\/wp\/v2\/media\/317"}],"wp:attachment":[{"href":"https:\/\/www.franciskani.si\/zbf\/wp-json\/wp\/v2\/media?parent=316"}],"wp:term":[{"taxonomy":"product_brand","embeddable":true,"href":"https:\/\/www.franciskani.si\/zbf\/wp-json\/wp\/v2\/product_brand?post=316"},{"taxonomy":"product_cat","embeddable":true,"href":"https:\/\/www.franciskani.si\/zbf\/wp-json\/wp\/v2\/product_cat?post=316"},{"taxonomy":"product_tag","embeddable":true,"href":"https:\/\/www.franciskani.si\/zbf\/wp-json\/wp\/v2\/product_tag?post=316"}],"curies":[{"name":"wp","href":"https:\/\/api.w.org\/{rel}","templated":true}]}}