{"id":318,"date":"2017-08-20T14:31:12","date_gmt":"2017-08-20T12:31:12","guid":{"rendered":"http:\/\/www.franciskani.si\/zbf\/?post_type=product&#038;p=318"},"modified":"2017-12-09T22:31:08","modified_gmt":"2017-12-09T21:31:08","slug":"pastirica-urska-musical","status":"publish","type":"product","link":"https:\/\/www.franciskani.si\/zbf\/izdelek\/pastirica-urska-musical\/","title":{"rendered":"Pastirica Ur\u0161ka &#8211; musical"},"content":{"rendered":"<p>Celotni vsebini CDja lahko prisluhnete spodaj:<br \/>\n<iframe loading=\"lazy\" width=\"980\" height=\"551\" src=\"https:\/\/www.youtube.com\/embed\/Y9ltzLF1lBw?feature=oembed\" frameborder=\"0\" gesture=\"media\" allow=\"encrypted-media\" allowfullscreen><\/iframe><\/p>\n<p>Nadaljnjo dejavnost ustvarjanja podobnih iger lahko podprete z donacijo na PayPal.<\/p>\n<form action=\"https:\/\/www.paypal.com\/cgi-bin\/webscr\" method=\"post\" target=\"_top\">\n<input type=\"hidden\" name=\"cmd\" value=\"_s-xclick\"><br \/>\n<input type=\"hidden\" name=\"hosted_button_id\" value=\"4MFKXFFMFGYZW\"><br \/>\n<input type=\"image\" src=\"https:\/\/www.paypalobjects.com\/en_US\/i\/btn\/btn_donateCC_LG.gif\" border=\"0\" name=\"submit\" alt=\"PayPal - The safer, easier way to pay online!\"><br \/>\n<img loading=\"lazy\" decoding=\"async\" alt=\"\" border=\"0\" src=\"https:\/\/www.paypalobjects.com\/en_US\/i\/scr\/pixel.gif\" width=\"1\" height=\"1\"><br \/>\n<\/form>\n<p><strong>Andra\u017e Arko OFM<\/strong><\/p>\n<p>musical na zgo\u0161\u010denki<\/p>\n<p>Ljubljana, 2006<\/p>\n<p>Z igrano in zapeto besedo stopi pred nas zgodba o grgarski pastirici Ur\u0161ki, katere \u017eivljenje se spremenilo tisti dan, ko se ji je na gori Skalnici prikazala Bo\u017eja Mati Marija. Tudi gora ni bila ve\u010d tisto, kar je bila prej: postala je Sveta Gora. In mnogi romarji \u0161e danes odhajajo z nje druga\u010dni.<\/p>\n<p>Igralci z gori\u0161kim akcentom naredijo zgodbo \u0161e bolj pristno, naslovno pesem Preprosto srce pa izvaja Sandra Klemm &#8211; Sendi.<br \/>\nZgo\u0161\u010denka dopolnjuje slikanico Pastirica Ur\u0161ka in Svetogorska Kraljica istega avtorja.<\/p>\n<p><a href=\"https:\/\/www.franciskani.si\/zbf\/vzorci\/cd08-urska.pdf\" target=\"_blank\">Besedila z akordi v formatu PDF<\/a>.<\/p>\n<p>SAZAS ZBF CD 008<\/p>\n","protected":false},"excerpt":{"rendered":"<p>Celotni vsebini CDja lahko prisluhnete spodaj: Nadaljnjo dejavnost ustvarjanja podobnih iger lahko podprete z donacijo na PayPal. Andra\u017e Arko OFM musical na zgo\u0161\u010denki Ljubljana, 2006 Z igrano in zapeto besedo stopi pred nas zgodba o grgarski pastirici Ur\u0161ki, katere \u017eivljenje se spremenilo tisti dan, ko se ji je na gori Skalnici prikazala Bo\u017eja Mati Marija. [&hellip;]<\/p>\n","protected":false},"featured_media":319,"comment_status":"open","ping_status":"closed","template":"","meta":[],"product_brand":[],"product_cat":[117,29],"product_tag":[59],"class_list":{"0":"post-318","1":"product","2":"type-product","3":"status-publish","4":"has-post-thumbnail","6":"product_cat-razprodano","7":"product_cat-zgoscenke","8":"product_tag-andraz-arko-ofm","10":"first","11":"outofstock","12":"taxable","13":"shipping-taxable","14":"purchasable","15":"product-type-simple"},"_links":{"self":[{"href":"https:\/\/www.franciskani.si\/zbf\/wp-json\/wp\/v2\/product\/318","targetHints":{"allow":["GET"]}}],"collection":[{"href":"https:\/\/www.franciskani.si\/zbf\/wp-json\/wp\/v2\/product"}],"about":[{"href":"https:\/\/www.franciskani.si\/zbf\/wp-json\/wp\/v2\/types\/product"}],"replies":[{"embeddable":true,"href":"https:\/\/www.franciskani.si\/zbf\/wp-json\/wp\/v2\/comments?post=318"}],"wp:featuredmedia":[{"embeddable":true,"href":"https:\/\/www.franciskani.si\/zbf\/wp-json\/wp\/v2\/media\/319"}],"wp:attachment":[{"href":"https:\/\/www.franciskani.si\/zbf\/wp-json\/wp\/v2\/media?parent=318"}],"wp:term":[{"taxonomy":"product_brand","embeddable":true,"href":"https:\/\/www.franciskani.si\/zbf\/wp-json\/wp\/v2\/product_brand?post=318"},{"taxonomy":"product_cat","embeddable":true,"href":"https:\/\/www.franciskani.si\/zbf\/wp-json\/wp\/v2\/product_cat?post=318"},{"taxonomy":"product_tag","embeddable":true,"href":"https:\/\/www.franciskani.si\/zbf\/wp-json\/wp\/v2\/product_tag?post=318"}],"curies":[{"name":"wp","href":"https:\/\/api.w.org\/{rel}","templated":true}]}}