{"id":320,"date":"2017-08-20T14:33:31","date_gmt":"2017-08-20T12:33:31","guid":{"rendered":"http:\/\/www.franciskani.si\/zbf\/?post_type=product&#038;p=320"},"modified":"2017-12-09T17:56:44","modified_gmt":"2017-12-09T16:56:44","slug":"rozice-svetega-franciska","status":"publish","type":"product","link":"https:\/\/www.franciskani.si\/zbf\/izdelek\/rozice-svetega-franciska\/","title":{"rendered":"Ro\u017eice svetega Fran\u010di\u0161ka"},"content":{"rendered":"<p><em>pripoved na zgo\u0161\u010denki<\/em><\/p>\n<p>Ljubljana, 2003<\/p>\n<p>Kakor smo obljubili pri izidu Zgodbe o sv. Fran\u010di\u0161ku, je zdaj pred vami pripoved iz Ro\u017eic sv. Fran\u010di\u0161ka. Ro\u017eice so prav posebna zvrst besedil o tem svetniku, ki kakemu strogemu zgodovinarju ne povedo veliko, lahko pa iz njih za\u010duti Fran\u010di\u0161kovo du\u0161o odprto srce. V izboru, ki ga berejo mladi s s. Matejo, lahko sli\u0161ite zgodbo o popolnem veselju, pogovor z bratom Leonom, o ozdravljenju gobavca, o gubbijskem volku in druge. Pesmice Nine in Ur\u0161e jih naredijo \u0161e lep\u0161e.<\/p>\n<p>SAZAS ZBF CD 003<\/p>\n","protected":false},"excerpt":{"rendered":"<p>pripoved na zgo\u0161\u010denki Ljubljana, 2003 Kakor smo obljubili pri izidu Zgodbe o sv. Fran\u010di\u0161ku, je zdaj pred vami pripoved iz Ro\u017eic sv. Fran\u010di\u0161ka. Ro\u017eice so prav posebna zvrst besedil o tem svetniku, ki kakemu strogemu zgodovinarju ne povedo veliko, lahko pa iz njih za\u010duti Fran\u010di\u0161kovo du\u0161o odprto srce. V izboru, ki ga berejo mladi s [&hellip;]<\/p>\n","protected":false},"featured_media":321,"comment_status":"open","ping_status":"closed","template":"","meta":[],"product_brand":[],"product_cat":[117,29],"product_tag":[],"class_list":{"0":"post-320","1":"product","2":"type-product","3":"status-publish","4":"has-post-thumbnail","6":"product_cat-razprodano","7":"product_cat-zgoscenke","9":"first","10":"outofstock","11":"taxable","12":"shipping-taxable","13":"purchasable","14":"product-type-simple"},"_links":{"self":[{"href":"https:\/\/www.franciskani.si\/zbf\/wp-json\/wp\/v2\/product\/320","targetHints":{"allow":["GET"]}}],"collection":[{"href":"https:\/\/www.franciskani.si\/zbf\/wp-json\/wp\/v2\/product"}],"about":[{"href":"https:\/\/www.franciskani.si\/zbf\/wp-json\/wp\/v2\/types\/product"}],"replies":[{"embeddable":true,"href":"https:\/\/www.franciskani.si\/zbf\/wp-json\/wp\/v2\/comments?post=320"}],"wp:featuredmedia":[{"embeddable":true,"href":"https:\/\/www.franciskani.si\/zbf\/wp-json\/wp\/v2\/media\/321"}],"wp:attachment":[{"href":"https:\/\/www.franciskani.si\/zbf\/wp-json\/wp\/v2\/media?parent=320"}],"wp:term":[{"taxonomy":"product_brand","embeddable":true,"href":"https:\/\/www.franciskani.si\/zbf\/wp-json\/wp\/v2\/product_brand?post=320"},{"taxonomy":"product_cat","embeddable":true,"href":"https:\/\/www.franciskani.si\/zbf\/wp-json\/wp\/v2\/product_cat?post=320"},{"taxonomy":"product_tag","embeddable":true,"href":"https:\/\/www.franciskani.si\/zbf\/wp-json\/wp\/v2\/product_tag?post=320"}],"curies":[{"name":"wp","href":"https:\/\/api.w.org\/{rel}","templated":true}]}}