{"id":322,"date":"2017-08-20T14:36:55","date_gmt":"2017-08-20T12:36:55","guid":{"rendered":"http:\/\/www.franciskani.si\/zbf\/?post_type=product&#038;p=322"},"modified":"2017-12-09T17:56:34","modified_gmt":"2017-12-09T16:56:34","slug":"skupaj","status":"publish","type":"product","link":"https:\/\/www.franciskani.si\/zbf\/izdelek\/skupaj\/","title":{"rendered":"Skupaj"},"content":{"rendered":"<p><em>glasbena zgo\u0161\u010denka<\/em><\/p>\n<p>Ljubljana, 2005<\/p>\n<p>Iz\u0161la je nova zgo\u0161\u010denka katoli\u0161kega rocka in druge moderne glasbe. Njen naslov \u00bbSkupaj\u00ab pove marsikaj: da so na njej zbrane skupaj pesmi, ki so slu\u017eile za glasbeno opremo trem radijskim igram, izdanim pri zalo\u017ebi Brat Fran\u010di\u0161ek (Zgodba o Fran\u010di\u0161ku, Ro\u017eice svetega Fran\u010di\u0161ka in Zgodba o Klari). Poleg njih je posnetih \u0161e nekaj ostalih pesmi v izvedbi bratov fran\u010di\u0161kanov skupaj z njihovimi sodelavci in prijatelji, pri \u010demer prevladujejo pesmi mladih avtoric Nine Novak in Ur\u0161e Skoberne. Mo\u010dno pa je celotno zgo\u0161\u010denko, rahlo v slogu skupine Mana, zaznamoval producent, aran\u017eer in kitarist Janez Se\u010dnik in tako podro\u010dje ritmi\u010dno duhovne glasbe obogatil s \u0161estnajstimi novimi skladbami v znamenju sv. Fran\u010di\u0161ka Asi\u0161kega.<\/p>\n<p><a href=\"https:\/\/www.franciskani.si\/zbf\/vzorci\/cd07-skupaj.pdf\" target=\"_blank\">Besedila z akordi v formatu PDF<\/a>.<\/p>\n<p>SAZAS ZBF CD 007<\/p>\n","protected":false},"excerpt":{"rendered":"<p>glasbena zgo\u0161\u010denka Ljubljana, 2005 Iz\u0161la je nova zgo\u0161\u010denka katoli\u0161kega rocka in druge moderne glasbe. Njen naslov \u00bbSkupaj\u00ab pove marsikaj: da so na njej zbrane skupaj pesmi, ki so slu\u017eile za glasbeno opremo trem radijskim igram, izdanim pri zalo\u017ebi Brat Fran\u010di\u0161ek (Zgodba o Fran\u010di\u0161ku, Ro\u017eice svetega Fran\u010di\u0161ka in Zgodba o Klari). Poleg njih je posnetih \u0161e [&hellip;]<\/p>\n","protected":false},"featured_media":323,"comment_status":"open","ping_status":"closed","template":"","meta":[],"product_brand":[],"product_cat":[117,29],"product_tag":[],"class_list":{"0":"post-322","1":"product","2":"type-product","3":"status-publish","4":"has-post-thumbnail","6":"product_cat-razprodano","7":"product_cat-zgoscenke","9":"first","10":"outofstock","11":"taxable","12":"shipping-taxable","13":"purchasable","14":"product-type-simple"},"_links":{"self":[{"href":"https:\/\/www.franciskani.si\/zbf\/wp-json\/wp\/v2\/product\/322","targetHints":{"allow":["GET"]}}],"collection":[{"href":"https:\/\/www.franciskani.si\/zbf\/wp-json\/wp\/v2\/product"}],"about":[{"href":"https:\/\/www.franciskani.si\/zbf\/wp-json\/wp\/v2\/types\/product"}],"replies":[{"embeddable":true,"href":"https:\/\/www.franciskani.si\/zbf\/wp-json\/wp\/v2\/comments?post=322"}],"wp:featuredmedia":[{"embeddable":true,"href":"https:\/\/www.franciskani.si\/zbf\/wp-json\/wp\/v2\/media\/323"}],"wp:attachment":[{"href":"https:\/\/www.franciskani.si\/zbf\/wp-json\/wp\/v2\/media?parent=322"}],"wp:term":[{"taxonomy":"product_brand","embeddable":true,"href":"https:\/\/www.franciskani.si\/zbf\/wp-json\/wp\/v2\/product_brand?post=322"},{"taxonomy":"product_cat","embeddable":true,"href":"https:\/\/www.franciskani.si\/zbf\/wp-json\/wp\/v2\/product_cat?post=322"},{"taxonomy":"product_tag","embeddable":true,"href":"https:\/\/www.franciskani.si\/zbf\/wp-json\/wp\/v2\/product_tag?post=322"}],"curies":[{"name":"wp","href":"https:\/\/api.w.org\/{rel}","templated":true}]}}