{"id":324,"date":"2017-08-20T14:38:26","date_gmt":"2017-08-20T12:38:26","guid":{"rendered":"http:\/\/www.franciskani.si\/zbf\/?post_type=product&#038;p=324"},"modified":"2017-12-09T17:56:25","modified_gmt":"2017-12-09T16:56:25","slug":"terra-sancta-dvd","status":"publish","type":"product","link":"https:\/\/www.franciskani.si\/zbf\/izdelek\/terra-sancta-dvd\/","title":{"rendered":"Terra Sancta (DVD)"},"content":{"rendered":"<p><strong>Varuhi izvirov odre\u0161enja<\/strong><\/p>\n<p>DVD<\/p>\n<p>V sodelovanju z Antonianom iz Bologne, Kustodijo Svete de\u017eele in Komisariatom za Sveto de\u017eelo smo pripravili ta \u010dudovit DVD, ki lahko s svojimi skoraj \u0161tirimi urami posnetkov slu\u017ei kot priprava na romanje v Sveto de\u017eelo, kot spomin nanj ali pa, \u010de ne gre druga\u010de, kot skromen nadomestek zanj. Odli\u010dna kamera slednjega na izbranem zvo\u010dnem ozadju otro\u0161kega zbor\u010dka (znanega iz festivala Zlati cekin), ki v hebrej\u0161\u010dini prepeva Psalm 121, popelje od gore Nebo prek Nazareta, Betlehema, mnogih drugih krajev do Jeruzalema s Kalvarijo in slednji\u010d do Emavsa. Prika\u017ee tudi delovanje bratov fran\u010di\u0161kanov. Ob tem pa spregovorijo najve\u010dji strokovnjaki, biblicisti in arheologi, ki poljudno razlo\u017eijo ne le stare kamne in mozaike, ampak predvsem njihov pomen za kristjana danes. Na DVDju lahko izberete ogled katere koli od 24 enot, ki se pokrivajo s posameznimi bibli\u010dnimi kraji, \u010de vam dopu\u0161\u010da \u010das, pa lahko tudi vztrajate od za\u010detka do konca. Pri ogledu si lahko poleg slovenske izberete tudi hrva\u0161ko, angle\u0161ko, italijansko ali nem\u0161ko varianto.<\/p>\n<p>Prevod br. Stane Zore OFM<br \/>\nBerejo br. Andrej Pollak OFM, Jadranka Toma\u017ei\u010d in br. Miran \u0160peli\u010d OFM<br \/>\nSnemano v studiu Radia Ognji\u0161\u010de.<br \/>\nTehni\u010dna obdelava Anton Lenar\u010di\u010d, Salve.<\/p>\n<p>Zahvaljujemo se Antonianu iz Bologne in Kustodiji Svete de\u017eele za dovoljenje za slovensko izdajo.<\/p>\n<p>Z nakupom DVDja prispevate tudi za delovanje fran\u010di\u0161kanov med svetode\u017eelskimi kristjani.<\/p>\n<p>Trajanje: 3 ure 40 minut<\/p>\n<p>Jeziki: slovenski, angle\u0161ki, italijanski, nem\u0161ki, hrva\u0161ki<\/p>\n","protected":false},"excerpt":{"rendered":"<p>Varuhi izvirov odre\u0161enja DVD V sodelovanju z Antonianom iz Bologne, Kustodijo Svete de\u017eele in Komisariatom za Sveto de\u017eelo smo pripravili ta \u010dudovit DVD, ki lahko s svojimi skoraj \u0161tirimi urami posnetkov slu\u017ei kot priprava na romanje v Sveto de\u017eelo, kot spomin nanj ali pa, \u010de ne gre druga\u010de, kot skromen nadomestek zanj. Odli\u010dna kamera slednjega [&hellip;]<\/p>\n","protected":false},"featured_media":325,"comment_status":"open","ping_status":"closed","template":"","meta":[],"product_brand":[],"product_cat":[117,29],"product_tag":[],"class_list":{"0":"post-324","1":"product","2":"type-product","3":"status-publish","4":"has-post-thumbnail","6":"product_cat-razprodano","7":"product_cat-zgoscenke","9":"first","10":"outofstock","11":"taxable","12":"shipping-taxable","13":"purchasable","14":"product-type-simple"},"_links":{"self":[{"href":"https:\/\/www.franciskani.si\/zbf\/wp-json\/wp\/v2\/product\/324","targetHints":{"allow":["GET"]}}],"collection":[{"href":"https:\/\/www.franciskani.si\/zbf\/wp-json\/wp\/v2\/product"}],"about":[{"href":"https:\/\/www.franciskani.si\/zbf\/wp-json\/wp\/v2\/types\/product"}],"replies":[{"embeddable":true,"href":"https:\/\/www.franciskani.si\/zbf\/wp-json\/wp\/v2\/comments?post=324"}],"wp:featuredmedia":[{"embeddable":true,"href":"https:\/\/www.franciskani.si\/zbf\/wp-json\/wp\/v2\/media\/325"}],"wp:attachment":[{"href":"https:\/\/www.franciskani.si\/zbf\/wp-json\/wp\/v2\/media?parent=324"}],"wp:term":[{"taxonomy":"product_brand","embeddable":true,"href":"https:\/\/www.franciskani.si\/zbf\/wp-json\/wp\/v2\/product_brand?post=324"},{"taxonomy":"product_cat","embeddable":true,"href":"https:\/\/www.franciskani.si\/zbf\/wp-json\/wp\/v2\/product_cat?post=324"},{"taxonomy":"product_tag","embeddable":true,"href":"https:\/\/www.franciskani.si\/zbf\/wp-json\/wp\/v2\/product_tag?post=324"}],"curies":[{"name":"wp","href":"https:\/\/api.w.org\/{rel}","templated":true}]}}