{"id":328,"date":"2017-08-20T14:41:14","date_gmt":"2017-08-20T12:41:14","guid":{"rendered":"http:\/\/www.franciskani.si\/zbf\/?post_type=product&#038;p=328"},"modified":"2017-08-21T09:06:29","modified_gmt":"2017-08-21T07:06:29","slug":"ajdov-cvet","status":"publish","type":"product","link":"https:\/\/www.franciskani.si\/zbf\/izdelek\/ajdov-cvet\/","title":{"rendered":"Ajdov cvet"},"content":{"rendered":"<p><em>poje Komorni zbor p. Stanislav \u0160krabec<\/em><\/p>\n<p><strong>dirigent Marijan Cvitak OFM<\/strong><\/p>\n<p>Ljubljana, 2004<\/p>\n<p>Slovenske ljudske in umetne pesmi v zborovskih priredbah poje Komorni zbor p. Stanislava \u0160krabca pod umetni\u0161kim vodstvom dirigenta br. Marijana Cvitaka. Med drugim boste sli\u0161ali koro\u0161ko Pojdam u Rute, idrijsko \u017denka mi v goste gre, prekmursko o vejlih vencih, vsem znano o dekletu, ki je \u0161lo po vodo, pa \u0161e Foersterjev Ve\u010derni Ave in Jenkovo Lipo, ki je zelenela.<\/p>\n<p>Pesmi so posnete v cerkvi Marijinega vnebovzetja pri Novi \u0160tifti na Dolenjskem.<\/p>\n<p>Tonski mojster in monta\u017eer je bil Tilen Miheli\u010d.<\/p>\n<p>SAZAS ZBF CD 005<\/p>\n","protected":false},"excerpt":{"rendered":"<p>poje Komorni zbor p. Stanislav \u0160krabec dirigent Marijan Cvitak OFM Ljubljana, 2004 Slovenske ljudske in umetne pesmi v zborovskih priredbah poje Komorni zbor p. Stanislava \u0160krabca pod umetni\u0161kim vodstvom dirigenta br. Marijana Cvitaka. Med drugim boste sli\u0161ali koro\u0161ko Pojdam u Rute, idrijsko \u017denka mi v goste gre, prekmursko o vejlih vencih, vsem znano o dekletu, [&hellip;]<\/p>\n","protected":false},"featured_media":329,"comment_status":"open","ping_status":"closed","template":"","meta":[],"product_brand":[],"product_cat":[117,29],"product_tag":[93],"class_list":{"0":"post-328","1":"product","2":"type-product","3":"status-publish","4":"has-post-thumbnail","6":"product_cat-razprodano","7":"product_cat-zgoscenke","8":"product_tag-marijan-cvitak-ofm","10":"first","11":"outofstock","12":"taxable","13":"shipping-taxable","14":"purchasable","15":"product-type-simple"},"_links":{"self":[{"href":"https:\/\/www.franciskani.si\/zbf\/wp-json\/wp\/v2\/product\/328","targetHints":{"allow":["GET"]}}],"collection":[{"href":"https:\/\/www.franciskani.si\/zbf\/wp-json\/wp\/v2\/product"}],"about":[{"href":"https:\/\/www.franciskani.si\/zbf\/wp-json\/wp\/v2\/types\/product"}],"replies":[{"embeddable":true,"href":"https:\/\/www.franciskani.si\/zbf\/wp-json\/wp\/v2\/comments?post=328"}],"wp:featuredmedia":[{"embeddable":true,"href":"https:\/\/www.franciskani.si\/zbf\/wp-json\/wp\/v2\/media\/329"}],"wp:attachment":[{"href":"https:\/\/www.franciskani.si\/zbf\/wp-json\/wp\/v2\/media?parent=328"}],"wp:term":[{"taxonomy":"product_brand","embeddable":true,"href":"https:\/\/www.franciskani.si\/zbf\/wp-json\/wp\/v2\/product_brand?post=328"},{"taxonomy":"product_cat","embeddable":true,"href":"https:\/\/www.franciskani.si\/zbf\/wp-json\/wp\/v2\/product_cat?post=328"},{"taxonomy":"product_tag","embeddable":true,"href":"https:\/\/www.franciskani.si\/zbf\/wp-json\/wp\/v2\/product_tag?post=328"}],"curies":[{"name":"wp","href":"https:\/\/api.w.org\/{rel}","templated":true}]}}