{"id":330,"date":"2017-08-20T14:42:39","date_gmt":"2017-08-20T12:42:39","guid":{"rendered":"http:\/\/www.franciskani.si\/zbf\/?post_type=product&#038;p=330"},"modified":"2017-08-25T22:43:02","modified_gmt":"2017-08-25T20:43:02","slug":"dajte-mi-zlatih-strun","status":"publish","type":"product","link":"https:\/\/www.franciskani.si\/zbf\/izdelek\/dajte-mi-zlatih-strun\/","title":{"rendered":"Dajte mi zlatih strun"},"content":{"rendered":"<p><strong>p. Vid Lisjak OFM in \u017dupnijski pevski zbor p. Hugolin Sattner<\/strong><\/p>\n<p><em>Marijine in evharisti\u010dne pesmi<\/em><\/p>\n<p>Ljubljana, 2008<\/p>\n<p>Na zgo\u0161\u010denki je mogo\u010de sli\u0161ati v izvedbi solista tenorista p. Vida Lisjaka in odli\u010dnega zbora p. Hugolina Sattnerja evharisti\u010dne in Marijine pesmi.<\/p>\n<p>SAZAS ZBF CD013<\/p>\n","protected":false},"excerpt":{"rendered":"<p>p. Vid Lisjak OFM in \u017dupnijski pevski zbor p. Hugolin Sattner Marijine in evharisti\u010dne pesmi Ljubljana, 2008 Na zgo\u0161\u010denki je mogo\u010de sli\u0161ati v izvedbi solista tenorista p. Vida Lisjaka in odli\u010dnega zbora p. Hugolina Sattnerja evharisti\u010dne in Marijine pesmi. SAZAS ZBF CD013<\/p>\n","protected":false},"featured_media":331,"comment_status":"open","ping_status":"closed","template":"","meta":[],"product_brand":[],"product_cat":[117,29],"product_tag":[89],"class_list":{"0":"post-330","1":"product","2":"type-product","3":"status-publish","4":"has-post-thumbnail","6":"product_cat-razprodano","7":"product_cat-zgoscenke","8":"product_tag-vid-lisjak-ofm","10":"first","11":"outofstock","12":"taxable","13":"shipping-taxable","14":"purchasable","15":"product-type-simple"},"_links":{"self":[{"href":"https:\/\/www.franciskani.si\/zbf\/wp-json\/wp\/v2\/product\/330","targetHints":{"allow":["GET"]}}],"collection":[{"href":"https:\/\/www.franciskani.si\/zbf\/wp-json\/wp\/v2\/product"}],"about":[{"href":"https:\/\/www.franciskani.si\/zbf\/wp-json\/wp\/v2\/types\/product"}],"replies":[{"embeddable":true,"href":"https:\/\/www.franciskani.si\/zbf\/wp-json\/wp\/v2\/comments?post=330"}],"wp:featuredmedia":[{"embeddable":true,"href":"https:\/\/www.franciskani.si\/zbf\/wp-json\/wp\/v2\/media\/331"}],"wp:attachment":[{"href":"https:\/\/www.franciskani.si\/zbf\/wp-json\/wp\/v2\/media?parent=330"}],"wp:term":[{"taxonomy":"product_brand","embeddable":true,"href":"https:\/\/www.franciskani.si\/zbf\/wp-json\/wp\/v2\/product_brand?post=330"},{"taxonomy":"product_cat","embeddable":true,"href":"https:\/\/www.franciskani.si\/zbf\/wp-json\/wp\/v2\/product_cat?post=330"},{"taxonomy":"product_tag","embeddable":true,"href":"https:\/\/www.franciskani.si\/zbf\/wp-json\/wp\/v2\/product_tag?post=330"}],"curies":[{"name":"wp","href":"https:\/\/api.w.org\/{rel}","templated":true}]}}