{"id":334,"date":"2017-08-20T14:48:04","date_gmt":"2017-08-20T12:48:04","guid":{"rendered":"http:\/\/www.franciskani.si\/zbf\/?post_type=product&#038;p=334"},"modified":"2017-12-31T23:13:37","modified_gmt":"2017-12-31T22:13:37","slug":"ti-si-nas-zavetnik-lojze-grozde","status":"publish","type":"product","link":"https:\/\/www.franciskani.si\/zbf\/izdelek\/ti-si-nas-zavetnik-lojze-grozde\/","title":{"rendered":"Ti si na\u0161 zavetnik &#8211; Lojze Grozde"},"content":{"rendered":"<p><strong>Andra\u017e Arko OFM<\/strong> in <strong>Jan Dominik Bogataj<\/strong><\/p>\n<p><em>Radijska igra za otroke<\/em><\/p>\n<p><iframe loading=\"lazy\" width=\"980\" height=\"551\" src=\"https:\/\/www.youtube.com\/embed\/cvH4Nlq0Fso?feature=oembed\" frameborder=\"0\" gesture=\"media\" allow=\"encrypted-media\" allowfullscreen><\/iframe><\/p>\n<p>Radijska igra za otroke Ti si na\u0161 zavetnik \u2013 Lojze Grozde je priredba hagiografske drame Sem mislil, da sem sam. V njej na otrokom primeren na\u010din spoznamo \u017eivljenje bl. Lojzeta Grozdeta od otro\u0161tva pa do beatifikacije. Vmes so vklju\u010dene tudi Grozdetove pesmi, ki so nekatere tudi uglasbene.<br \/>\n\u010ce \u017eelite podpreti ustvarjanje novih iger, lahko naka\u017eete donacijo na na\u0161 ra\u010dun pri PayPal ali na TRR SI56 6100 0001 2574 166.<\/p>\n<form action=\"https:\/\/www.paypal.com\/cgi-bin\/webscr\" method=\"post\" target=\"_top\">\n<input type=\"hidden\" name=\"cmd\" value=\"_s-xclick\"><br \/>\n<input type=\"hidden\" name=\"hosted_button_id\" value=\"4MFKXFFMFGYZW\"><br \/>\n<input type=\"image\" src=\"https:\/\/www.paypalobjects.com\/en_US\/i\/btn\/btn_donateCC_LG.gif\" border=\"0\" name=\"submit\" alt=\"PayPal - The safer, easier way to pay online!\"><br \/>\n<img loading=\"lazy\" decoding=\"async\" alt=\"\" border=\"0\" src=\"https:\/\/www.paypalobjects.com\/en_US\/i\/scr\/pixel.gif\" width=\"1\" height=\"1\"><br \/>\n<\/form>\n<p>SAZAS ZBF CD 021<\/p>\n","protected":false},"excerpt":{"rendered":"<p>Andra\u017e Arko OFM in Jan Dominik Bogataj Radijska igra za otroke Radijska igra za otroke Ti si na\u0161 zavetnik \u2013 Lojze Grozde je priredba hagiografske drame Sem mislil, da sem sam. V njej na otrokom primeren na\u010din spoznamo \u017eivljenje bl. Lojzeta Grozdeta od otro\u0161tva pa do beatifikacije. Vmes so vklju\u010dene tudi Grozdetove pesmi, ki so [&hellip;]<\/p>\n","protected":false},"featured_media":335,"comment_status":"open","ping_status":"closed","template":"","meta":[],"product_brand":[],"product_cat":[117,29],"product_tag":[59,86],"class_list":{"0":"post-334","1":"product","2":"type-product","3":"status-publish","4":"has-post-thumbnail","6":"product_cat-razprodano","7":"product_cat-zgoscenke","8":"product_tag-andraz-arko-ofm","9":"product_tag-jan-dominik-bogataj-ofm","11":"first","12":"outofstock","13":"taxable","14":"shipping-taxable","15":"purchasable","16":"product-type-simple"},"_links":{"self":[{"href":"https:\/\/www.franciskani.si\/zbf\/wp-json\/wp\/v2\/product\/334","targetHints":{"allow":["GET"]}}],"collection":[{"href":"https:\/\/www.franciskani.si\/zbf\/wp-json\/wp\/v2\/product"}],"about":[{"href":"https:\/\/www.franciskani.si\/zbf\/wp-json\/wp\/v2\/types\/product"}],"replies":[{"embeddable":true,"href":"https:\/\/www.franciskani.si\/zbf\/wp-json\/wp\/v2\/comments?post=334"}],"wp:featuredmedia":[{"embeddable":true,"href":"https:\/\/www.franciskani.si\/zbf\/wp-json\/wp\/v2\/media\/335"}],"wp:attachment":[{"href":"https:\/\/www.franciskani.si\/zbf\/wp-json\/wp\/v2\/media?parent=334"}],"wp:term":[{"taxonomy":"product_brand","embeddable":true,"href":"https:\/\/www.franciskani.si\/zbf\/wp-json\/wp\/v2\/product_brand?post=334"},{"taxonomy":"product_cat","embeddable":true,"href":"https:\/\/www.franciskani.si\/zbf\/wp-json\/wp\/v2\/product_cat?post=334"},{"taxonomy":"product_tag","embeddable":true,"href":"https:\/\/www.franciskani.si\/zbf\/wp-json\/wp\/v2\/product_tag?post=334"}],"curies":[{"name":"wp","href":"https:\/\/api.w.org\/{rel}","templated":true}]}}