{"id":336,"date":"2017-08-20T14:49:58","date_gmt":"2017-08-20T12:49:58","guid":{"rendered":"http:\/\/www.franciskani.si\/zbf\/?post_type=product&#038;p=336"},"modified":"2017-08-25T22:49:37","modified_gmt":"2017-08-25T20:49:37","slug":"zgodba-o-klari","status":"publish","type":"product","link":"https:\/\/www.franciskani.si\/zbf\/izdelek\/zgodba-o-klari\/","title":{"rendered":"Zgodba o Klari"},"content":{"rendered":"<p><em>pripoved na zgo\u0161\u010denki<\/em><\/p>\n<p>Ljubljana, 2004<\/p>\n<p>Ko je pred kratkim iz\u0161la Zgodba o Fran\u010di\u0161ku, je bilo skoraj samoumevno, da ji mora slediti \u0161e Zgodba o Klari. Tako ob \u017eivahni odigrani pripovedi in prek pesmi spoznavamo \u017eivljenje deklice, ki je pobegnila od doma in od bogatega \u017eivljenja ter sledila zgledu sv. Fran\u010di\u0161ka in postala prva voditeljica ubogih sester, ki so v samoti in molitvi svetu kazale lepoto \u017eivljenja z Bogom. Po njej so dobile ime klarise.<\/p>\n<p>Pesmi so delo Nine in Ur\u0161e, besedilo pa je po raznih virih pripravila s. Mateja.<\/p>\n<p>SAZAS ZBF CD 004<\/p>\n<p>&nbsp;<\/p>\n","protected":false},"excerpt":{"rendered":"<p>Tu je prvih 5 trakov.<br \/>\n[audio mp3=\"https:\/\/www.franciskani.si\/zbf\/wp-content\/uploads\/2017\/08\/01-Track-01.mp3\"][\/audio]<\/p>\n[audio mp3=\"https:\/\/www.franciskani.si\/zbf\/wp-content\/uploads\/2017\/08\/02-Track-02.mp3\"][\/audio]\n[audio mp3=\"https:\/\/www.franciskani.si\/zbf\/wp-content\/uploads\/2017\/08\/03-Track-03.mp3\"][\/audio]\n[audio mp3=\"https:\/\/www.franciskani.si\/zbf\/wp-content\/uploads\/2017\/08\/04-Track-04.mp3\"][\/audio]\n[audio mp3=\"https:\/\/www.franciskani.si\/zbf\/wp-content\/uploads\/2017\/08\/05-Track-05.mp3\"][\/audio]\n","protected":false},"featured_media":337,"comment_status":"open","ping_status":"closed","template":"","meta":[],"product_brand":[],"product_cat":[117,29],"product_tag":[],"class_list":{"0":"post-336","1":"product","2":"type-product","3":"status-publish","4":"has-post-thumbnail","6":"product_cat-razprodano","7":"product_cat-zgoscenke","9":"first","10":"outofstock","11":"taxable","12":"shipping-taxable","13":"purchasable","14":"product-type-simple"},"_links":{"self":[{"href":"https:\/\/www.franciskani.si\/zbf\/wp-json\/wp\/v2\/product\/336","targetHints":{"allow":["GET"]}}],"collection":[{"href":"https:\/\/www.franciskani.si\/zbf\/wp-json\/wp\/v2\/product"}],"about":[{"href":"https:\/\/www.franciskani.si\/zbf\/wp-json\/wp\/v2\/types\/product"}],"replies":[{"embeddable":true,"href":"https:\/\/www.franciskani.si\/zbf\/wp-json\/wp\/v2\/comments?post=336"}],"wp:featuredmedia":[{"embeddable":true,"href":"https:\/\/www.franciskani.si\/zbf\/wp-json\/wp\/v2\/media\/337"}],"wp:attachment":[{"href":"https:\/\/www.franciskani.si\/zbf\/wp-json\/wp\/v2\/media?parent=336"}],"wp:term":[{"taxonomy":"product_brand","embeddable":true,"href":"https:\/\/www.franciskani.si\/zbf\/wp-json\/wp\/v2\/product_brand?post=336"},{"taxonomy":"product_cat","embeddable":true,"href":"https:\/\/www.franciskani.si\/zbf\/wp-json\/wp\/v2\/product_cat?post=336"},{"taxonomy":"product_tag","embeddable":true,"href":"https:\/\/www.franciskani.si\/zbf\/wp-json\/wp\/v2\/product_tag?post=336"}],"curies":[{"name":"wp","href":"https:\/\/api.w.org\/{rel}","templated":true}]}}