{"id":338,"date":"2017-08-20T15:13:31","date_gmt":"2017-08-20T13:13:31","guid":{"rendered":"http:\/\/www.franciskani.si\/zbf\/?post_type=product&#038;p=338"},"modified":"2017-08-25T22:52:05","modified_gmt":"2017-08-25T20:52:05","slug":"asiski-romar","status":"publish","type":"product","link":"https:\/\/www.franciskani.si\/zbf\/izdelek\/asiski-romar\/","title":{"rendered":"Asi\u0161ki romar"},"content":{"rendered":"<p><strong>Robert Bah\u010di\u010d OFM<\/strong><\/p>\n<p>Ljubljana, 2001<\/p>\n<p>Slovenskim romarjem v Assisi bo skozi Fran\u010di\u0161kovo mesto in \u017eivljenje pomagala pri\u010dujo\u010da knjiga. Avtor se ni zadovoljil s tem, da bi nas popeljal od kraja do kraja ter nam pripovedoval o zgodovini in umetnosti. Skozi posre\u010den izbor besedil iz starodavnih virov nam na posameznih krajih spregovori Fran\u010di\u0161ek; njegovi prvi bratje, posnemovalci in ob\u010dudovalci ga predstavljajo, kakor so ga videli in do\u017eivljali. Na ta na\u010din skozi obisk posameznih krajev stopa pred nas sv. Fran\u010di\u0161ek, njegovi prvi bratje, sestra Klara in drugi ljudje njegovega \u010dasa.<\/p>\n<p>Format: 18 x 11,5 cm, bro\u0161irano;<\/p>\n<p>Obseg: 228 str.+ 8 ilustr. + zemljevid<\/p>\n<p>ISBN 961-6326-15-5<\/p>\n","protected":false},"excerpt":{"rendered":"<p>Robert Bah\u010di\u010d OFM Ljubljana, 2001 Slovenskim romarjem v Assisi bo skozi Fran\u010di\u0161kovo mesto in \u017eivljenje pomagala pri\u010dujo\u010da knjiga. Avtor se ni zadovoljil s tem, da bi nas popeljal od kraja do kraja ter nam pripovedoval o zgodovini in umetnosti. Skozi posre\u010den izbor besedil iz starodavnih virov nam na posameznih krajih spregovori Fran\u010di\u0161ek; njegovi prvi bratje, [&hellip;]<\/p>\n","protected":false},"featured_media":339,"comment_status":"open","ping_status":"closed","template":"","meta":[],"product_brand":[],"product_cat":[117,36],"product_tag":[54],"class_list":{"0":"post-338","1":"product","2":"type-product","3":"status-publish","4":"has-post-thumbnail","6":"product_cat-razprodano","7":"product_cat-zunaj-zbirk","8":"product_tag-robert-bahcic-ofm","10":"first","11":"outofstock","12":"virtual","13":"taxable","14":"purchasable","15":"product-type-simple"},"_links":{"self":[{"href":"https:\/\/www.franciskani.si\/zbf\/wp-json\/wp\/v2\/product\/338","targetHints":{"allow":["GET"]}}],"collection":[{"href":"https:\/\/www.franciskani.si\/zbf\/wp-json\/wp\/v2\/product"}],"about":[{"href":"https:\/\/www.franciskani.si\/zbf\/wp-json\/wp\/v2\/types\/product"}],"replies":[{"embeddable":true,"href":"https:\/\/www.franciskani.si\/zbf\/wp-json\/wp\/v2\/comments?post=338"}],"wp:featuredmedia":[{"embeddable":true,"href":"https:\/\/www.franciskani.si\/zbf\/wp-json\/wp\/v2\/media\/339"}],"wp:attachment":[{"href":"https:\/\/www.franciskani.si\/zbf\/wp-json\/wp\/v2\/media?parent=338"}],"wp:term":[{"taxonomy":"product_brand","embeddable":true,"href":"https:\/\/www.franciskani.si\/zbf\/wp-json\/wp\/v2\/product_brand?post=338"},{"taxonomy":"product_cat","embeddable":true,"href":"https:\/\/www.franciskani.si\/zbf\/wp-json\/wp\/v2\/product_cat?post=338"},{"taxonomy":"product_tag","embeddable":true,"href":"https:\/\/www.franciskani.si\/zbf\/wp-json\/wp\/v2\/product_tag?post=338"}],"curies":[{"name":"wp","href":"https:\/\/api.w.org\/{rel}","templated":true}]}}