{"id":340,"date":"2017-08-20T15:15:44","date_gmt":"2017-08-20T13:15:44","guid":{"rendered":"http:\/\/www.franciskani.si\/zbf\/?post_type=product&#038;p=340"},"modified":"2017-08-20T15:15:44","modified_gmt":"2017-08-20T13:15:44","slug":"assisi-mesto-majhno-a-v-sebi-veliko","status":"publish","type":"product","link":"https:\/\/www.franciskani.si\/zbf\/izdelek\/assisi-mesto-majhno-a-v-sebi-veliko\/","title":{"rendered":"Assisi mesto majhno, a v sebi veliko"},"content":{"rendered":"<p>Assisi kli\u010de, gremo na romanje!<\/p>\n<p>Assisi je mesto, ki vabi vse ljudi. In marsikaj jim ima povedati zaradi Fran\u010di\u0161ka. Ko stopimo tako reko\u010d v sam srednji vek tega mesteca, se v njem lahko zgubimo, zato pride zelo prav kak\u0161en spremljevalec, da nas popelje do Fran\u010di\u0161ka. To \u017eeli biti tudi tale knji\u017eica. Nastala je ob romanju mladih, vendar pa jo lahko vzame v roke vsak romar, \u0161e posebej \u010de se z mestom in Fran\u010di\u0161kom sre\u010duje prvi\u010d. V njej namre\u010d ni opisan vsak vogal, \u010deprav ima vsak kamen v Assisiju svojo zgodbo, ampak le nekaj najpomembnej\u0161ih mest. Najprej nam na njih spregovorijo kamni: zvemo, kaj je tam in kako je nastalo. Poteg spregovori Fran\u010di\u0161ek o svojih dogodkih na tistem mestu. Za njim spregovori srce. Popotnik postane romar, ko ga kamni in Fran\u010di\u0161ek nagovorijo, da mu vzdrhti srce in se v njem prebudijo besede, ki jih prej ni bilo. Slednji\u010d spregovori \u0161e Sveto pismo, ko lahko opazimo, da je bilo Fran\u010di\u0161kovo \u017eivljenje v bistvu le odsev Jezusovega, slednji\u010d pa naj spregovorijo dela romarja samega, saj so navedene naloge in smeri premi\u0161ljevanja. Besedo ali dve lahko ob tem zapi\u0161ete tudi v knji\u017eico samo ali pa v romarski dnevnik. Potem bo vsako nadaljnje sre\u010danje s Fran\u010di\u0161kom in njegovim Assisijem prineslo \u0161e ve\u010d in \u0161e nove uvide, ne le v preteklost srednjega veka, ampak tudi v prihodnost Bo\u017ejega Kraljestva.<\/p>\n<p>Format: 16 x 22,7 cm, zvezek<\/p>\n<p>Obseg: 72 strani<\/p>\n","protected":false},"excerpt":{"rendered":"<p>Assisi kli\u010de, gremo na romanje! Assisi je mesto, ki vabi vse ljudi. In marsikaj jim ima povedati zaradi Fran\u010di\u0161ka. Ko stopimo tako reko\u010d v sam srednji vek tega mesteca, se v njem lahko zgubimo, zato pride zelo prav kak\u0161en spremljevalec, da nas popelje do Fran\u010di\u0161ka. To \u017eeli biti tudi tale knji\u017eica. Nastala je ob romanju [&hellip;]<\/p>\n","protected":false},"featured_media":341,"comment_status":"open","ping_status":"closed","template":"","meta":[],"product_brand":[],"product_cat":[36],"product_tag":[],"class_list":{"0":"post-340","1":"product","2":"type-product","3":"status-publish","4":"has-post-thumbnail","6":"product_cat-zunaj-zbirk","8":"first","9":"instock","10":"taxable","11":"shipping-taxable","12":"purchasable","13":"product-type-simple"},"_links":{"self":[{"href":"https:\/\/www.franciskani.si\/zbf\/wp-json\/wp\/v2\/product\/340","targetHints":{"allow":["GET"]}}],"collection":[{"href":"https:\/\/www.franciskani.si\/zbf\/wp-json\/wp\/v2\/product"}],"about":[{"href":"https:\/\/www.franciskani.si\/zbf\/wp-json\/wp\/v2\/types\/product"}],"replies":[{"embeddable":true,"href":"https:\/\/www.franciskani.si\/zbf\/wp-json\/wp\/v2\/comments?post=340"}],"wp:featuredmedia":[{"embeddable":true,"href":"https:\/\/www.franciskani.si\/zbf\/wp-json\/wp\/v2\/media\/341"}],"wp:attachment":[{"href":"https:\/\/www.franciskani.si\/zbf\/wp-json\/wp\/v2\/media?parent=340"}],"wp:term":[{"taxonomy":"product_brand","embeddable":true,"href":"https:\/\/www.franciskani.si\/zbf\/wp-json\/wp\/v2\/product_brand?post=340"},{"taxonomy":"product_cat","embeddable":true,"href":"https:\/\/www.franciskani.si\/zbf\/wp-json\/wp\/v2\/product_cat?post=340"},{"taxonomy":"product_tag","embeddable":true,"href":"https:\/\/www.franciskani.si\/zbf\/wp-json\/wp\/v2\/product_tag?post=340"}],"curies":[{"name":"wp","href":"https:\/\/api.w.org\/{rel}","templated":true}]}}