{"id":344,"date":"2017-08-20T15:18:58","date_gmt":"2017-08-20T13:18:58","guid":{"rendered":"http:\/\/www.franciskani.si\/zbf\/?post_type=product&#038;p=344"},"modified":"2017-08-20T15:18:58","modified_gmt":"2017-08-20T13:18:58","slug":"flores-in-colores","status":"publish","type":"product","link":"https:\/\/www.franciskani.si\/zbf\/izdelek\/flores-in-colores\/","title":{"rendered":"Flores in colores"},"content":{"rendered":"<p><strong>Felicijan Pevec OFM, Ines Jerele, Jedert Vodopivec<\/strong><\/p>\n<p>Ljubljana, 2010<\/p>\n<p>\u010ceprav pi\u0161e v podnaslovu, da gre za znanstveno monografijo, boste v knjigi na\u0161li zelo razumljive in berljive prispevke avtorjev, ki govorijo o bogastvu fran\u010di\u0161kanske novome\u0161ke knji\u017enice. Posebej je izpostavljena knjiga s obarvanimi ilustracijami o zdravilnih rastlinah Hieronymusa Bocka iz 1556-72, ki so jo s pomo\u010djo Krke d.d. restavrirali v Arhivu Slovenije in v NUKu.<\/p>\n<p>Format: 20 x 12,5 cm, bro\u0161irano<\/p>\n<p>Obseg: 141 str.<\/p>\n<p>ISBN 978-961-6326-87-2<\/p>\n","protected":false},"excerpt":{"rendered":"<p>Felicijan Pevec OFM, Ines Jerele, Jedert Vodopivec Ljubljana, 2010 \u010ceprav pi\u0161e v podnaslovu, da gre za znanstveno monografijo, boste v knjigi na\u0161li zelo razumljive in berljive prispevke avtorjev, ki govorijo o bogastvu fran\u010di\u0161kanske novome\u0161ke knji\u017enice. Posebej je izpostavljena knjiga s obarvanimi ilustracijami o zdravilnih rastlinah Hieronymusa Bocka iz 1556-72, ki so jo s pomo\u010djo Krke [&hellip;]<\/p>\n","protected":false},"featured_media":345,"comment_status":"open","ping_status":"closed","template":"","meta":[],"product_brand":[],"product_cat":[36],"product_tag":[95,96,97],"class_list":{"0":"post-344","1":"product","2":"type-product","3":"status-publish","4":"has-post-thumbnail","6":"product_cat-zunaj-zbirk","7":"product_tag-felicijan-pevec-ofm","8":"product_tag-ines-jerele","9":"product_tag-jedert-vodopivec","11":"first","12":"instock","13":"taxable","14":"shipping-taxable","15":"purchasable","16":"product-type-simple"},"_links":{"self":[{"href":"https:\/\/www.franciskani.si\/zbf\/wp-json\/wp\/v2\/product\/344","targetHints":{"allow":["GET"]}}],"collection":[{"href":"https:\/\/www.franciskani.si\/zbf\/wp-json\/wp\/v2\/product"}],"about":[{"href":"https:\/\/www.franciskani.si\/zbf\/wp-json\/wp\/v2\/types\/product"}],"replies":[{"embeddable":true,"href":"https:\/\/www.franciskani.si\/zbf\/wp-json\/wp\/v2\/comments?post=344"}],"wp:featuredmedia":[{"embeddable":true,"href":"https:\/\/www.franciskani.si\/zbf\/wp-json\/wp\/v2\/media\/345"}],"wp:attachment":[{"href":"https:\/\/www.franciskani.si\/zbf\/wp-json\/wp\/v2\/media?parent=344"}],"wp:term":[{"taxonomy":"product_brand","embeddable":true,"href":"https:\/\/www.franciskani.si\/zbf\/wp-json\/wp\/v2\/product_brand?post=344"},{"taxonomy":"product_cat","embeddable":true,"href":"https:\/\/www.franciskani.si\/zbf\/wp-json\/wp\/v2\/product_cat?post=344"},{"taxonomy":"product_tag","embeddable":true,"href":"https:\/\/www.franciskani.si\/zbf\/wp-json\/wp\/v2\/product_tag?post=344"}],"curies":[{"name":"wp","href":"https:\/\/api.w.org\/{rel}","templated":true}]}}