{"id":346,"date":"2017-08-20T15:20:31","date_gmt":"2017-08-20T13:20:31","guid":{"rendered":"http:\/\/www.franciskani.si\/zbf\/?post_type=product&#038;p=346"},"modified":"2017-08-20T15:20:31","modified_gmt":"2017-08-20T13:20:31","slug":"franciskove-podobe","status":"publish","type":"product","link":"https:\/\/www.franciskani.si\/zbf\/izdelek\/franciskove-podobe\/","title":{"rendered":"Fran\u010di\u0161kove podobe"},"content":{"rendered":"<p><strong>Marija Se\u010dnik, Marjan Smerke<\/strong><\/p>\n<p>Ljubljana, 2000<\/p>\n<p>Ob razstavi, ki bo obiskala ve\u010dino slovenskih fran\u010di\u0161kanskih samostanov, je iz\u0161la tudi monografska predstavitev upodobitev sv. Fran\u010di\u0161ka Asi\u0161kega po samostanih Slovenske fran\u010di\u0161kanske province sv. Kri\u017ea. Poleg predstavitve vseh ohranjenih upodobitev, od najstarej\u0161ih do tistih izpred nekaj let, avtorica obdela tudi njihovo tipologijo. \u0160tudija je opremljena z ve\u010d kot 120 izvrstnimi fotografijami Marjana Smrketa, ki nekako podajajo slovensko obli\u010dje sv. Fran\u010di\u0161ka.<\/p>\n<p>Format: 30&#215;22 cm, 188 str.<\/p>\n<p>ISBN 961-6326-11-2<\/p>\n","protected":false},"excerpt":{"rendered":"<p>Marija Se\u010dnik, Marjan Smerke Ljubljana, 2000 Ob razstavi, ki bo obiskala ve\u010dino slovenskih fran\u010di\u0161kanskih samostanov, je iz\u0161la tudi monografska predstavitev upodobitev sv. Fran\u010di\u0161ka Asi\u0161kega po samostanih Slovenske fran\u010di\u0161kanske province sv. Kri\u017ea. Poleg predstavitve vseh ohranjenih upodobitev, od najstarej\u0161ih do tistih izpred nekaj let, avtorica obdela tudi njihovo tipologijo. \u0160tudija je opremljena z ve\u010d kot 120 [&hellip;]<\/p>\n","protected":false},"featured_media":347,"comment_status":"open","ping_status":"closed","template":"","meta":[],"product_brand":[],"product_cat":[36],"product_tag":[98,99],"class_list":{"0":"post-346","1":"product","2":"type-product","3":"status-publish","4":"has-post-thumbnail","6":"product_cat-zunaj-zbirk","7":"product_tag-marija-secnik","8":"product_tag-marjan-smerke","10":"first","11":"instock","12":"taxable","13":"shipping-taxable","14":"purchasable","15":"product-type-simple"},"_links":{"self":[{"href":"https:\/\/www.franciskani.si\/zbf\/wp-json\/wp\/v2\/product\/346","targetHints":{"allow":["GET"]}}],"collection":[{"href":"https:\/\/www.franciskani.si\/zbf\/wp-json\/wp\/v2\/product"}],"about":[{"href":"https:\/\/www.franciskani.si\/zbf\/wp-json\/wp\/v2\/types\/product"}],"replies":[{"embeddable":true,"href":"https:\/\/www.franciskani.si\/zbf\/wp-json\/wp\/v2\/comments?post=346"}],"wp:featuredmedia":[{"embeddable":true,"href":"https:\/\/www.franciskani.si\/zbf\/wp-json\/wp\/v2\/media\/347"}],"wp:attachment":[{"href":"https:\/\/www.franciskani.si\/zbf\/wp-json\/wp\/v2\/media?parent=346"}],"wp:term":[{"taxonomy":"product_brand","embeddable":true,"href":"https:\/\/www.franciskani.si\/zbf\/wp-json\/wp\/v2\/product_brand?post=346"},{"taxonomy":"product_cat","embeddable":true,"href":"https:\/\/www.franciskani.si\/zbf\/wp-json\/wp\/v2\/product_cat?post=346"},{"taxonomy":"product_tag","embeddable":true,"href":"https:\/\/www.franciskani.si\/zbf\/wp-json\/wp\/v2\/product_tag?post=346"}],"curies":[{"name":"wp","href":"https:\/\/api.w.org\/{rel}","templated":true}]}}