{"id":348,"date":"2017-08-20T15:22:36","date_gmt":"2017-08-20T13:22:36","guid":{"rendered":"http:\/\/www.franciskani.si\/zbf\/?post_type=product&#038;p=348"},"modified":"2017-08-20T15:22:36","modified_gmt":"2017-08-20T13:22:36","slug":"gospod-naj-ti-da-mir","status":"publish","type":"product","link":"https:\/\/www.franciskani.si\/zbf\/izdelek\/gospod-naj-ti-da-mir\/","title":{"rendered":"Gospod naj ti da mir"},"content":{"rendered":"<p><strong>Fran\u010di\u0161ek Asi\u0161ki<\/strong><\/p>\n<p><em>izbral in uredil br. Miran \u0160peli\u010d<\/em><\/p>\n<p>V sodelovanju z zalo\u017ebo Novi svet v zbirki 100 strani<\/p>\n<p>V knjigi je zbranih 100 kratkih razmi\u0161ljanj in molitev svetega Fran\u010di\u0161ka Asi\u0161kega.<\/p>\n<p>Fran\u010di\u0161ek Asi\u0161ki je zganil svet s svojim sporo\u010dilom o miru, ki ga je \u010drpal edinole iz svojega odnosa z Gospodom, u\u010dlove\u010denim in navzo\u010dim v evharistiji. V dobi kri\u017earskih vojn in rivalstva med italijanskimi mesti je pokazal na vrednoto soglasja in dialoga in s tem postal glasnik velikega Kralja, ki vlada brez smrtonosnega oro\u017eja.<\/p>\n<p>Fran\u010di\u0161kove besede so \u0161e vedno zelo dragocene, saj tudi dana\u0161nji \u010das zaznamujejo spori in vojne, majhne in velike, doma\u010de in mednarodne.<\/p>\n<p>ISBN: 9789616338493<\/p>\n<p>Format: 112 str., trda vezava<\/p>\n","protected":false},"excerpt":{"rendered":"<p>Fran\u010di\u0161ek Asi\u0161ki izbral in uredil br. Miran \u0160peli\u010d V sodelovanju z zalo\u017ebo Novi svet v zbirki 100 strani V knjigi je zbranih 100 kratkih razmi\u0161ljanj in molitev svetega Fran\u010di\u0161ka Asi\u0161kega. Fran\u010di\u0161ek Asi\u0161ki je zganil svet s svojim sporo\u010dilom o miru, ki ga je \u010drpal edinole iz svojega odnosa z Gospodom, u\u010dlove\u010denim in navzo\u010dim v evharistiji. [&hellip;]<\/p>\n","protected":false},"featured_media":349,"comment_status":"open","ping_status":"closed","template":"","meta":[],"product_brand":[],"product_cat":[36],"product_tag":[100],"class_list":{"0":"post-348","1":"product","2":"type-product","3":"status-publish","4":"has-post-thumbnail","6":"product_cat-zunaj-zbirk","7":"product_tag-miran-spelic-ofm","9":"first","10":"instock","11":"taxable","12":"shipping-taxable","13":"purchasable","14":"product-type-simple"},"_links":{"self":[{"href":"https:\/\/www.franciskani.si\/zbf\/wp-json\/wp\/v2\/product\/348","targetHints":{"allow":["GET"]}}],"collection":[{"href":"https:\/\/www.franciskani.si\/zbf\/wp-json\/wp\/v2\/product"}],"about":[{"href":"https:\/\/www.franciskani.si\/zbf\/wp-json\/wp\/v2\/types\/product"}],"replies":[{"embeddable":true,"href":"https:\/\/www.franciskani.si\/zbf\/wp-json\/wp\/v2\/comments?post=348"}],"wp:featuredmedia":[{"embeddable":true,"href":"https:\/\/www.franciskani.si\/zbf\/wp-json\/wp\/v2\/media\/349"}],"wp:attachment":[{"href":"https:\/\/www.franciskani.si\/zbf\/wp-json\/wp\/v2\/media?parent=348"}],"wp:term":[{"taxonomy":"product_brand","embeddable":true,"href":"https:\/\/www.franciskani.si\/zbf\/wp-json\/wp\/v2\/product_brand?post=348"},{"taxonomy":"product_cat","embeddable":true,"href":"https:\/\/www.franciskani.si\/zbf\/wp-json\/wp\/v2\/product_cat?post=348"},{"taxonomy":"product_tag","embeddable":true,"href":"https:\/\/www.franciskani.si\/zbf\/wp-json\/wp\/v2\/product_tag?post=348"}],"curies":[{"name":"wp","href":"https:\/\/api.w.org\/{rel}","templated":true}]}}