{"id":352,"date":"2017-08-20T15:26:02","date_gmt":"2017-08-20T13:26:02","guid":{"rendered":"http:\/\/www.franciskani.si\/zbf\/?post_type=product&#038;p=352"},"modified":"2024-03-01T08:26:28","modified_gmt":"2024-03-01T07:26:28","slug":"kratka-zgodovina-vitanja-in-zupnije","status":"publish","type":"product","link":"https:\/\/www.franciskani.si\/zbf\/izdelek\/kratka-zgodovina-vitanja-in-zupnije\/","title":{"rendered":"Kratka zgodovina Vitanja in \u017eupnije"},"content":{"rendered":"<p><strong>RAZPRODANA<\/strong><\/p>\n<p><strong>Zdravko (Vincenc) Jakop OFM<\/strong><\/p>\n<p>Ljubljana-Vitanje, 2000<\/p>\n<p>Marsikateri slovenski kraj se lahko pohvali z bogato zgodovino, \u010deprav ga je razvoj zadnjih desetletij ob\u0161el, tudi zato, ker je \u017eeleznica izbrala drugo traso od nekdanjih furmanskih poti. Starodavno Vitanje pa je bilo obdano z gradovi; ko je pri\u0161el bujni barok, Vitanj\u010dani cerkve niso barokizirali, ampak zgradili na vzpetinici kar novo, ki pa jo rabijo samo poleti. Tudi \u0161olstvo je bilo v tem trgu \u017ee zgodaj dobro razvito; manjkal ni niti sodni dvor. Tu je kaplanoval pesnik Anton A\u0161kerc. Vse to in \u0161e kaj drugega je o svojem rojstnem kraju s tremu Jakobovimi \u0161koljkami v grbu izbrskal zgodovinar amater in ponudil kot temelj za poglobljeno monografsko \u0161tudijo.<\/p>\n<p>Format: 106 str, 21 cm, bro\u0161irano, z barvnimi fotografijami.<\/p>\n<p>Knjiga je iz\u0161la ob podpori ob\u010dine Vitanje.<\/p>\n<p>ISBN 961-6326-09-0<\/p>\n<p>&nbsp;<\/p>\n<p><strong>RAZPRODANA<\/strong><\/p>\n","protected":false},"excerpt":{"rendered":"<p><strong>RAZPRODANA<br \/>\nRAZPRODANA<br \/>\nRAZPRODANA<\/strong><\/p>\n","protected":false},"featured_media":353,"comment_status":"open","ping_status":"closed","template":"","meta":[],"product_brand":[],"product_cat":[36],"product_tag":[53],"class_list":{"0":"post-352","1":"product","2":"type-product","3":"status-publish","4":"has-post-thumbnail","6":"product_cat-zunaj-zbirk","7":"product_tag-zdravko-jakop-ofm","9":"first","10":"outofstock","11":"taxable","12":"shipping-taxable","13":"purchasable","14":"product-type-simple"},"_links":{"self":[{"href":"https:\/\/www.franciskani.si\/zbf\/wp-json\/wp\/v2\/product\/352","targetHints":{"allow":["GET"]}}],"collection":[{"href":"https:\/\/www.franciskani.si\/zbf\/wp-json\/wp\/v2\/product"}],"about":[{"href":"https:\/\/www.franciskani.si\/zbf\/wp-json\/wp\/v2\/types\/product"}],"replies":[{"embeddable":true,"href":"https:\/\/www.franciskani.si\/zbf\/wp-json\/wp\/v2\/comments?post=352"}],"wp:featuredmedia":[{"embeddable":true,"href":"https:\/\/www.franciskani.si\/zbf\/wp-json\/wp\/v2\/media\/353"}],"wp:attachment":[{"href":"https:\/\/www.franciskani.si\/zbf\/wp-json\/wp\/v2\/media?parent=352"}],"wp:term":[{"taxonomy":"product_brand","embeddable":true,"href":"https:\/\/www.franciskani.si\/zbf\/wp-json\/wp\/v2\/product_brand?post=352"},{"taxonomy":"product_cat","embeddable":true,"href":"https:\/\/www.franciskani.si\/zbf\/wp-json\/wp\/v2\/product_cat?post=352"},{"taxonomy":"product_tag","embeddable":true,"href":"https:\/\/www.franciskani.si\/zbf\/wp-json\/wp\/v2\/product_tag?post=352"}],"curies":[{"name":"wp","href":"https:\/\/api.w.org\/{rel}","templated":true}]}}