{"id":354,"date":"2017-08-20T15:27:16","date_gmt":"2017-08-20T13:27:16","guid":{"rendered":"http:\/\/www.franciskani.si\/zbf\/?post_type=product&#038;p=354"},"modified":"2017-08-20T15:27:16","modified_gmt":"2017-08-20T13:27:16","slug":"marija-pomagaj-je-tvoje-ime","status":"publish","type":"product","link":"https:\/\/www.franciskani.si\/zbf\/izdelek\/marija-pomagaj-je-tvoje-ime\/","title":{"rendered":"Marija Pomagaj je tvoje ime"},"content":{"rendered":"<p><strong>Berta Golob<\/strong><\/p>\n<p><em>\u0160marnice za leto 2007<\/em><\/p>\n<p>Ljubljana, 2007<\/p>\n<p>Ob stoletnici kronanja milostne podobe Marije Pomagaj je v njeni sose\u0161\u010dini nastalo 31 zgodb, ki nas popeljejo v daljno in bli\u017enjo zgodovino brezjanskega sveti\u0161\u010da. \u0160kofje so jih izbrali za leto\u0161nje \u0161marni\u010dno branje. Pri\u010devanja izpred sto let in iz nedavnega \u010dasa spodbujajo pri bralcu vero in zaupanje, saj spregovorijo o tem, kako je bila Bo\u017eja Mati vselej blizu svojim otrokom, pa naj so bile stiske osebnih ali pa narodnih in svetovnih razse\u017enosti. Knji\u017eico zaklju\u010duje nekaj molitev, lavretanske litanije z odpevi in tri notografirane pesmi v \u010dast brezjanski kraljici.<\/p>\n<p>Format: 15 x 19,5 cm, bro\u0161irano;<\/p>\n<p>Obseg: 112 str.<\/p>\n<p>ISBN 978-961-6326-53-7<\/p>\n","protected":false},"excerpt":{"rendered":"<p>Berta Golob \u0160marnice za leto 2007 Ljubljana, 2007 Ob stoletnici kronanja milostne podobe Marije Pomagaj je v njeni sose\u0161\u010dini nastalo 31 zgodb, ki nas popeljejo v daljno in bli\u017enjo zgodovino brezjanskega sveti\u0161\u010da. \u0160kofje so jih izbrali za leto\u0161nje \u0161marni\u010dno branje. Pri\u010devanja izpred sto let in iz nedavnega \u010dasa spodbujajo pri bralcu vero in zaupanje, saj [&hellip;]<\/p>\n","protected":false},"featured_media":355,"comment_status":"open","ping_status":"closed","template":"","meta":[],"product_brand":[],"product_cat":[36],"product_tag":[102],"class_list":{"0":"post-354","1":"product","2":"type-product","3":"status-publish","4":"has-post-thumbnail","6":"product_cat-zunaj-zbirk","7":"product_tag-berta-golob","9":"first","10":"instock","11":"taxable","12":"shipping-taxable","13":"purchasable","14":"product-type-simple"},"_links":{"self":[{"href":"https:\/\/www.franciskani.si\/zbf\/wp-json\/wp\/v2\/product\/354","targetHints":{"allow":["GET"]}}],"collection":[{"href":"https:\/\/www.franciskani.si\/zbf\/wp-json\/wp\/v2\/product"}],"about":[{"href":"https:\/\/www.franciskani.si\/zbf\/wp-json\/wp\/v2\/types\/product"}],"replies":[{"embeddable":true,"href":"https:\/\/www.franciskani.si\/zbf\/wp-json\/wp\/v2\/comments?post=354"}],"wp:featuredmedia":[{"embeddable":true,"href":"https:\/\/www.franciskani.si\/zbf\/wp-json\/wp\/v2\/media\/355"}],"wp:attachment":[{"href":"https:\/\/www.franciskani.si\/zbf\/wp-json\/wp\/v2\/media?parent=354"}],"wp:term":[{"taxonomy":"product_brand","embeddable":true,"href":"https:\/\/www.franciskani.si\/zbf\/wp-json\/wp\/v2\/product_brand?post=354"},{"taxonomy":"product_cat","embeddable":true,"href":"https:\/\/www.franciskani.si\/zbf\/wp-json\/wp\/v2\/product_cat?post=354"},{"taxonomy":"product_tag","embeddable":true,"href":"https:\/\/www.franciskani.si\/zbf\/wp-json\/wp\/v2\/product_tag?post=354"}],"curies":[{"name":"wp","href":"https:\/\/api.w.org\/{rel}","templated":true}]}}